{"id":5567,"date":"2016-11-09T09:11:58","date_gmt":"2016-11-09T09:11:58","guid":{"rendered":"http:\/\/qrjlkwq.cluster030.hosting.ovh.net\/fr\/galeria\/trabajos-excepcionales-2\/"},"modified":"2016-11-17T15:49:25","modified_gmt":"2016-11-17T15:49:25","slug":"trabajos-excepcionales-2","status":"publish","type":"page","link":"https:\/\/webtest.dancas2479.com\/fr\/galeria\/trabajos-excepcionales-2\/","title":{"rendered":"Travaux exceptionnels"},"content":{"rendered":"[vc_row][vc_column width=\"1\/2\"][vc_cta h2=\"\" txt_align=\"center\" style=\"custom\" add_button=\"bottom\" btn_title=\"Llegir mes\" btn_color=\"warning\" btn_align=\"center\" btn_link=\"url:http%3A%2F%2Fqrjlkwq.cluster030.hosting.ovh.net%2Ffr%2Fgaleria%2Ftrabajos-excepcionales-2%2Faltar-mayor-cadaques%2F|||\" btn_custom_onclick=\"true\" custom_background=\"rgba(0,0,0,0.01)\"]\n<h3><img fetchpriority=\"high\" decoding=\"async\" class=\"aligncenter size-medium wp-image-2389\" src=\"http:\/\/qrjlkwq.cluster030.hosting.ovh.net\/wp-content\/uploads\/2016\/04\/1-cadaques-llibre-1-256x300.jpg\" alt=\"1-cadaques-llibre-1\" width=\"256\" height=\"300\" srcset=\"https:\/\/webtest.dancas2479.com\/wp-content\/uploads\/2016\/04\/1-cadaques-llibre-1-256x300.jpg 256w, https:\/\/webtest.dancas2479.com\/wp-content\/uploads\/2016\/04\/1-cadaques-llibre-1-768x900.jpg 768w, https:\/\/webtest.dancas2479.com\/wp-content\/uploads\/2016\/04\/1-cadaques-llibre-1.jpg 800w\" sizes=\"(max-width: 256px) 100vw, 256px\" \/>LIVRE DU GRAND AUTEL DE CADAQUES<\/h3>\n<p style=\"text-align: justify;\">Pour ce qui est de l\u2019art religieux, nous avons ici un bel exemple dans l\u2019\u00e9glise baroque de Cadaqu\u00e9s, consid\u00e9r\u00e9e comme l\u2019une des plus importante de Catalogne vu son grand autel et les autels lat\u00e9raux.<\/p>\n<p style=\"text-align: justify;\">Dans le grand autel il y a trois sculptures d\u2019anges de Josep M\u00aa Mart\u00ed, r\u00e9alis\u00e9es dans les ann\u00e9es 90 \u00e0 ses d\u00e9buts, suite \u00e0 une commande du religieux Xavier Ferrer.<\/p>\n[\/vc_cta][\/vc_column][vc_column width=\"1\/2\"][vc_cta h2=\"\" txt_align=\"center\" style=\"custom\" add_button=\"bottom\" btn_title=\"Llegir mes\" btn_color=\"warning\" btn_align=\"center\" custom_background=\"rgba(0,0,0,0.01)\" btn_link=\"url:http%3A%2F%2Fqrjlkwq.cluster030.hosting.ovh.net%2Ffr%2Fgaleria%2Ftrabajos-excepcionales-2%2Fconsolas-renacimiento%2F|||\"]\n<h3 style=\"text-align: center;\"><img decoding=\"async\" class=\"aligncenter size-medium wp-image-5787\" src=\"http:\/\/qrjlkwq.cluster030.hosting.ovh.net\/wp-content\/uploads\/2016\/11\/Ar-Antic-Consoles21-300x197.jpg\" alt=\"ar-antic-consoles21\" width=\"300\" height=\"197\" srcset=\"https:\/\/webtest.dancas2479.com\/wp-content\/uploads\/2016\/11\/Ar-Antic-Consoles21-300x197.jpg 300w, https:\/\/webtest.dancas2479.com\/wp-content\/uploads\/2016\/11\/Ar-Antic-Consoles21.jpg 500w\" sizes=\"(max-width: 300px) 100vw, 300px\" \/>Consoles Renaissance italienne<\/h3>\n<p style=\"text-align: center;\">Les deux consoles sont en bois sculpt\u00e9, un dor\u00e9 \u00e0 l'or et l'autre feuille d'argent (symbole du masculin et f\u00e9minin). expressive sculpture exceptionnelle quatre dragons bouche expulsant les flammes et les fleurs vers la partie centrale o\u00f9 le phoenix (oiseau mythologique qui rena\u00eet de ses cendres) est. La base sont quatre dauphins (symbole de la divinit\u00e9 de la mer). L'enveloppe est un marbre polychrome style sicilien faux.<\/p>\n[\/vc_cta][\/vc_column][\/vc_row]\n","protected":false},"excerpt":{"rendered":"[vc_row][vc_column width=\"1\/2\"][vc_cta h2=\"\" txt_align=\"center\" style=\"custom\" add_button=\"bottom\" btn_title=\"Llegir mes\" btn_color=\"warning\" btn_align=\"center\" btn_link=\"url:http%3A%2F%2Fqrjlkwq.cluster030.hosting.ovh.net%2Ffr%2Fgaleria%2Ftrabajos-excepcionales-2%2Faltar-mayor-cadaques%2F|||\" btn_custom_onclick=\"true\" custom_background=\"rgba(0,0,0,0.01)\"] LIVRE DU GRAND AUTEL DE CADAQUES Pour ce qui est de l\u2019art religieux, nous avons ici un bel exemple dans l\u2019\u00e9glise baroque de Cadaqu\u00e9s, consid\u00e9r\u00e9e comme l\u2019une des plus importante de Catalogne vu son grand autel et les autels lat\u00e9raux. Dans le grand autel il y a&nbsp;<a href=\"https:\/\/webtest.dancas2479.com\/fr\/galeria\/trabajos-excepcionales-2\/\" class=\"read-more\">Lire la suite<\/a>","protected":false},"author":2,"featured_media":0,"parent":5394,"menu_order":0,"comment_status":"closed","ping_status":"closed","template":"page-fullwidth.php","meta":{"footnotes":""},"class_list":["post-5567","page","type-page","status-publish","hentry"],"_links":{"self":[{"href":"https:\/\/webtest.dancas2479.com\/fr\/wp-json\/wp\/v2\/pages\/5567"}],"collection":[{"href":"https:\/\/webtest.dancas2479.com\/fr\/wp-json\/wp\/v2\/pages"}],"about":[{"href":"https:\/\/webtest.dancas2479.com\/fr\/wp-json\/wp\/v2\/types\/page"}],"author":[{"embeddable":true,"href":"https:\/\/webtest.dancas2479.com\/fr\/wp-json\/wp\/v2\/users\/2"}],"replies":[{"embeddable":true,"href":"https:\/\/webtest.dancas2479.com\/fr\/wp-json\/wp\/v2\/comments?post=5567"}],"version-history":[{"count":8,"href":"https:\/\/webtest.dancas2479.com\/fr\/wp-json\/wp\/v2\/pages\/5567\/revisions"}],"predecessor-version":[{"id":5819,"href":"https:\/\/webtest.dancas2479.com\/fr\/wp-json\/wp\/v2\/pages\/5567\/revisions\/5819"}],"up":[{"embeddable":true,"href":"https:\/\/webtest.dancas2479.com\/fr\/wp-json\/wp\/v2\/pages\/5394"}],"wp:attachment":[{"href":"https:\/\/webtest.dancas2479.com\/fr\/wp-json\/wp\/v2\/media?parent=5567"}],"curies":[{"name":"wp","href":"https:\/\/api.w.org\/{rel}","templated":true}]}}