{"id":5473,"date":"2016-11-07T16:43:15","date_gmt":"2016-11-07T16:43:15","guid":{"rendered":"http:\/\/qrjlkwq.cluster030.hosting.ovh.net\/fr\/galeria\/videos\/"},"modified":"2016-11-17T16:04:08","modified_gmt":"2016-11-17T16:04:08","slug":"videos","status":"publish","type":"page","link":"https:\/\/webtest.dancas2479.com\/fr\/galeria\/videos\/","title":{"rendered":"V\u00eddeos"},"content":{"rendered":"[vc_row][vc_column width=\"1\/4\"][vc_column_text]<a href=\"https:\/\/www.youtube.com\/channel\/UCGOm_B78O2K9EZKI8tNA0UA\" target=\"_blank\"><img decoding=\"async\" class=\"aligncenter size-full wp-image-5224\" src=\"http:\/\/qrjlkwq.cluster030.hosting.ovh.net\/wp-content\/uploads\/2016\/11\/1-youtube.png\" alt=\"1-youtube\" width=\"88\" height=\"90\" \/><\/a>[\/vc_column_text][\/vc_column][vc_column width=\"3\/4\"][vc_column_text]Dans le canal YouTube, vous pouvez regarder des vid\u00e9os sur une partie du travail effectu\u00e9.<\/p>\n<p>Puis-je laisser un \u00e9chantillon:[\/vc_column_text][\/vc_column][\/vc_row][vc_row][vc_column width=\"1\/3\"][vc_video link=\"https:\/\/www.youtube.com\/watch?v=MEiurHTK9js\" el_aspect=\"43\" align=\"center\"][\/vc_column][vc_column width=\"1\/3\"][vc_video link=\"https:\/\/www.youtube.com\/watch?v=hE0kuEvPqnU\" el_aspect=\"43\" align=\"center\"][\/vc_column][vc_column width=\"1\/3\"][vc_video link=\"https:\/\/www.youtube.com\/watch?v=pUiCZj0vqqc\" el_aspect=\"43\" align=\"center\"][\/vc_column][\/vc_row]\n","protected":false},"excerpt":{"rendered":"[vc_row][vc_column width=\"1\/4\"][vc_column_text][\/vc_column_text][\/vc_column][vc_column width=\"3\/4\"][vc_column_text]Dans le canal YouTube, vous pouvez regarder des vid\u00e9os sur une partie du travail effectu\u00e9. Puis-je laisser un \u00e9chantillon:[\/vc_column_text][\/vc_column][\/vc_row][vc_row][vc_column width=\"1\/3\"][vc_video link=\"https:\/\/www.youtube.com\/watch?v=MEiurHTK9js\" el_aspect=\"43\" align=\"center\"][\/vc_column][vc_column width=\"1\/3\"][vc_video link=\"https:\/\/www.youtube.com\/watch?v=hE0kuEvPqnU\" el_aspect=\"43\" align=\"center\"][\/vc_column][vc_column width=\"1\/3\"][vc_video link=\"https:\/\/www.youtube.com\/watch?v=pUiCZj0vqqc\" el_aspect=\"43\" align=\"center\"][\/vc_column][\/vc_row]","protected":false},"author":2,"featured_media":0,"parent":5394,"menu_order":0,"comment_status":"closed","ping_status":"closed","template":"page-fullwidth.php","meta":{"footnotes":""},"class_list":["post-5473","page","type-page","status-publish","hentry"],"_links":{"self":[{"href":"https:\/\/webtest.dancas2479.com\/fr\/wp-json\/wp\/v2\/pages\/5473"}],"collection":[{"href":"https:\/\/webtest.dancas2479.com\/fr\/wp-json\/wp\/v2\/pages"}],"about":[{"href":"https:\/\/webtest.dancas2479.com\/fr\/wp-json\/wp\/v2\/types\/page"}],"author":[{"embeddable":true,"href":"https:\/\/webtest.dancas2479.com\/fr\/wp-json\/wp\/v2\/users\/2"}],"replies":[{"embeddable":true,"href":"https:\/\/webtest.dancas2479.com\/fr\/wp-json\/wp\/v2\/comments?post=5473"}],"version-history":[{"count":2,"href":"https:\/\/webtest.dancas2479.com\/fr\/wp-json\/wp\/v2\/pages\/5473\/revisions"}],"predecessor-version":[{"id":5797,"href":"https:\/\/webtest.dancas2479.com\/fr\/wp-json\/wp\/v2\/pages\/5473\/revisions\/5797"}],"up":[{"embeddable":true,"href":"https:\/\/webtest.dancas2479.com\/fr\/wp-json\/wp\/v2\/pages\/5394"}],"wp:attachment":[{"href":"https:\/\/webtest.dancas2479.com\/fr\/wp-json\/wp\/v2\/media?parent=5473"}],"curies":[{"name":"wp","href":"https:\/\/api.w.org\/{rel}","templated":true}]}}