{"id":5449,"date":"2016-11-07T16:35:34","date_gmt":"2016-11-07T16:35:34","guid":{"rendered":"http:\/\/qrjlkwq.cluster030.hosting.ovh.net\/fr\/?page_id=5449"},"modified":"2016-11-17T10:27:28","modified_gmt":"2016-11-17T10:27:28","slug":"mesas","status":"publish","type":"page","link":"https:\/\/webtest.dancas2479.com\/fr\/galeria\/muebles\/mesas\/","title":{"rendered":"Tables"},"content":{"rendered":"[vc_row][vc_column][vc_column_text]Nous pouvons faire des compl\u00e9ments au go\u00fbt du client, mesure, couleur, distribution d\u2019int\u00e9rieurs, encastr\u00e9s, etc. Nous pouvons ajouter la taille, la polychromie, les dorures les finitions sp\u00e9ciales Nous faisons toujours une \u00e9tude pr\u00e9alable pour offrir le meilleur de la pi\u00e8ce.<\/p>\n<p>Nous avons un \u00e9norme \u00e9ventail de vari\u00e9t\u00e9s, rustiques, taill\u00e9s, avec d\u00e9coration. Depuis une table rustique espagnole jusqu\u2019\u00e0 une grande offre en lits baroques polychrom\u00e9s en passant par des tables de salle \u00e0 manger avec des dessus de 10 cm d\u2019\u00e9paisseur, des meubles de t\u00e9l\u00e9vision, des bancs rustiques. Ce son des pi\u00e8ces sur mesure et au go\u00fbt du client. Nous pouvons faire des cuisines rustiques, des tables de nuit, des armoires avec leur dessin d\u2019int\u00e9rieurs \u00e0 votre go\u00fbt, polychrom\u00e9es, avec taille, rustiques. Tout cela avec un dessin pr\u00e9alable pour bien pouvoir \u00e9tudier la pi\u00e8ce.<\/p>\n<p>Nous nous basons toujours sur les mod\u00e8les de l\u2019exposition, mais aussi vous pourrez nous montrer une photo ou un dessin d\u00e9j\u00e0 r\u00e9alis\u00e9s pour l\u2019\u00e9tudier. Nous pouvons aussi faire des \u00e9chantillons de finition pour y voir plus clair afin de visualiser le r\u00e9sultat final. Nous faisons toujours un dessin et un devis sans engagement de votre part.[\/vc_column_text][\/vc_column][\/vc_row][vc_row][vc_column][vc_masonry_media_grid element_width=\"2\" gap=\"10\" grid_id=\"vc_gid:1478813820818-314dfac9-cd1b-5\" include=\"4376,4377,4378,4379,4380,4381,4382,4383,4384,4385,4386,4387,4388,4389,4390,4391,4392,4393,4394,4395,4396,4397,4398,4399,4400,4401,4402,4403,4404,4405,4406,4407,4408,4409,4410,4411,4412,4413,4414,4415,4416,4417,4418,4419,4420,4421,4422,4423,4424,4425,4426,4427,4428,4429,4430,4431,4432,4433,4434,4435,4436,4437\"][\/vc_column][\/vc_row]\n","protected":false},"excerpt":{"rendered":"[vc_row][vc_column][vc_column_text]Nous pouvons faire des compl\u00e9ments au go\u00fbt du client, mesure, couleur, distribution d\u2019int\u00e9rieurs, encastr\u00e9s, etc. Nous pouvons ajouter la taille, la polychromie, les dorures les finitions sp\u00e9ciales Nous faisons toujours une \u00e9tude pr\u00e9alable pour offrir le meilleur de la pi\u00e8ce. Nous avons un \u00e9norme \u00e9ventail de vari\u00e9t\u00e9s, rustiques, taill\u00e9s, avec d\u00e9coration. Depuis une table rustique espagnole jusqu\u2019\u00e0 une grande offre&nbsp;<a href=\"https:\/\/webtest.dancas2479.com\/fr\/galeria\/muebles\/mesas\/\" class=\"read-more\">Lire la suite<\/a>","protected":false},"author":2,"featured_media":0,"parent":3468,"menu_order":0,"comment_status":"closed","ping_status":"closed","template":"page-fullwidth.php","meta":{"footnotes":""},"class_list":["post-5449","page","type-page","status-publish","hentry"],"_links":{"self":[{"href":"https:\/\/webtest.dancas2479.com\/fr\/wp-json\/wp\/v2\/pages\/5449"}],"collection":[{"href":"https:\/\/webtest.dancas2479.com\/fr\/wp-json\/wp\/v2\/pages"}],"about":[{"href":"https:\/\/webtest.dancas2479.com\/fr\/wp-json\/wp\/v2\/types\/page"}],"author":[{"embeddable":true,"href":"https:\/\/webtest.dancas2479.com\/fr\/wp-json\/wp\/v2\/users\/2"}],"replies":[{"embeddable":true,"href":"https:\/\/webtest.dancas2479.com\/fr\/wp-json\/wp\/v2\/comments?post=5449"}],"version-history":[{"count":3,"href":"https:\/\/webtest.dancas2479.com\/fr\/wp-json\/wp\/v2\/pages\/5449\/revisions"}],"predecessor-version":[{"id":5733,"href":"https:\/\/webtest.dancas2479.com\/fr\/wp-json\/wp\/v2\/pages\/5449\/revisions\/5733"}],"up":[{"embeddable":true,"href":"https:\/\/webtest.dancas2479.com\/fr\/wp-json\/wp\/v2\/pages\/3468"}],"wp:attachment":[{"href":"https:\/\/webtest.dancas2479.com\/fr\/wp-json\/wp\/v2\/media?parent=5449"}],"curies":[{"name":"wp","href":"https:\/\/api.w.org\/{rel}","templated":true}]}}