{"id":5258,"date":"2016-11-03T16:52:52","date_gmt":"2016-11-03T16:52:52","guid":{"rendered":"http:\/\/qrjlkwq.cluster030.hosting.ovh.net\/fr\/curriculum\/"},"modified":"2016-11-16T18:56:32","modified_gmt":"2016-11-16T18:56:32","slug":"curriculum","status":"publish","type":"page","link":"https:\/\/webtest.dancas2479.com\/fr\/curriculum\/","title":{"rendered":"Curriculum"},"content":{"rendered":"[vc_row][vc_column width=\"1\/4\"][vc_column_text]<a href=\"http:\/\/qrjlkwq.cluster030.hosting.ovh.net\/wp-content\/uploads\/2011\/07\/josep-m.jpg\"><img fetchpriority=\"high\" decoding=\"async\" class=\"wp-image-2151 alignleft\" src=\"http:\/\/qrjlkwq.cluster030.hosting.ovh.net\/wp-content\/uploads\/2011\/07\/josep-m-300x297.jpg\" alt=\"\" width=\"231\" height=\"229\" srcset=\"https:\/\/webtest.dancas2479.com\/wp-content\/uploads\/2011\/07\/josep-m-300x297.jpg 300w, https:\/\/webtest.dancas2479.com\/wp-content\/uploads\/2011\/07\/josep-m-150x150.jpg 150w, https:\/\/webtest.dancas2479.com\/wp-content\/uploads\/2011\/07\/josep-m-768x759.jpg 768w, https:\/\/webtest.dancas2479.com\/wp-content\/uploads\/2011\/07\/josep-m.jpg 800w\" sizes=\"(max-width: 231px) 100vw, 231px\" \/><\/a><\/p>\n[\/vc_column_text][\/vc_column][vc_column width=\"3\/4\"][vc_column_text]\n<p style=\"text-align: justify;\">Josep M\u00aa Mart\u00ed n\u00e9 le 25 juin 1974, il a eu d\u00e8s sa plus tendre enfance un grande facilit\u00e9 dans le domaine des arts plastiques, il a gagn\u00e9 de nombreux prix aussi bien au niveau local que national. Il a commenc\u00e9 \u00e0 travailler \u00e0 l\u2019\u00e2ge de 15 ans dans diff\u00e9rents ateliers artisanaux travaillant le bois, depuis la charpenterie, l\u2019\u00e9b\u00e9nisterie, la coupe, en passant par la sculpture, la d\u00e9corations et la polychromie.<\/p>\n<p style=\"text-align: justify;\">Il a absorb\u00e9 de fa\u00e7on spectaculaire toutes sortes de techniques et de secrets des anciens maitres.<\/p>\n<p style=\"text-align: justify;\">Il a cr\u00e9e son premier commerce \u00e0 l\u2019\u00e2ge de vingt ans, Art Antic d\u00e9di\u00e9 \u00e0 la d\u00e9coration exclusive d\u2019int\u00e9rieurs.<\/p>\n[\/vc_column_text][\/vc_column][\/vc_row][vc_row][vc_column][vc_column_text]\n<h1 style=\"text-align: center;\">Premiers travaux<\/h1>\n[\/vc_column_text][\/vc_column][\/vc_row][vc_row gap=\"10\" equal_height=\"yes\" content_placement=\"top\" parallax=\"content-moving\" parallax_image=\"5126\"][vc_column width=\"1\/4\" css=\".vc_custom_1478192005942{background-color: #ddb16e !important;}\"][vc_column_text css=\".vc_custom_1478191804691{background-color: rgba(221,163,75,0.52) !important;*background-color: rgb(221,163,75) !important;}\"]\n<p style=\"text-align: center;\"><img decoding=\"async\" class=\"aligncenter wp-image-5043 size-medium\" src=\"http:\/\/qrjlkwq.cluster030.hosting.ovh.net\/wp-content\/uploads\/2012\/10\/1-espejo-barroco-300x262.jpg\" alt=\"1-espejo-barroco\" width=\"300\" height=\"262\" srcset=\"https:\/\/webtest.dancas2479.com\/wp-content\/uploads\/2012\/10\/1-espejo-barroco-300x262.jpg 300w, https:\/\/webtest.dancas2479.com\/wp-content\/uploads\/2012\/10\/1-espejo-barroco-768x671.jpg 768w, https:\/\/webtest.dancas2479.com\/wp-content\/uploads\/2012\/10\/1-espejo-barroco-1024x895.jpg 1024w\" sizes=\"(max-width: 300px) 100vw, 300px\" \/><\/p>\n[\/vc_column_text][vc_column_text]\n<p style=\"text-align: center;\">Miroir de style baroque, inspir\u00e9. une seule pi\u00e8ce. Dimensions: 2,5m x 1,80m. Fabriqu\u00e9 \u00e0 16<\/p>\n[\/vc_column_text][\/vc_column][vc_column width=\"1\/4\" css=\".vc_custom_1478192016150{background-color: #ddb16e !important;}\"][vc_column_text]<img decoding=\"async\" class=\"aligncenter wp-image-2175 size-medium\" src=\"http:\/\/qrjlkwq.cluster030.hosting.ovh.net\/wp-content\/uploads\/2011\/07\/2-consola-barroca-162x300.jpg\" alt=\"2--consola-barroca\" width=\"162\" height=\"300\" srcset=\"https:\/\/webtest.dancas2479.com\/wp-content\/uploads\/2011\/07\/2-consola-barroca-162x300.jpg 162w, https:\/\/webtest.dancas2479.com\/wp-content\/uploads\/2011\/07\/2-consola-barroca-768x1422.jpg 768w, https:\/\/webtest.dancas2479.com\/wp-content\/uploads\/2011\/07\/2-consola-barroca-553x1024.jpg 553w, https:\/\/webtest.dancas2479.com\/wp-content\/uploads\/2011\/07\/2-consola-barroca.jpg 900w\" sizes=\"(max-width: 162px) 100vw, 162px\" \/>[\/vc_column_text][vc_column_text]\n<p style=\"text-align: center;\">Console baroque avec miroir fait \u00e0 15 ans. Une seule pi\u00e8ce.<\/p>\n[\/vc_column_text][\/vc_column][vc_column width=\"1\/4\" css=\".vc_custom_1478192025974{background-color: #ddb16e !important;}\"][vc_column_text]<img loading=\"lazy\" decoding=\"async\" class=\"aligncenter wp-image-2176 size-medium\" src=\"http:\/\/qrjlkwq.cluster030.hosting.ovh.net\/wp-content\/uploads\/2011\/07\/3-marco-divina-pastora-231x300.jpg\" alt=\"3--marco-divina-pastora\" width=\"231\" height=\"300\" srcset=\"https:\/\/webtest.dancas2479.com\/wp-content\/uploads\/2011\/07\/3-marco-divina-pastora-231x300.jpg 231w, https:\/\/webtest.dancas2479.com\/wp-content\/uploads\/2011\/07\/3-marco-divina-pastora-768x996.jpg 768w, https:\/\/webtest.dancas2479.com\/wp-content\/uploads\/2011\/07\/3-marco-divina-pastora-789x1024.jpg 789w, https:\/\/webtest.dancas2479.com\/wp-content\/uploads\/2011\/07\/3-marco-divina-pastora.jpg 1856w\" sizes=\"(max-width: 231px) 100vw, 231px\" \/>[\/vc_column_text][vc_column_text]\n<p style=\"text-align: center;\">Cadre de la verg\u00e8re divine pour l'\u00e9glise de Cadaqu\u00e9s. \u00c2ge, 19 ans.<\/p>\n[\/vc_column_text][\/vc_column][vc_column width=\"1\/4\" css=\".vc_custom_1478192037502{background-color: #ddb16e !important;}\"][vc_column_text]\n<p><a href=\"http:\/\/qrjlkwq.cluster030.hosting.ovh.net\/wp-content\/uploads\/2011\/07\/4-coronacion-virgen.jpg\" rel=\"attachment wp-att-2177\"><img loading=\"lazy\" decoding=\"async\" class=\"aligncenter size-medium wp-image-2177\" src=\"http:\/\/qrjlkwq.cluster030.hosting.ovh.net\/wp-content\/uploads\/2011\/07\/4-coronacion-virgen-300x281.jpg\" alt=\"4--coronacion-virgen\" width=\"300\" height=\"281\" srcset=\"https:\/\/webtest.dancas2479.com\/wp-content\/uploads\/2011\/07\/4-coronacion-virgen-300x281.jpg 300w, https:\/\/webtest.dancas2479.com\/wp-content\/uploads\/2011\/07\/4-coronacion-virgen-768x719.jpg 768w, https:\/\/webtest.dancas2479.com\/wp-content\/uploads\/2011\/07\/4-coronacion-virgen-1024x958.jpg 1024w\" sizes=\"(max-width: 300px) 100vw, 300px\" \/><\/a><\/p>\n[\/vc_column_text][vc_column_text]\n<p style=\"text-align: center;\">Couronnement de la Vierge Marie, Josep M. avec sa m\u00e8re, l'\u00e2ge de 20 ans.<\/p>\n[\/vc_column_text][\/vc_column][\/vc_row][vc_row][vc_column][vc_separator color=\"white\" style=\"shadow\" border_width=\"3\"][\/vc_column][\/vc_row][vc_row][vc_column][vc_column_text]\n<h1 style=\"text-align: center;\">Atelier<\/h1>\n[\/vc_column_text][\/vc_column][\/vc_row][vc_row][vc_column][vc_masonry_media_grid element_width=\"2\" gap=\"10\" initial_loading_animation=\"fadeIn\" grid_id=\"vc_gid:1478252910392-3c323a1e-cec9-5\" include=\"5135,5136,5137,5138,5139,5140,5141,5142,5143,5144,5145,5146,5147,5148,5149,5150,5151,5152,5153,5154,5155,5156\"][\/vc_column][\/vc_row]\n","protected":false},"excerpt":{"rendered":"[vc_row][vc_column width=\"1\/4\"][vc_column_text] [\/vc_column_text][\/vc_column][vc_column width=\"3\/4\"][vc_column_text] Josep M\u00aa Mart\u00ed n\u00e9 le 25 juin 1974, il a eu d\u00e8s sa plus tendre enfance un grande facilit\u00e9 dans le domaine des arts plastiques, il a gagn\u00e9 de nombreux prix aussi bien au niveau local que national. Il a commenc\u00e9 \u00e0 travailler \u00e0 l\u2019\u00e2ge de 15 ans dans diff\u00e9rents ateliers artisanaux travaillant le bois, depuis&nbsp;<a href=\"https:\/\/webtest.dancas2479.com\/fr\/curriculum\/\" class=\"read-more\">Lire la suite<\/a>","protected":false},"author":2,"featured_media":0,"parent":0,"menu_order":0,"comment_status":"closed","ping_status":"closed","template":"page-fullwidth.php","meta":{"footnotes":""},"class_list":["post-5258","page","type-page","status-publish","hentry"],"_links":{"self":[{"href":"https:\/\/webtest.dancas2479.com\/fr\/wp-json\/wp\/v2\/pages\/5258"}],"collection":[{"href":"https:\/\/webtest.dancas2479.com\/fr\/wp-json\/wp\/v2\/pages"}],"about":[{"href":"https:\/\/webtest.dancas2479.com\/fr\/wp-json\/wp\/v2\/types\/page"}],"author":[{"embeddable":true,"href":"https:\/\/webtest.dancas2479.com\/fr\/wp-json\/wp\/v2\/users\/2"}],"replies":[{"embeddable":true,"href":"https:\/\/webtest.dancas2479.com\/fr\/wp-json\/wp\/v2\/comments?post=5258"}],"version-history":[{"count":2,"href":"https:\/\/webtest.dancas2479.com\/fr\/wp-json\/wp\/v2\/pages\/5258\/revisions"}],"predecessor-version":[{"id":5263,"href":"https:\/\/webtest.dancas2479.com\/fr\/wp-json\/wp\/v2\/pages\/5258\/revisions\/5263"}],"wp:attachment":[{"href":"https:\/\/webtest.dancas2479.com\/fr\/wp-json\/wp\/v2\/media?parent=5258"}],"curies":[{"name":"wp","href":"https:\/\/api.w.org\/{rel}","templated":true}]}}