{"id":3492,"date":"2011-08-30T11:28:22","date_gmt":"2011-08-30T11:28:22","guid":{"rendered":"http:\/\/qrjlkwq.cluster030.hosting.ovh.net\/fr\/privacy-policy\/"},"modified":"2016-11-10T21:46:37","modified_gmt":"2016-11-10T21:46:37","slug":"privacy-policy","status":"publish","type":"page","link":"https:\/\/webtest.dancas2479.com\/fr\/privacy-policy\/","title":{"rendered":"Avis l\u00e9gal"},"content":{"rendered":"<div class=\"row \">\n<div class=\"span12 \"><p>&nbsp;<\/p>\n<p>Tous les \u00e9l\u00e9ments qui font partie de cette page web, images et vid\u00e9os des \u0153uvres sont la propri\u00e9t\u00e9 d\u2019Art Antic et sont prot\u00e9g\u00e9s par le r\u00e8glement concernant la propri\u00e9t\u00e9 intellectuelle et industrielle.<\/p>\n<p>&nbsp;<\/p>\n<p>En aucun cas pourront \u00eatre r\u00e9alis\u00e9es des reproductions, modifications ou distributions de la page web ou de l\u2019un de ses \u00e9l\u00e9ments sans le consentement pr\u00e9alable \u00e9crit d\u2019Art Antic.<\/p>\n<p>&nbsp;<\/p>\n<p>Les usagers de cette page web pourront uniquement faire un usage priv\u00e9 et personnel des contenus de ce site. Il est absolument interdit d\u2019utiliser cette page web ou certains de ses contenus \u00e0 des fins commerciales ou illicites.<\/p>\n<p>Art Antic se r\u00e9serve le droit de porter devant la justice au niveau p\u00e9nal ou civil les infractions envers ses droits.<\/p><\/div>\n<\/div><!-- .row (end) -->\n","protected":false},"excerpt":{"rendered":"&nbsp; Tous les \u00e9l\u00e9ments qui font partie de cette page web, images et vid\u00e9os des \u0153uvres sont la propri\u00e9t\u00e9 d\u2019Art Antic et sont prot\u00e9g\u00e9s par le r\u00e8glement concernant la propri\u00e9t\u00e9 intellectuelle et industrielle. &nbsp; En aucun cas pourront \u00eatre r\u00e9alis\u00e9es des reproductions, modifications ou distributions de la page web ou de l\u2019un de ses \u00e9l\u00e9ments sans le consentement pr\u00e9alable \u00e9crit&nbsp;<a href=\"https:\/\/webtest.dancas2479.com\/fr\/privacy-policy\/\" class=\"read-more\">Lire la suite<\/a>","protected":false},"author":2,"featured_media":0,"parent":0,"menu_order":10,"comment_status":"open","ping_status":"open","template":"page-fullwidth.php","meta":{"footnotes":""},"class_list":["post-3492","page","type-page","status-publish","hentry"],"_links":{"self":[{"href":"https:\/\/webtest.dancas2479.com\/fr\/wp-json\/wp\/v2\/pages\/3492"}],"collection":[{"href":"https:\/\/webtest.dancas2479.com\/fr\/wp-json\/wp\/v2\/pages"}],"about":[{"href":"https:\/\/webtest.dancas2479.com\/fr\/wp-json\/wp\/v2\/types\/page"}],"author":[{"embeddable":true,"href":"https:\/\/webtest.dancas2479.com\/fr\/wp-json\/wp\/v2\/users\/2"}],"replies":[{"embeddable":true,"href":"https:\/\/webtest.dancas2479.com\/fr\/wp-json\/wp\/v2\/comments?post=3492"}],"version-history":[{"count":2,"href":"https:\/\/webtest.dancas2479.com\/fr\/wp-json\/wp\/v2\/pages\/3492\/revisions"}],"predecessor-version":[{"id":3559,"href":"https:\/\/webtest.dancas2479.com\/fr\/wp-json\/wp\/v2\/pages\/3492\/revisions\/3559"}],"wp:attachment":[{"href":"https:\/\/webtest.dancas2479.com\/fr\/wp-json\/wp\/v2\/media?parent=3492"}],"curies":[{"name":"wp","href":"https:\/\/api.w.org\/{rel}","templated":true}]}}