{"id":3483,"date":"2012-10-23T09:26:11","date_gmt":"2012-10-23T09:26:11","guid":{"rendered":"http:\/\/qrjlkwq.cluster030.hosting.ovh.net\/fr\/portfolio\/bocetos\/"},"modified":"2016-11-10T21:44:50","modified_gmt":"2016-11-10T21:44:50","slug":"bocetos","status":"publish","type":"page","link":"https:\/\/webtest.dancas2479.com\/fr\/galeria\/bocetos\/","title":{"rendered":"Croquis"},"content":{"rendered":"[vc_row][vc_column][vc_column_text]Dans cette section vous pouvez voir les croquis que nous faisons avant de faire un travail\u00a0: dessins, plans, etc. Il est toujours possible de modifier selon le go\u00fbt du client, nous pouvons nous adapter sans probl\u00e8me car ce sont des pi\u00e8ces sur mesure (portes, armoires, chaises,\u2026)[\/vc_column_text][\/vc_column][\/vc_row][vc_row][vc_column][vc_masonry_media_grid element_width=\"2\" gap=\"10\" grid_id=\"vc_gid:1478521983057-c6b6db76-9c3b-7\" include=\"2346,2345,2344,2343,2342,2341,2340,2339,2338,2337,2336,2335,2334,2333,2332,2331,2330,2329,2328,2327,2326,2325,2324,2323,2322,2321,2320,2319,2318,2317,2316,2315,2314,2313,2312,2311,2310,2309,2308,2307,2306,2305,2304,2303,2302,2301,2300,2299,2298,2297,2296,2295,2294,2293,2292,2291,2290,2289,2288,2287,2286,2285,2284,2283,2282,2281,2280,2279,2278,2277,2276,2275,2274,2273,2272,2271,2270,2269,2268,2267,2266,2265,2264,2263,2262,2261,2260,2259,2258,2257,2256,2255,2254,2253,2252,2251,2250,2249,2248,2247,2246,2245,2244,2243,2242,2241,2240,2239,2238,2237,2236,2235,2234,2233,2232,2231,2230,2229,2228,2227\"][\/vc_column][\/vc_row]\n","protected":false},"excerpt":{"rendered":"[vc_row][vc_column][vc_column_text]Dans cette section vous pouvez voir les croquis que nous faisons avant de faire un travail\u00a0: dessins, plans, etc. Il est toujours possible de modifier selon le go\u00fbt du client, nous pouvons nous adapter sans probl\u00e8me car ce sont des pi\u00e8ces sur mesure (portes, armoires, chaises,\u2026)[\/vc_column_text][\/vc_column][\/vc_row][vc_row][vc_column][vc_masonry_media_grid element_width=\"2\" gap=\"10\" grid_id=\"vc_gid:1478521983057-c6b6db76-9c3b-7\" include=\"2346,2345,2344,2343,2342,2341,2340,2339,2338,2337,2336,2335,2334,2333,2332,2331,2330,2329,2328,2327,2326,2325,2324,2323,2322,2321,2320,2319,2318,2317,2316,2315,2314,2313,2312,2311,2310,2309,2308,2307,2306,2305,2304,2303,2302,2301,2300,2299,2298,2297,2296,2295,2294,2293,2292,2291,2290,2289,2288,2287,2286,2285,2284,2283,2282,2281,2280,2279,2278,2277,2276,2275,2274,2273,2272,2271,2270,2269,2268,2267,2266,2265,2264,2263,2262,2261,2260,2259,2258,2257,2256,2255,2254,2253,2252,2251,2250,2249,2248,2247,2246,2245,2244,2243,2242,2241,2240,2239,2238,2237,2236,2235,2234,2233,2232,2231,2230,2229,2228,2227\"][\/vc_column][\/vc_row]","protected":false},"author":2,"featured_media":0,"parent":5394,"menu_order":6,"comment_status":"open","ping_status":"closed","template":"page-fullwidth.php","meta":{"footnotes":""},"class_list":["post-3483","page","type-page","status-publish","hentry"],"_links":{"self":[{"href":"https:\/\/webtest.dancas2479.com\/fr\/wp-json\/wp\/v2\/pages\/3483"}],"collection":[{"href":"https:\/\/webtest.dancas2479.com\/fr\/wp-json\/wp\/v2\/pages"}],"about":[{"href":"https:\/\/webtest.dancas2479.com\/fr\/wp-json\/wp\/v2\/types\/page"}],"author":[{"embeddable":true,"href":"https:\/\/webtest.dancas2479.com\/fr\/wp-json\/wp\/v2\/users\/2"}],"replies":[{"embeddable":true,"href":"https:\/\/webtest.dancas2479.com\/fr\/wp-json\/wp\/v2\/comments?post=3483"}],"version-history":[{"count":6,"href":"https:\/\/webtest.dancas2479.com\/fr\/wp-json\/wp\/v2\/pages\/3483\/revisions"}],"predecessor-version":[{"id":5424,"href":"https:\/\/webtest.dancas2479.com\/fr\/wp-json\/wp\/v2\/pages\/3483\/revisions\/5424"}],"up":[{"embeddable":true,"href":"https:\/\/webtest.dancas2479.com\/fr\/wp-json\/wp\/v2\/pages\/5394"}],"wp:attachment":[{"href":"https:\/\/webtest.dancas2479.com\/fr\/wp-json\/wp\/v2\/media?parent=3483"}],"curies":[{"name":"wp","href":"https:\/\/api.w.org\/{rel}","templated":true}]}}