{"id":3480,"date":"2012-10-23T09:25:54","date_gmt":"2012-10-23T09:25:54","guid":{"rendered":"http:\/\/qrjlkwq.cluster030.hosting.ovh.net\/fr\/portfolio\/espejos\/"},"modified":"2016-11-17T11:31:10","modified_gmt":"2016-11-17T11:31:10","slug":"espejos","status":"publish","type":"page","link":"https:\/\/webtest.dancas2479.com\/fr\/galeria\/espejos\/","title":{"rendered":"Miroirs"},"content":{"rendered":"[vc_row][vc_column][vc_column_text]\n<p style=\"text-align: justify;\">Pi\u00e8ces rustiques baroques, Louis XV, n\u00e9oclassiques, modernistes, nous pouvons faire ce que le client demande, aussi bien pour les mesures, le dessin et en exclusivit\u00e9. Nous dessinons le croquis, nous le pr\u00e9sentons au client et nous cr\u00e9ons la pi\u00e8ce compl\u00e8tement \u00e0 votre go\u00fbt. Nous avons beaucoup d\u2019exemples dans cette section, rustiques, baroques, taill\u00e9s, v\u00e9nitiens, corne d\u2019abondance, consoles miroir, une grande quantit\u00e9 de cadres droits et une \u00e9norme palette de couleurs, tout cela dessin\u00e9 par Josep M\u00aa.<\/p>\n<p style=\"text-align: justify;\">Dans cette section nous pouvons voir le premier miroir qui a \u00e9t\u00e9 fabriqu\u00e9 par Josep M\u00aa \u00e0 l\u2019\u00e2ge de 15 ans qui \u00e9tait une corne d\u2019abondance (miroir rococo). Il mesure 250cm de large x 200cm de haut, avec un dessin de l\u2019auteur, la taille et la finition, sans aide d\u2019aucun de ses maitres. C\u2019est une pi\u00e8ce qui a \u00e9t\u00e9 vendue \u00e0 l\u2019un des h\u00f4tels les plus importants du Sud de la France, elle est mont\u00e9e dans le salon principal de celui-ci.<\/p>\n[\/vc_column_text][vc_column_text]<strong>Ci-dessous vous pouvez voir une s\u00e9lection de photographies du travail accompli<\/strong>[\/vc_column_text][\/vc_column][\/vc_row][vc_row][vc_column][vc_masonry_media_grid element_width=\"2\" gap=\"10\" grid_id=\"vc_gid:1478865790670-c1152b69-af3f-10\" include=\"5046,5045,4900,4901,4902,4903,4904,4905,4906,5043,4907,4908,4909,4911,4912,4913,4914,4955,4915,4916,4917,4918,4919,4920,4921,4922,4923,4924,4925,4926,4927,4928,4929,4930,4931,4932,4933,4934,4935,4936,4937,4938,4939,4940,4941,4942,4943,4944,4945,4946,4947,4948,4949,4951,4952,4953,4954,4956,4958,4959,4960,4961,4962,4963,4964,4965,4966,4967,4968,4969,4970,4971,4972,4973,4974,4975,4976,4977,4978,4979,4980,4981,5044,4982,4983,4984,4985,4987,4988,4989,4990,4991,4992,4993,4994,4995,4996,4997,4998,4999,5000,5001,5002,5003,5004,5005,5006,5007,5008,5009,5010,5011,5012,5013,5014,5015,5016,5017,5019,5020,5021,5022,5023,5024,5025,5026,5027,5028,5029,5030,5031,5032,5033,5034\"][\/vc_column][\/vc_row]\n","protected":false},"excerpt":{"rendered":"[vc_row][vc_column][vc_column_text] Pi\u00e8ces rustiques baroques, Louis XV, n\u00e9oclassiques, modernistes, nous pouvons faire ce que le client demande, aussi bien pour les mesures, le dessin et en exclusivit\u00e9. Nous dessinons le croquis, nous le pr\u00e9sentons au client et nous cr\u00e9ons la pi\u00e8ce compl\u00e8tement \u00e0 votre go\u00fbt. Nous avons beaucoup d\u2019exemples dans cette section, rustiques, baroques, taill\u00e9s, v\u00e9nitiens, corne d\u2019abondance, consoles miroir, une&nbsp;<a href=\"https:\/\/webtest.dancas2479.com\/fr\/galeria\/espejos\/\" class=\"read-more\">Lire la suite<\/a>","protected":false},"author":2,"featured_media":0,"parent":5394,"menu_order":5,"comment_status":"open","ping_status":"closed","template":"page-fullwidth.php","meta":{"footnotes":""},"class_list":["post-3480","page","type-page","status-publish","hentry"],"_links":{"self":[{"href":"https:\/\/webtest.dancas2479.com\/fr\/wp-json\/wp\/v2\/pages\/3480"}],"collection":[{"href":"https:\/\/webtest.dancas2479.com\/fr\/wp-json\/wp\/v2\/pages"}],"about":[{"href":"https:\/\/webtest.dancas2479.com\/fr\/wp-json\/wp\/v2\/types\/page"}],"author":[{"embeddable":true,"href":"https:\/\/webtest.dancas2479.com\/fr\/wp-json\/wp\/v2\/users\/2"}],"replies":[{"embeddable":true,"href":"https:\/\/webtest.dancas2479.com\/fr\/wp-json\/wp\/v2\/comments?post=3480"}],"version-history":[{"count":13,"href":"https:\/\/webtest.dancas2479.com\/fr\/wp-json\/wp\/v2\/pages\/3480\/revisions"}],"predecessor-version":[{"id":5773,"href":"https:\/\/webtest.dancas2479.com\/fr\/wp-json\/wp\/v2\/pages\/3480\/revisions\/5773"}],"up":[{"embeddable":true,"href":"https:\/\/webtest.dancas2479.com\/fr\/wp-json\/wp\/v2\/pages\/5394"}],"wp:attachment":[{"href":"https:\/\/webtest.dancas2479.com\/fr\/wp-json\/wp\/v2\/media?parent=3480"}],"curies":[{"name":"wp","href":"https:\/\/api.w.org\/{rel}","templated":true}]}}