{"id":3477,"date":"2016-04-14T13:27:34","date_gmt":"2016-04-14T13:27:34","guid":{"rendered":"http:\/\/qrjlkwq.cluster030.hosting.ovh.net\/fr\/portfolio\/trabajos-excepcionales\/"},"modified":"2016-11-17T15:56:16","modified_gmt":"2016-11-17T15:56:16","slug":"altar-mayor-cadaques","status":"publish","type":"page","link":"https:\/\/webtest.dancas2479.com\/fr\/galeria\/trabajos-excepcionales-2\/altar-mayor-cadaques\/","title":{"rendered":"Grand autel de Cadaqu\u00e9s"},"content":{"rendered":"[vc_row][vc_column][vc_column_text]\n<p style=\"text-align: justify;\">LIVRE DU GRAND AUTEL DE CADAQUES<\/p>\n<p style=\"text-align: justify;\">Pour ce qui est de l\u2019art religieux, nous avons ici un bel exemple dans l\u2019\u00e9glise baroque de Cadaqu\u00e9s, consid\u00e9r\u00e9e comme l\u2019une des plus importante de Catalogne vu son grand autel et les autels lat\u00e9raux. Dans le grand autel il y a trois sculptures d\u2019anges de Josep M\u00aa Mart\u00ed, r\u00e9alis\u00e9es dans les ann\u00e9es 90 \u00e0 ses d\u00e9buts, suite \u00e0 une commande du religieux Xavier Ferrer.<\/p>\n<p style=\"text-align: justify;\">A cette \u00e9poque furent command\u00e9s des reliefs de la vie de Saint Pierre comme vous pouvez le voir sur les photos du livre de l\u2019autel de Cadaqu\u00e9s. Vous pouvez aussi voir les photos du processus de travail de taille et de polychromie.<\/p>\n<p style=\"text-align: justify;\">Cela fut aussi r\u00e9alis\u00e9 pour les autres autels lat\u00e9raux, des reliefs de la Vie de Saint Antoine, mais ils ne sont pas port\u00e9s dans le livre, vous pourrez les admirez dans le temple.<\/p>\n[\/vc_column_text][\/vc_column][\/vc_row][vc_row][vc_column][vc_masonry_media_grid element_width=\"3\" gap=\"10\" grid_id=\"vc_gid:1478866114561-95742a94-84a5-9\" include=\"2389,2390,2391,2403,2402,2401,2404,2400,2399,2398,2397,2396,2395,2394,2393,2392\"][\/vc_column][\/vc_row]\n","protected":false},"excerpt":{"rendered":"[vc_row][vc_column][vc_column_text] LIVRE DU GRAND AUTEL DE CADAQUES Pour ce qui est de l\u2019art religieux, nous avons ici un bel exemple dans l\u2019\u00e9glise baroque de Cadaqu\u00e9s, consid\u00e9r\u00e9e comme l\u2019une des plus importante de Catalogne vu son grand autel et les autels lat\u00e9raux. Dans le grand autel il y a trois sculptures d\u2019anges de Josep M\u00aa Mart\u00ed, r\u00e9alis\u00e9es dans les ann\u00e9es 90&nbsp;<a href=\"https:\/\/webtest.dancas2479.com\/fr\/galeria\/trabajos-excepcionales-2\/altar-mayor-cadaques\/\" class=\"read-more\">Lire la suite<\/a>","protected":false},"author":2,"featured_media":0,"parent":5567,"menu_order":0,"comment_status":"closed","ping_status":"closed","template":"page-fullwidth.php","meta":{"footnotes":""},"class_list":["post-3477","page","type-page","status-publish","hentry"],"_links":{"self":[{"href":"https:\/\/webtest.dancas2479.com\/fr\/wp-json\/wp\/v2\/pages\/3477"}],"collection":[{"href":"https:\/\/webtest.dancas2479.com\/fr\/wp-json\/wp\/v2\/pages"}],"about":[{"href":"https:\/\/webtest.dancas2479.com\/fr\/wp-json\/wp\/v2\/types\/page"}],"author":[{"embeddable":true,"href":"https:\/\/webtest.dancas2479.com\/fr\/wp-json\/wp\/v2\/users\/2"}],"replies":[{"embeddable":true,"href":"https:\/\/webtest.dancas2479.com\/fr\/wp-json\/wp\/v2\/comments?post=3477"}],"version-history":[{"count":10,"href":"https:\/\/webtest.dancas2479.com\/fr\/wp-json\/wp\/v2\/pages\/3477\/revisions"}],"predecessor-version":[{"id":5794,"href":"https:\/\/webtest.dancas2479.com\/fr\/wp-json\/wp\/v2\/pages\/3477\/revisions\/5794"}],"up":[{"embeddable":true,"href":"https:\/\/webtest.dancas2479.com\/fr\/wp-json\/wp\/v2\/pages\/5567"}],"wp:attachment":[{"href":"https:\/\/webtest.dancas2479.com\/fr\/wp-json\/wp\/v2\/media?parent=3477"}],"curies":[{"name":"wp","href":"https:\/\/api.w.org\/{rel}","templated":true}]}}