{"id":3474,"date":"2016-04-28T19:05:48","date_gmt":"2016-04-28T19:05:48","guid":{"rendered":"http:\/\/qrjlkwq.cluster030.hosting.ovh.net\/fr\/portfolio\/retablos\/"},"modified":"2016-11-17T11:23:36","modified_gmt":"2016-11-17T11:23:36","slug":"retablos","status":"publish","type":"page","link":"https:\/\/webtest.dancas2479.com\/fr\/galeria\/retablos\/","title":{"rendered":"Retables"},"content":{"rendered":"[vc_row][vc_column][vc_column_text]\n<p style=\"text-align: justify;\">L\u2019art de la peinture sur bois, c\u2019est un style tr\u00e8s d\u00e9coratif et ad\u00e9quat pour les maisons ayant un style aussi bien rustique que moderne. Nous sommes pr\u00eats en ce qui concerne l\u2019information pour r\u00e9aliser des pi\u00e8ces romanes, gothiques internationales et ainsi jouir de espaces cr\u00e9es selon l\u2019environnement.<\/p>\n<p style=\"text-align: justify;\">Depuis tr\u00e8s longtemps (plus ou moins l\u2019\u00e2ge de 12 \/ 13 ans) Josep Maria a commenc\u00e9 \u00e0 gagner des concours de dessin et de peinture dans la ville o\u00f9 il vit c\u2019est-\u00e0-dire Palam\u00f3s, sur la Costa Brava (Girona). Il fait aussi des graffitis \u00e0 grande escale, d\u00e9corations de discoth\u00e8ques et de bars musicaux de Platja d\u2019Aro et \u00e0 partir de 15 ans il a commenc\u00e9 \u00e0 s\u2019int\u00e9resse \u00e0 l\u2019art du retable (peinture sur bois) en achetant des livres classiques afin de pouvoir am\u00e9liorer sa technique (autodidacte).<\/p>\n<p style=\"text-align: justify;\">Dans cette section on peut voir toute une s\u00e9rie de pi\u00e8ces qu\u2019il a fait au long de nombreuses ann\u00e9es. Les plus fameuses sont inspir\u00e9es par le patrimoine nationale de la Catalogne. Pour faire les pi\u00e8ces que le client d\u00e9sire, une photo, un dessin perme au maitre de les r\u00e9aliser sur la planche. Il est aussi possible de faire des muraux d\u00e9coratifs \u00e0 grande \u00e9chelle, plafonds, salons, etc.<\/p>\n[\/vc_column_text][vc_column_text]<strong>Ci-dessous vous pouvez voir une s\u00e9lection de photographies du travail accompli<\/strong>[\/vc_column_text][\/vc_column][\/vc_row][vc_row][vc_column][vc_masonry_media_grid element_width=\"2\" gap=\"10\" grid_id=\"vc_gid:1479381597724-49e8dbd7-f626-6\" include=\"4002,4003,4004,4005,4006,4007,4008,4009,4010,4011,4012,4013,4014,4015,4016,4017,4018,4019,4020,4021,4022,4023,4024,4025,4026,4027,4028,4029,4030,4031,4032,4033,4034,4035,4036,4037,4038,4039,4040,4041,4042,4043,4044,4045,4046,4047,4048,4049,4050,4051,4052,4053,4054,4055,4056,4057,4058,4059,4060,4061,4062,4063,4064,4065,4066,4067,4068,4069,4070,4071,4072,4073,4074,4075,4076,4077,4078,4079,4080,4081,4082,4083,4084,4085,4086,4087,4088,4089,4090,4091,4092,4093,4094,4095,4096,4097,4098,4099,4100,4101,4102,4103,4104,4105,4106,4107,4108,4109,4110,4111,4112,4113,4114,4115,4116,4117,4118,4119,4120,4121,4122,4123,4124,4125,4126,4127,4128,4129,4130,4131,4132,4133,4134,4135,4136,4137,4138,4139,4140,4141,4142,4143,4144,4145,4146,4147,4148,4149,4150,4151,4152,4153,4154,4155,4156,4157,4158,4159,4160,4161,4162,4163,4164,4165,4166,4167,4168,4169,4170,4171,4172,4173,4174,4175,4176,4177,4178,4179,4180,4181,4182,4183,4184,4185,4186,4187,4188,4189,4190,4191,4192,4193,4194,4195,4196,4197,4198,4199,4200,4201,4202,4203,4204,4205,4206,4207,4208,4209,4210,4211,4212,4213,4214,4215,4216,4217,4218,4219,4220,4221,4222,4223,4224,4225,4226,4227,4228,4229,4230,4231,4232,4233,4234,4235,4236,4237,4238,4239,4240,4241,4242,4243,4244,4245,4246,4247,4248,4249,4250,4251,4252,4253,4254,4255,4256,4257,4258,4259,4260,4261\"][\/vc_column][\/vc_row]\n","protected":false},"excerpt":{"rendered":"[vc_row][vc_column][vc_column_text] L\u2019art de la peinture sur bois, c\u2019est un style tr\u00e8s d\u00e9coratif et ad\u00e9quat pour les maisons ayant un style aussi bien rustique que moderne. Nous sommes pr\u00eats en ce qui concerne l\u2019information pour r\u00e9aliser des pi\u00e8ces romanes, gothiques internationales et ainsi jouir de espaces cr\u00e9es selon l\u2019environnement. Depuis tr\u00e8s longtemps (plus ou moins l\u2019\u00e2ge de 12 \/ 13 ans)&nbsp;<a href=\"https:\/\/webtest.dancas2479.com\/fr\/galeria\/retablos\/\" class=\"read-more\">Lire la suite<\/a>","protected":false},"author":2,"featured_media":0,"parent":5394,"menu_order":0,"comment_status":"closed","ping_status":"closed","template":"page-fullwidth.php","meta":{"footnotes":""},"class_list":["post-3474","page","type-page","status-publish","hentry"],"_links":{"self":[{"href":"https:\/\/webtest.dancas2479.com\/fr\/wp-json\/wp\/v2\/pages\/3474"}],"collection":[{"href":"https:\/\/webtest.dancas2479.com\/fr\/wp-json\/wp\/v2\/pages"}],"about":[{"href":"https:\/\/webtest.dancas2479.com\/fr\/wp-json\/wp\/v2\/types\/page"}],"author":[{"embeddable":true,"href":"https:\/\/webtest.dancas2479.com\/fr\/wp-json\/wp\/v2\/users\/2"}],"replies":[{"embeddable":true,"href":"https:\/\/webtest.dancas2479.com\/fr\/wp-json\/wp\/v2\/comments?post=3474"}],"version-history":[{"count":13,"href":"https:\/\/webtest.dancas2479.com\/fr\/wp-json\/wp\/v2\/pages\/3474\/revisions"}],"predecessor-version":[{"id":5897,"href":"https:\/\/webtest.dancas2479.com\/fr\/wp-json\/wp\/v2\/pages\/3474\/revisions\/5897"}],"up":[{"embeddable":true,"href":"https:\/\/webtest.dancas2479.com\/fr\/wp-json\/wp\/v2\/pages\/5394"}],"wp:attachment":[{"href":"https:\/\/webtest.dancas2479.com\/fr\/wp-json\/wp\/v2\/media?parent=3474"}],"curies":[{"name":"wp","href":"https:\/\/api.w.org\/{rel}","templated":true}]}}