{"id":3471,"date":"2016-04-15T05:52:53","date_gmt":"2016-04-15T05:52:53","guid":{"rendered":"http:\/\/qrjlkwq.cluster030.hosting.ovh.net\/fr\/portfolio\/puertas\/"},"modified":"2016-11-17T11:04:41","modified_gmt":"2016-11-17T11:04:41","slug":"puertas","status":"publish","type":"page","link":"https:\/\/webtest.dancas2479.com\/fr\/galeria\/puertas\/","title":{"rendered":"Portes"},"content":{"rendered":"[vc_row][vc_column][vc_column_text]\n<p style=\"text-align: justify;\">Nos portes sont de style ancien, mais avec des mat\u00e9riaux modernes. Elles peuvent \u00eatre fabriqu\u00e9es sur mesure et peuvent \u00eatre compl\u00e9ment\u00e9es selon les go\u00fbts des clients, la mesure, la couleur, etc.<\/p>\n<p style=\"text-align: justify;\">Les portails ext\u00e9rieurs peuvent \u00eatre fabriqu\u00e9s avec des serrures de s\u00e9curit\u00e9 isolants de la temp\u00e9ratures ou du climat. Elles sont r\u00e9alis\u00e9es avec du bois sp\u00e9cial pout l\u2019ext\u00e9rieur. Nos mod\u00e8les sont toujours des pi\u00e8ces uniques et exclusives, nous nous adaptons toujours aux mesures dont le client a besoin, en r\u00e9alisant toujours une \u00e9tude pr\u00e9alable afin de pouvoir obtenir le meilleur rendement au mod\u00e8le que le client ach\u00e8te. Tous les compl\u00e9ments sont inclus sur mesure aussi bien la couleur que le mat\u00e9riel, les serrures, la d\u00e9coration, etc.<\/p>\n<p style=\"text-align: justify;\">Nous pouvons mettre la taille, la polychromie, les dorures, la marqueterie et un long etc. de d\u00e9tails ou nous pouvons faire une pi\u00e8ce de base et rustique toujours avec des finitions sp\u00e9ciales, aussi bien \u00e0 l\u2019ext\u00e9rieur qu\u2019a l\u2019int\u00e9rieur, vernis, cir\u00e9s, vernis \u00e0 la main, etc. Le th\u00e8me des portails ext\u00e9rieurs, toujours avec du vernis de haute dur\u00e9e et des ferrures avec trois points de s\u00e9curit\u00e9.<\/p>\n[\/vc_column_text][vc_column_text]<strong>Ci-dessous vous pouvez voir une s\u00e9lection de photographies du travail accompli<\/strong>[\/vc_column_text][\/vc_column][\/vc_row][vc_row][vc_column][vc_masonry_media_grid element_width=\"2\" gap=\"10\" grid_id=\"vc_gid:1478865688551-fad19098-00ed-2\" include=\"4601,4602,4603,4604,4605,4606,4607,4608,4609,4610,4611,4612,4613,4614,4615,4616,4617,4618,4619,4620,4621,4622,4623,4624,4625,4626,4627,4628,4629,4630,4631,4632,4633,4634,4635,4636,4637,4638,4639,4640,4641,4642,4643,4644,4645,4646,4647,4648,4649,4650,4651,4652,4653,4654,4655,4656,4657,4658,4659,4660,4661,4662,4663,4664,4665,4666,4667,4668,4669,4670,4671,4672,4673,4674,4675,4676,4677,4678,4679,4680,4681,4682,4683,4684,4685,4686,4687,4688,4689,4690,4691,4692,4693,4694,4695,4696,4697,4698,4699,4700,4701,4702,4703,4704,4705,4706,4707,4708,4709,4710,4711,4712,4713,4714,4715,4716,4717,4718,4719,4720,4721,4722,4723,4724,4725,4726,4727,4728,4729,4730,4731,4732,4733,4734,4735,4736,4737,4738,4739,4740,4741,4742,4743,4744,4745,4746,4747,4748,4749,4750,4751,4752,4753,4754,4755,4756,4757,4758,4759,4760,4761,4762,4763,4764,4765,4766,4767,4768,4769,4770,4771,4772,4773,4774,4775,4776,4777,4778,4779,4780,4781,4782,4783,4784,4785,4786,4787,4788,4789,4790,4791,4792,4793,4794,4795,4796,4797,4798,4799,4800,4801,4802,4803,4804,4805,4806,4807,4808,4809,4810,4811,4812,4813,4814,4815,4816,4817,4818,4819,4820,4821,4822,4823,4824,4825,4826,4827,4828,4829,4830,4831,4832,4833,4834,4835,4836,4837,4838,4839,4840,4841,4842,4843,4844,4845,4846,4847,4848,4849,4850,4851,4852,4853,4854,4855,4856,4857,4858,4859,4860,4861,4862,4863,4864,4865,4866,4867,4868,4869,4870,4871,4872,4873,4874,4875,4876,4877,4878,4879,4880,4881,4882,4883,4884,4885,4886,4887,4888,4889,4890,4891\"][\/vc_column][\/vc_row]\n","protected":false},"excerpt":{"rendered":"[vc_row][vc_column][vc_column_text] Nos portes sont de style ancien, mais avec des mat\u00e9riaux modernes. Elles peuvent \u00eatre fabriqu\u00e9es sur mesure et peuvent \u00eatre compl\u00e9ment\u00e9es selon les go\u00fbts des clients, la mesure, la couleur, etc. Les portails ext\u00e9rieurs peuvent \u00eatre fabriqu\u00e9s avec des serrures de s\u00e9curit\u00e9 isolants de la temp\u00e9ratures ou du climat. Elles sont r\u00e9alis\u00e9es avec du bois sp\u00e9cial pout l\u2019ext\u00e9rieur. Nos&nbsp;<a href=\"https:\/\/webtest.dancas2479.com\/fr\/galeria\/puertas\/\" class=\"read-more\">Lire la suite<\/a>","protected":false},"author":2,"featured_media":0,"parent":5394,"menu_order":0,"comment_status":"closed","ping_status":"closed","template":"page-fullwidth.php","meta":{"footnotes":""},"class_list":["post-3471","page","type-page","status-publish","hentry"],"_links":{"self":[{"href":"https:\/\/webtest.dancas2479.com\/fr\/wp-json\/wp\/v2\/pages\/3471"}],"collection":[{"href":"https:\/\/webtest.dancas2479.com\/fr\/wp-json\/wp\/v2\/pages"}],"about":[{"href":"https:\/\/webtest.dancas2479.com\/fr\/wp-json\/wp\/v2\/types\/page"}],"author":[{"embeddable":true,"href":"https:\/\/webtest.dancas2479.com\/fr\/wp-json\/wp\/v2\/users\/2"}],"replies":[{"embeddable":true,"href":"https:\/\/webtest.dancas2479.com\/fr\/wp-json\/wp\/v2\/comments?post=3471"}],"version-history":[{"count":10,"href":"https:\/\/webtest.dancas2479.com\/fr\/wp-json\/wp\/v2\/pages\/3471\/revisions"}],"predecessor-version":[{"id":5765,"href":"https:\/\/webtest.dancas2479.com\/fr\/wp-json\/wp\/v2\/pages\/3471\/revisions\/5765"}],"up":[{"embeddable":true,"href":"https:\/\/webtest.dancas2479.com\/fr\/wp-json\/wp\/v2\/pages\/5394"}],"wp:attachment":[{"href":"https:\/\/webtest.dancas2479.com\/fr\/wp-json\/wp\/v2\/media?parent=3471"}],"curies":[{"name":"wp","href":"https:\/\/api.w.org\/{rel}","templated":true}]}}