{"id":3465,"date":"2016-05-01T21:53:55","date_gmt":"2016-05-01T21:53:55","guid":{"rendered":"http:\/\/qrjlkwq.cluster030.hosting.ovh.net\/fr\/portfolio\/marmolinas\/"},"modified":"2016-11-17T08:52:55","modified_gmt":"2016-11-17T08:52:55","slug":"marmolinas","status":"publish","type":"page","link":"https:\/\/webtest.dancas2479.com\/fr\/galeria\/marmolinas\/","title":{"rendered":"Marbre"},"content":{"rendered":"[vc_row][vc_column][vc_column_text]\n<p style=\"text-align: justify;\">En ce qui concerne les sculptures de moule, nous avons beaucoup de mod\u00e8les \u00e0 un prix tr\u00e8s abordable, pour des particuliers, des professionnels et des cadeaux d\u2019entreprise. Le tout sur la base de poussi\u00e8res de marbre et pl\u00e2tre, mais, polychrom\u00e9s \u00e0 la main avec des dorures en pain d\u2019or et finition de style antique. Elles sont tr\u00e8s abordables. Nous pouvons aussi faire le mod\u00e8le que le client d\u00e9sire et ensuite faire une s\u00e9rie pour que le prix soit plus int\u00e9ressant, pour des vendeurs des commer\u00e7ants et des d\u00e9corateurs.<\/p>\n<h3>FRAGMENTS POLYCHROM\u00c9S<\/h3>\n<p style=\"text-align: justify;\">Comment les d\u00e9finir\u00a0? Ces pi\u00e8ces sont inspir\u00e9es par l\u2019art pauvre, na\u00eff ou populaire. Ce sont des pi\u00e8ces tr\u00e8s accessibles, compl\u00e8tements peintes \u00e0 la main avec des motifs floraux, des animaux, des th\u00e8mes mythologiques avec des couleurs tr\u00e8s fortes. On peut les faire de tous les formats, couleurs et textures, aucun probl\u00e8me.<\/p>\n[\/vc_column_text][vc_column_text]<strong>Ci-dessous vous pouvez voir une s\u00e9lection de photographies du travail accomplis.<\/strong>[\/vc_column_text][\/vc_column][\/vc_row][vc_row][vc_column][vc_masonry_media_grid element_width=\"2\" gap=\"10\" grid_id=\"vc_gid:1479372655615-801c7d35-d4b1-3\" include=\"3400,3399,3398,3397,3396,3395,3394,3393,3392,3391,3390,3389,3388,3387,3386,3385,3384,3383,3382,3381,3380,3379,3378,3377,3376,3375,3374,3373,3372,3371,3370,3369,3368,3367,3366,3365,3364,3363,3362,3361,3360,3359,3358,3357,3356,3355,3354,3353,3352,3351,3350,3349,3348,3347,3346,3345,3344,3343,3342,3341,3340,3339,3338,3337,3336,3335,3334,3333,3332,3331,3330,3329,3328,3327,3326,3325,3324,3323,3322,3321,3320,3319,3318,3317,3316,3315,3314,3313,3312,3311,3310,3309,3308,3307,3306,3305,3304,3303,3302,3301,3300,3299,3298,3297,3296,3295,3294,3293,3292,3291,3290,3289,3288,3287,3286,3285,3284,3283,3282,3281,3280,3279,3278,3277,3276,3275,3274,3273,3272,3271,3270,3269,3268,3267,3266\"][\/vc_column][\/vc_row]\n","protected":false},"excerpt":{"rendered":"[vc_row][vc_column][vc_column_text] En ce qui concerne les sculptures de moule, nous avons beaucoup de mod\u00e8les \u00e0 un prix tr\u00e8s abordable, pour des particuliers, des professionnels et des cadeaux d\u2019entreprise. Le tout sur la base de poussi\u00e8res de marbre et pl\u00e2tre, mais, polychrom\u00e9s \u00e0 la main avec des dorures en pain d\u2019or et finition de style antique. Elles sont tr\u00e8s abordables. Nous&nbsp;<a href=\"https:\/\/webtest.dancas2479.com\/fr\/galeria\/marmolinas\/\" class=\"read-more\">Lire la suite<\/a>","protected":false},"author":2,"featured_media":0,"parent":5394,"menu_order":0,"comment_status":"closed","ping_status":"closed","template":"page-fullwidth.php","meta":{"footnotes":""},"class_list":["post-3465","page","type-page","status-publish","hentry"],"_links":{"self":[{"href":"https:\/\/webtest.dancas2479.com\/fr\/wp-json\/wp\/v2\/pages\/3465"}],"collection":[{"href":"https:\/\/webtest.dancas2479.com\/fr\/wp-json\/wp\/v2\/pages"}],"about":[{"href":"https:\/\/webtest.dancas2479.com\/fr\/wp-json\/wp\/v2\/types\/page"}],"author":[{"embeddable":true,"href":"https:\/\/webtest.dancas2479.com\/fr\/wp-json\/wp\/v2\/users\/2"}],"replies":[{"embeddable":true,"href":"https:\/\/webtest.dancas2479.com\/fr\/wp-json\/wp\/v2\/comments?post=3465"}],"version-history":[{"count":13,"href":"https:\/\/webtest.dancas2479.com\/fr\/wp-json\/wp\/v2\/pages\/3465\/revisions"}],"predecessor-version":[{"id":5890,"href":"https:\/\/webtest.dancas2479.com\/fr\/wp-json\/wp\/v2\/pages\/3465\/revisions\/5890"}],"up":[{"embeddable":true,"href":"https:\/\/webtest.dancas2479.com\/fr\/wp-json\/wp\/v2\/pages\/5394"}],"wp:attachment":[{"href":"https:\/\/webtest.dancas2479.com\/fr\/wp-json\/wp\/v2\/media?parent=3465"}],"curies":[{"name":"wp","href":"https:\/\/api.w.org\/{rel}","templated":true}]}}