{"id":3462,"date":"2016-04-24T21:10:35","date_gmt":"2016-04-24T21:10:35","guid":{"rendered":"http:\/\/qrjlkwq.cluster030.hosting.ovh.net\/fr\/portfolio\/graffiti\/"},"modified":"2016-11-17T08:43:37","modified_gmt":"2016-11-17T08:43:37","slug":"graffiti","status":"publish","type":"page","link":"https:\/\/webtest.dancas2479.com\/fr\/galeria\/graffiti\/","title":{"rendered":"Graffiti"},"content":{"rendered":"[vc_row][vc_column][vc_column_text]Depuis son plus jeune \u00e2ge\u00a0: 14, 15 ans Josep M\u00aa s\u2019est int\u00e9ress\u00e9 au monde du graffiti, il a peint sur la Costa Brava des muraux sur des murs avec la permission des propri\u00e9taires et gagna des prix lors de concours, peignant des discoth\u00e8ques et des clubs tr\u00e8s connus sur la Costa Brava, nous avons ici un petit \u00e9chantillon de tout cela et d\u2019ici lui vient cette habilit\u00e9 avec les couleurs et les dessins.[\/vc_column_text][\/vc_column][\/vc_row][vc_row][vc_column][vc_masonry_media_grid element_width=\"3\" gap=\"10\" grid_id=\"vc_gid:1478516269920-c6e33822-5605-10\" include=\"5062,5063,5064,5065,5066,5067,5068,5069,5070,5071,5072,5073,5074,5075,5076,5077,5078\"][\/vc_column][\/vc_row]\n","protected":false},"excerpt":{"rendered":"[vc_row][vc_column][vc_column_text]Depuis son plus jeune \u00e2ge\u00a0: 14, 15 ans Josep M\u00aa s\u2019est int\u00e9ress\u00e9 au monde du graffiti, il a peint sur la Costa Brava des muraux sur des murs avec la permission des propri\u00e9taires et gagna des prix lors de concours, peignant des discoth\u00e8ques et des clubs tr\u00e8s connus sur la Costa Brava, nous avons ici un petit \u00e9chantillon de tout&nbsp;<a href=\"https:\/\/webtest.dancas2479.com\/fr\/galeria\/graffiti\/\" class=\"read-more\">Lire la suite<\/a>","protected":false},"author":2,"featured_media":0,"parent":5394,"menu_order":0,"comment_status":"closed","ping_status":"closed","template":"page-fullwidth.php","meta":{"footnotes":""},"class_list":["post-3462","page","type-page","status-publish","hentry"],"_links":{"self":[{"href":"https:\/\/webtest.dancas2479.com\/fr\/wp-json\/wp\/v2\/pages\/3462"}],"collection":[{"href":"https:\/\/webtest.dancas2479.com\/fr\/wp-json\/wp\/v2\/pages"}],"about":[{"href":"https:\/\/webtest.dancas2479.com\/fr\/wp-json\/wp\/v2\/types\/page"}],"author":[{"embeddable":true,"href":"https:\/\/webtest.dancas2479.com\/fr\/wp-json\/wp\/v2\/users\/2"}],"replies":[{"embeddable":true,"href":"https:\/\/webtest.dancas2479.com\/fr\/wp-json\/wp\/v2\/comments?post=3462"}],"version-history":[{"count":8,"href":"https:\/\/webtest.dancas2479.com\/fr\/wp-json\/wp\/v2\/pages\/3462\/revisions"}],"predecessor-version":[{"id":5399,"href":"https:\/\/webtest.dancas2479.com\/fr\/wp-json\/wp\/v2\/pages\/3462\/revisions\/5399"}],"up":[{"embeddable":true,"href":"https:\/\/webtest.dancas2479.com\/fr\/wp-json\/wp\/v2\/pages\/5394"}],"wp:attachment":[{"href":"https:\/\/webtest.dancas2479.com\/fr\/wp-json\/wp\/v2\/media?parent=3462"}],"curies":[{"name":"wp","href":"https:\/\/api.w.org\/{rel}","templated":true}]}}