{"id":3459,"date":"2016-04-17T08:54:39","date_gmt":"2016-04-17T08:54:39","guid":{"rendered":"http:\/\/qrjlkwq.cluster030.hosting.ovh.net\/fr\/portfolio\/esculturas-tallas\/"},"modified":"2016-11-17T08:31:57","modified_gmt":"2016-11-17T08:31:57","slug":"esculturas-tallas","status":"publish","type":"page","link":"https:\/\/webtest.dancas2479.com\/fr\/galeria\/esculturas-tallas\/","title":{"rendered":"Sculpture \/Tailles"},"content":{"rendered":"[vc_row][vc_column][vc_column_text]Notre \u00e9quipe de taille est tr\u00e8s professionnelle et pr\u00e9par\u00e9e pour affronter n\u2019importe quel d\u00e9fi afin de tirer le plus grand profit ou rendement en questions d\u2019ornement pour les parties d\u00e9coratives de chaque pi\u00e8ce command\u00e9e, toujours avec une \u00e9tude pr\u00e9alable afin de tirer le plus grand profit d\u2019un art qui est sur le point de disparaitre en Espagne. Nous avons une grande collection de tailles, romanes, baroques, renaissance, gothique, moderniste, n\u00e9oclassique, etc. le tout inspir\u00e9 dans l\u2019art de la sculpture classique. Certains sont faites par Josep M\u00aa et d\u2019autres par son \u00e9quipe de tailleurs et sculpteurs de bois. Josep M\u00aa fait les dessin ou patron de la pi\u00e8ce que le client d\u00e9sire et les tailleurs font presque toute la pi\u00e8ce en laissant la touche finale pour le maitre Josep M\u00aa.<\/p>\n<p style=\"text-align: justify;\">Sa polychromie est tr\u00e8s sp\u00e9cial, le client peut choisir les couleurs ou nous pouvons laisser le maitre poly-chromiste le faire selon son style, toujours avec une finition de style antique pour que la pi\u00e8ce ai l\u2019aspect de celui d\u2019il y a deux cents ans.<\/p>\n[\/vc_column_text][vc_column_text]<strong>A continuaci\u00f3n podeis ver una selecci\u00f3n de fotograf\u00edas de los trabajos realizados<\/strong>[\/vc_column_text][\/vc_column][\/vc_row][vc_row][vc_column][vc_masonry_media_grid element_width=\"2\" gap=\"10\" grid_id=\"vc_gid:1478865454341-8eb38322-eba7-3\" include=\"3709,3710,3711,3712,3713,3714,3715,3716,3717,3718,3719,3720,3721,3722,3723,3724,3725,3726,3727,3728,3729,3730,3731,3732,3733,3734,3735,3736,3737,3738,3739,3740,3741,3742,3743,3744,3745,3746,3747,3748,3749,3750,3751,3752,3753,3754,3755,3756,3757,3758,3759,3760,3761,3762,3763,3764,3765,3766,3767,3768,3769,3770,3771,3772,3773,3774,3775,3776,3777,3778,3779,3780,3781,3782,3783,3784,3785,3786,3787,3788,3789,3790,3791,3792,3793,3794,3795,3796,3797,3798,3799,3800,3801,3802,3803,3804,3805,3806,3807,3808,3809,3810,3811,3812,3813,3814,3815,3816,3817,3818,3819,3820,3821,3822,3823,3824,3825,3826,3827,3828,3829,3830,3831,3832,3833,3834,3835,3836,3837,3838,3839,3840,3841,3842,3843,3844,3845,3846,3847,3848,3849,3850,3851,3852,3853,3854,3855,3856,3857,3858,3859,3860,3861,3862,3863,3864,3865,3866,3867,3868,3869,3870,3871,3872,3873,3874,3875,3876,3877,3878,3879,3880,3881,3882,3883,3884,3885,3886,3887,3888,3889,3890,3891,3892,3893,3894,3895,3896,3897,3898,3899,3900,3901,3902,3903,3904,3905,3906,3907,3908,3909,3910,3911,3912,3913,3914,3915,3916,3917,3918,3919,3920,3921,3922,3923,3924,3925,3926,3927,3928,3929,3930,3931,3932,3933,3934,3935,3936,3937,3938,3939,3940,3941,3942,3943,3944,3945,3946,3947,3948,3949,3950,3951,3952,3953,3954,3955,3956,3957,3958,3959,3960,3961,3962,3963,3964,3965,3966,3967,3968,3969,3970,3971,3972,3973,3974,3975,3976,3977,3978,3979,3980,3981,3982,3983,3984,3985,3986,3987,3988,3989,3990,3991,3992,3993,3994,3995,3996\"][\/vc_column][\/vc_row]\n","protected":false},"excerpt":{"rendered":"[vc_row][vc_column][vc_column_text]Notre \u00e9quipe de taille est tr\u00e8s professionnelle et pr\u00e9par\u00e9e pour affronter n\u2019importe quel d\u00e9fi afin de tirer le plus grand profit ou rendement en questions d\u2019ornement pour les parties d\u00e9coratives de chaque pi\u00e8ce command\u00e9e, toujours avec une \u00e9tude pr\u00e9alable afin de tirer le plus grand profit d\u2019un art qui est sur le point de disparaitre en Espagne. Nous avons une&nbsp;<a href=\"https:\/\/webtest.dancas2479.com\/fr\/galeria\/esculturas-tallas\/\" class=\"read-more\">Lire la suite<\/a>","protected":false},"author":2,"featured_media":0,"parent":5394,"menu_order":0,"comment_status":"closed","ping_status":"closed","template":"page-fullwidth.php","meta":{"footnotes":""},"class_list":["post-3459","page","type-page","status-publish","hentry"],"_links":{"self":[{"href":"https:\/\/webtest.dancas2479.com\/fr\/wp-json\/wp\/v2\/pages\/3459"}],"collection":[{"href":"https:\/\/webtest.dancas2479.com\/fr\/wp-json\/wp\/v2\/pages"}],"about":[{"href":"https:\/\/webtest.dancas2479.com\/fr\/wp-json\/wp\/v2\/types\/page"}],"author":[{"embeddable":true,"href":"https:\/\/webtest.dancas2479.com\/fr\/wp-json\/wp\/v2\/users\/2"}],"replies":[{"embeddable":true,"href":"https:\/\/webtest.dancas2479.com\/fr\/wp-json\/wp\/v2\/comments?post=3459"}],"version-history":[{"count":7,"href":"https:\/\/webtest.dancas2479.com\/fr\/wp-json\/wp\/v2\/pages\/3459\/revisions"}],"predecessor-version":[{"id":5762,"href":"https:\/\/webtest.dancas2479.com\/fr\/wp-json\/wp\/v2\/pages\/3459\/revisions\/5762"}],"up":[{"embeddable":true,"href":"https:\/\/webtest.dancas2479.com\/fr\/wp-json\/wp\/v2\/pages\/5394"}],"wp:attachment":[{"href":"https:\/\/webtest.dancas2479.com\/fr\/wp-json\/wp\/v2\/media?parent=3459"}],"curies":[{"name":"wp","href":"https:\/\/api.w.org\/{rel}","templated":true}]}}