{"id":3446,"date":"2011-09-14T09:45:02","date_gmt":"2011-09-14T09:45:02","guid":{"rendered":"http:\/\/qrjlkwq.cluster030.hosting.ovh.net\/fr\/home\/"},"modified":"2016-11-16T18:49:55","modified_gmt":"2016-11-16T18:49:55","slug":"home","status":"publish","type":"page","link":"https:\/\/webtest.dancas2479.com\/fr\/","title":{"rendered":"Home"},"content":{"rendered":"<script type=\"text\/javascript\">\r\n          jQuery(function() {\r\n              jQuery(\"#fixedparallax_69d38ccfe9e47\").cherryFixedParallax({\r\n                offset: true,\r\n                bgfixed: true,\r\n                invert: true\r\n              });\r\n          });\r\n    <\/script><section id=\"fixedparallax_69d38ccfe9e47\" class=\"fixed_parallax_section cherry_fixed_parallax1\" data-source-url=\"https:\/\/webtest.dancas2479.com\/wp-content\/uploads\/2016\/03\/bg_cont2.jpg\" data-source-width=\"1880\" data-source-height=\"775\"><div class=\"container parallax_content\">\n<div class=\"row \">\n<div class=\"span12 \"><section class=\"lazy-load-box trigger effect-slideup \" data-delay=\"100\" data-speed=\"900\" style=\"-webkit-transition: all 900ms ease; -moz-transition: all 900ms ease; -ms-transition: all 900ms ease; -o-transition: all 900ms ease; transition: all 900ms ease;\">\n<div class=\"extra-wrap block_1\">\n<h3 style=\"text-align: center;\">Art Antic -\u00a0Josep M\u00aa Mart\u00ed<\/h3>\n<h3 style=\"text-align: center;\">La Bisbal d'Empord\u00e0<\/h3>\n<p style=\"text-align: justify;\">Art Antic est une entreprise cr\u00e9e par l\u2019artiste et artisan Josep M\u00aa Mart\u00ed afin d\u2019offrir \u00e0 toutes les personnes int\u00e9ress\u00e9es par le monde de la d\u00e9coration, la possibilit\u00e9 de pouvoir cr\u00e9er chez eux une ambiance exclusive et sp\u00e9ciale.<\/p>\n<p style=\"text-align: justify;\">\u201c<em>Cette page web est un r\u00e9sum\u00e9 de mes cr\u00e9ations, depuis le d\u00e9but, dans les ann\u00e9es 90 jusqu\u2019\u00e0 la p\u00e9riode actuelle. Vous y trouverez une grande vari\u00e9t\u00e9 de pi\u00e8ces de diff\u00e9rentes sp\u00e9cialit\u00e9s, j\u2019esp\u00e8re que cela vous plaira<\/em>\u00a0\u201d.\u00a0<strong>Josep M. Mart\u00ed<\/strong><\/p>\n<\/div>\n<\/section><\/div>\n<\/div><!-- .row (end) -->\n<\/div><\/section>\n<div class=\"content_box  \">\n<div class=\"row \">\n<div class=\"span12 \"><div class=\"extra-wrap top_line\">\n<\/div><\/div>\n<div class=\"span4 \"><section class=\"lazy-load-box trigger effect-slidefromleft \" data-delay=\"300\" data-speed=\"900\" style=\"-webkit-transition: all 900ms ease; -moz-transition: all 900ms ease; -ms-transition: all 900ms ease; -o-transition: all 900ms ease; transition: all 900ms ease;\">\n<div class=\"extra-wrap box_1\">\n<a href=\".\/embalajes\"><strong>Emballages <\/strong><em>Nos emballages sont tr\u00e8s professionnels car nous voulons que les pi\u00e8ces arrivent en bon \u00e8tat<\/em><\/a><br \/>\n<\/div>\n<\/section><\/div>\n<div class=\"span4 \"><section class=\"lazy-load-box trigger effect-slideup \" data-delay=\"200\" data-speed=\"900\" style=\"-webkit-transition: all 900ms ease; -moz-transition: all 900ms ease; -ms-transition: all 900ms ease; -o-transition: all 900ms ease; transition: all 900ms ease;\">\n<div class=\"extra-wrap box_2\">\n<a href=\"http:\/\/qrjlkwq.cluster030.hosting.ovh.net\/fr\/galeria\/\"><strong>Galerie\u00a0<\/strong><em>\u00c9chantillon des \u0153uvres<\/em><\/a><i>\u00a0<\/i>\u00a0Marquage de photos et vid\u00e9os<br \/>\n<\/div>\n<\/section><\/div>\n<div class=\"span4 \"><section class=\"lazy-load-box trigger effect-slidefromright \" data-delay=\"300\" data-speed=\"900\" style=\"-webkit-transition: all 900ms ease; -moz-transition: all 900ms ease; -ms-transition: all 900ms ease; -o-transition: all 900ms ease; transition: all 900ms ease;\">\n<div class=\"extra-wrap box_3\">\n<a href=\"#\"><strong>Professionnels\u00a0<\/strong>Les professionnels, boutiques, architectes, decorateurs, commer\u00e7ants\u00a0en g\u00e9n\u00e9ral ont\u00a0un rebais\u00a0professionnel\u00a0sur toutes les pi\u00e8ces et\u00a0commandes sur mesure<\/a><br \/>\n<\/div>\n<\/section><\/div>\n<\/div><!-- .row (end) -->\n<div class=\"clear\"><\/div><\/div><!-- .content_box (end) -->\n<div class=\"row bottom_line_corr\">\n<div class=\"span12 \"><div class=\"extra-wrap bottom_line\">\n<\/div><\/div>\n<\/div><!-- .row (end) -->\n<script type=\"text\/javascript\">\r\n          jQuery(function() {\r\n              jQuery(\"#fixedparallax_69d38cd023422\").cherryFixedParallax({\r\n                offset: true,\r\n                bgfixed: true,\r\n                invert: true\r\n              });\r\n          });\r\n    <\/script><section id=\"fixedparallax_69d38cd023422\" class=\"fixed_parallax_section cherry_fixed_parallax2\" data-source-url=\"https:\/\/webtest.dancas2479.com\/wp-content\/uploads\/2016\/03\/bg_cont2.jpg\" data-source-width=\"1880\" data-source-height=\"775\"><div class=\"container parallax_content\">\n<div class=\"row \">\n<div class=\"span12 \"><section class=\"lazy-load-box trigger effect-fade \" data-delay=\"400\" data-speed=\"1200\" style=\"-webkit-transition: all 1200ms ease; -moz-transition: all 1200ms ease; -ms-transition: all 1200ms ease; -o-transition: all 1200ms ease; transition: all 1200ms ease;\">\n<div class=\"extra-wrap block_2\">\n<h2 class=\"type_2\">Blog<\/h2>\n<\/div>\n<\/section>\n<section class=\"lazy-load-box trigger effect-zoomout \" data-delay=\"400\" data-speed=\"900\" style=\"-webkit-transition: all 900ms ease; -moz-transition: all 900ms ease; -ms-transition: all 900ms ease; -o-transition: all 900ms ease; transition: all 900ms ease;\">\n<ul class=\"posts-grid row-fluid unstyled news1 ul-item-0\"><li class=\"span6 list-item-1\"><figure class=\"featured-thumbnail thumbnail\"><a href=\"https:\/\/webtest.dancas2479.com\/wp-content\/uploads\/2024\/02\/INTERIORS-10.png\" title=\"A partir d&#8217;aujourd&#8217;hui ART ANTIC nous sommes dans INTERIORS10\" rel=\"prettyPhoto-734200771[gallery0]\"><img decoding=\"async\"  src=\"https:\/\/webtest.dancas2479.com\/wp-content\/uploads\/2024\/02\/INTERIORS-10.png\" alt=\"A partir d&#8217;aujourd&#8217;hui ART ANTIC nous sommes dans INTERIORS10\" \/><span class=\"zoom-icon\"><\/span><\/a><\/figure><div class=\"clear\"><\/div><div class=\"cont\"><div class=\"box_01\"><h5><a href=\"https:\/\/webtest.dancas2479.com\/fr\/art-antic-fr\/art-antic-nous-sommes-dans-interiors10\/\" title=\"A partir d&#8217;aujourd&#8217;hui ART ANTIC nous sommes dans INTERIORS10\">A partir d&#8217;aujourd&#8217;hui ART ANTIC nous sommes dans INTERIORS10<\/a><\/h5><p class=\"excerpt\">ART ANTIC - Restauraci\u00f3 i decoraci\u00f3 a \u00e9t\u00e9 ajout\u00e9 \u00e0 la cat\u00e9gorie Home Decor sur... <\/p><\/div><div class=\"box_02\"><div class=\"post_meta\"><span class=\"post_category\"><em>Posted in <\/em><a href=\"https:\/\/webtest.dancas2479.com\/fr\/category\/art-antic-fr\/\" title=\"art antic\">art antic<\/a> <\/span><span class=\"post_date\"><time datetime=\"2024-F\u00e9v-25T20:59:44\">25 F\u00e9v 2024<\/time><\/span><span class=\"post_author\"><em> by <\/em><a href=\"https:\/\/webtest.dancas2479.com\/fr\/author\/art-antic\/\">Art-antic<\/a><\/span><span class=\"post_comment\"><a href=\"https:\/\/webtest.dancas2479.com\/fr\/art-antic-fr\/art-antic-nous-sommes-dans-interiors10\/\" class=\"comments_link\">0 Comments<\/a><\/span><\/div><\/div><\/div><\/li><li class=\"span6 list-item-2\"><div class=\"clear\"><\/div><div class=\"cont\"><div class=\"box_01\"><h5><a href=\"https:\/\/webtest.dancas2479.com\/fr\/art-antic-fr\/san-jorge-realidad-y-simbolo\/\" title=\"SAINT GEORGES, R\u00c9ALIT\u00c9 ET SYMBOLE\">SAINT GEORGES, R\u00c9ALIT\u00c9 ET SYMBOLE<\/a><\/h5><p class=\"excerpt\">Saint Georges est le saint patron de la Catalogne. Mais il en va de m\u00eame... <\/p><\/div><div class=\"box_02\"><div class=\"post_meta\"><span class=\"post_category\"><em>Posted in <\/em><a href=\"https:\/\/webtest.dancas2479.com\/fr\/category\/art-antic-fr\/\" title=\"art antic\">art antic<\/a> <\/span><span class=\"post_date\"><time datetime=\"2022-Juin-03T23:24:30\">03 Juin 2022<\/time><\/span><span class=\"post_author\"><em> by <\/em><a href=\"https:\/\/webtest.dancas2479.com\/fr\/author\/art-antic\/\">Art-antic<\/a><\/span><span class=\"post_comment\"><a href=\"https:\/\/webtest.dancas2479.com\/fr\/art-antic-fr\/san-jorge-realidad-y-simbolo\/\" class=\"comments_link\">0 Comments<\/a><\/span><\/div><\/div><\/div><\/li><\/ul><!-- .posts-grid (end) -->\n<\/section><\/div>\n<\/div><!-- .row (end) -->\n<\/div><\/section>\n<div class=\"content_box  \">\n<div class=\"row \"><\/div><!-- .row (end) -->\n<div class=\"span12 \"><\/div>\n<div class=\"extra-wrap top_line\">\n<\/div>\n<div class=\"extra-wrap block_3\">\n<section class=\"lazy-load-box trigger effect-fade \" data-delay=\"500\" data-speed=\"1200\" style=\"-webkit-transition: all 1200ms ease; -moz-transition: all 1200ms ease; -ms-transition: all 1200ms ease; -o-transition: all 1200ms ease; transition: all 1200ms ease;\">\n<h2>Travaux r\u00e9alis\u00e9s<\/h2>\n<\/section>\n<\/div>\n<div class=\"content_box  \"><div class=\"clear\"><\/div><\/div><!-- .content_box (end) -->\n<a href=\"http:\/\/qrjlkwq.cluster030.hosting.ovh.net\/fr\/galeria\/retablos\/\"><img fetchpriority=\"high\" decoding=\"async\" class=\"alignleft wp-image-5612 size-medium\" title=\"Retables\" src=\"http:\/\/qrjlkwq.cluster030.hosting.ovh.net\/wp-content\/uploads\/2016\/11\/gal-Retaules_fr-258x300.jpg\" width=\"258\" height=\"300\" srcset=\"https:\/\/webtest.dancas2479.com\/wp-content\/uploads\/2016\/11\/gal-Retaules_fr-258x300.jpg 258w, https:\/\/webtest.dancas2479.com\/wp-content\/uploads\/2016\/11\/gal-Retaules_fr.jpg 301w\" sizes=\"(max-width: 258px) 100vw, 258px\" \/><\/a><a href=\"http:\/\/qrjlkwq.cluster030.hosting.ovh.net\/fr\/galeria\/muebles\/\"><img decoding=\"async\" class=\"alignleft wp-image-5600 size-medium\" title=\"Meubles\" src=\"http:\/\/qrjlkwq.cluster030.hosting.ovh.net\/wp-content\/uploads\/2016\/11\/gal-Mobles_fr-258x300.jpg\" width=\"258\" height=\"300\" srcset=\"https:\/\/webtest.dancas2479.com\/wp-content\/uploads\/2016\/11\/gal-Mobles_fr-258x300.jpg 258w, https:\/\/webtest.dancas2479.com\/wp-content\/uploads\/2016\/11\/gal-Mobles_fr.jpg 301w\" sizes=\"(max-width: 258px) 100vw, 258px\" \/><\/a><a href=\"http:\/\/qrjlkwq.cluster030.hosting.ovh.net\/fr\/galeria\/esculturas-tallas\/\"><img decoding=\"async\" class=\"alignleft wp-image-5584 size-medium\" title=\"Sculptures \/ Tailles\" src=\"http:\/\/qrjlkwq.cluster030.hosting.ovh.net\/wp-content\/uploads\/2016\/11\/gal-Escultures_fr-258x300.jpg\" width=\"258\" height=\"300\" srcset=\"https:\/\/webtest.dancas2479.com\/wp-content\/uploads\/2016\/11\/gal-Escultures_fr-258x300.jpg 258w, https:\/\/webtest.dancas2479.com\/wp-content\/uploads\/2016\/11\/gal-Escultures_fr.jpg 301w\" sizes=\"(max-width: 258px) 100vw, 258px\" \/><\/a><a href=\"http:\/\/qrjlkwq.cluster030.hosting.ovh.net\/fr\/galeria\/puertas\/\"><img loading=\"lazy\" decoding=\"async\" class=\"alignleft wp-image-5604 size-medium\" title=\"Portes\" src=\"http:\/\/qrjlkwq.cluster030.hosting.ovh.net\/wp-content\/uploads\/2016\/11\/gal-Portes_fr-258x300.jpg\" width=\"258\" height=\"300\" srcset=\"https:\/\/webtest.dancas2479.com\/wp-content\/uploads\/2016\/11\/gal-Portes_fr-258x300.jpg 258w, https:\/\/webtest.dancas2479.com\/wp-content\/uploads\/2016\/11\/gal-Portes_fr.jpg 301w\" sizes=\"(max-width: 258px) 100vw, 258px\" \/><\/a><a href=\"http:\/\/qrjlkwq.cluster030.hosting.ovh.net\/fr\/galeria\/marmolinas\/\"><img loading=\"lazy\" decoding=\"async\" class=\"alignleft wp-image-5592 size-medium\" title=\"Marbres\" src=\"http:\/\/qrjlkwq.cluster030.hosting.ovh.net\/wp-content\/uploads\/2016\/11\/gal-Marmolines_fr-258x300.jpg\" width=\"258\" height=\"300\" srcset=\"https:\/\/webtest.dancas2479.com\/wp-content\/uploads\/2016\/11\/gal-Marmolines_fr-258x300.jpg 258w, https:\/\/webtest.dancas2479.com\/wp-content\/uploads\/2016\/11\/gal-Marmolines_fr.jpg 301w\" sizes=\"(max-width: 258px) 100vw, 258px\" \/><\/a><a href=\"http:\/\/qrjlkwq.cluster030.hosting.ovh.net\/fr\/galeria\/espejos\/\"><img loading=\"lazy\" decoding=\"async\" class=\"alignleft wp-image-5596 size-medium\" title=\"Miroirs\" src=\"http:\/\/qrjlkwq.cluster030.hosting.ovh.net\/wp-content\/uploads\/2016\/11\/gal-Miralls_fr-258x300.jpg\" width=\"258\" height=\"300\" srcset=\"https:\/\/webtest.dancas2479.com\/wp-content\/uploads\/2016\/11\/gal-Miralls_fr-258x300.jpg 258w, https:\/\/webtest.dancas2479.com\/wp-content\/uploads\/2016\/11\/gal-Miralls_fr.jpg 301w\" sizes=\"(max-width: 258px) 100vw, 258px\" \/><\/a><a href=\"http:\/\/qrjlkwq.cluster030.hosting.ovh.net\/fr\/galeria\/trabajos-excepcionales-2\/\"><img loading=\"lazy\" decoding=\"async\" class=\"alignleft wp-image-5587 size-medium\" title=\"Travaux exceptionnels\" src=\"http:\/\/qrjlkwq.cluster030.hosting.ovh.net\/wp-content\/uploads\/2016\/11\/gal-excepcional_fr-258x300.jpg\" width=\"258\" height=\"300\" srcset=\"https:\/\/webtest.dancas2479.com\/wp-content\/uploads\/2016\/11\/gal-excepcional_fr-258x300.jpg 258w, https:\/\/webtest.dancas2479.com\/wp-content\/uploads\/2016\/11\/gal-excepcional_fr.jpg 301w\" sizes=\"(max-width: 258px) 100vw, 258px\" \/><\/a><br \/>\n<a href=\"http:\/\/qrjlkwq.cluster030.hosting.ovh.net\/fr\/galeria\/graffiti\/\"><img loading=\"lazy\" decoding=\"async\" class=\"alignleft wp-image-5106 size-medium\" src=\"http:\/\/qrjlkwq.cluster030.hosting.ovh.net\/wp-content\/uploads\/2016\/11\/g-grafiti-es-258x300.jpg\" alt=\"Graffiti\" width=\"258\" height=\"300\" srcset=\"https:\/\/webtest.dancas2479.com\/wp-content\/uploads\/2016\/11\/g-grafiti-es-258x300.jpg 258w, https:\/\/webtest.dancas2479.com\/wp-content\/uploads\/2016\/11\/g-grafiti-es.jpg 301w\" sizes=\"(max-width: 258px) 100vw, 258px\" \/><\/a><br \/>\n<div class=\"clear\"><\/div><\/div><!-- .content_box (end) -->\n","protected":false},"excerpt":{"rendered":"Saint Georges est le saint patron de la Catalogne. Mais il en va de m\u00eame pour l'Aragon, l'Angleterre, la Gr\u00e8ce et le Portugal, entre autres. Le chevalier noble et courageux est peint par l\u00e9gende : un martyr important des premiers si\u00e8cles du christianisme, selon la tradition. On ne sait rien historiquement du chevalier George : les historiens n'ont trouv\u00e9 que&nbsp;<a href=\"https:\/\/webtest.dancas2479.com\/fr\/art-antic-fr\/san-jorge-realidad-y-simbolo\/\" class=\"read-more\">Lire la suite<\/a>","protected":false},"author":2,"featured_media":0,"parent":0,"menu_order":0,"comment_status":"open","ping_status":"closed","template":"page-home.php","meta":{"footnotes":""},"class_list":["post-3446","page","type-page","status-publish","hentry","cat-175-id"],"_links":{"self":[{"href":"https:\/\/webtest.dancas2479.com\/fr\/wp-json\/wp\/v2\/pages\/3446"}],"collection":[{"href":"https:\/\/webtest.dancas2479.com\/fr\/wp-json\/wp\/v2\/pages"}],"about":[{"href":"https:\/\/webtest.dancas2479.com\/fr\/wp-json\/wp\/v2\/types\/page"}],"author":[{"embeddable":true,"href":"https:\/\/webtest.dancas2479.com\/fr\/wp-json\/wp\/v2\/users\/2"}],"replies":[{"embeddable":true,"href":"https:\/\/webtest.dancas2479.com\/fr\/wp-json\/wp\/v2\/comments?post=3446"}],"version-history":[{"count":21,"href":"https:\/\/webtest.dancas2479.com\/fr\/wp-json\/wp\/v2\/pages\/3446\/revisions"}],"predecessor-version":[{"id":5839,"href":"https:\/\/webtest.dancas2479.com\/fr\/wp-json\/wp\/v2\/pages\/3446\/revisions\/5839"}],"wp:attachment":[{"href":"https:\/\/webtest.dancas2479.com\/fr\/wp-json\/wp\/v2\/media?parent=3446"}],"curies":[{"name":"wp","href":"https:\/\/api.w.org\/{rel}","templated":true}]}}