{"id":3442,"date":"2016-04-10T16:07:40","date_gmt":"2016-04-10T16:07:40","guid":{"rendered":"http:\/\/qrjlkwq.cluster030.hosting.ovh.net\/fr\/embalajes\/"},"modified":"2016-11-16T18:58:11","modified_gmt":"2016-11-16T18:58:11","slug":"embalajes","status":"publish","type":"page","link":"https:\/\/webtest.dancas2479.com\/fr\/embalajes\/","title":{"rendered":"Emballages"},"content":{"rendered":"<div class=\"row \">\n<div class=\"span12 \"><div class=\"extra-wrap block_4\">\n<h2><\/h2>\n<div class=\"extra-wrap-inner \">\n<p>&nbsp;<\/p>\n<p style=\"text-align: justify;\">Nos emballages sont tr\u00e8s professionnels car nous voulons que les pi\u00e8ces arrivent en bon \u00e9tat.<\/p>\n<p style=\"text-align: justify;\">Les emballages sont toujours en bois avec des vis. La partie int\u00e9rieure de la pi\u00e8ce est fourr\u00e9e avec des plastiques bulles et remplie avec du plastique mousse pour les frictions tout cela pour donner toutes les garanties de s\u00e9curit\u00e9 aux transports.<\/p>\n<p style=\"text-align: justify;\">Nous envoyons depuis Barcelone jusqu\u2019\u00e0 New-York, Paris, l\u2019Allemagne, le Japon etc.<\/p>\n<\/div>\n<\/div><\/div>\n<\/div><!-- .row (end) -->\n<div class=\"row bottom_line_corr\">\n<div class=\"span12 \"><div class=\"extra-wrap bottom_line\">\n<\/div><\/div>\n<\/div><!-- .row (end) -->\n<script type=\"text\/javascript\">\r\n          jQuery(function() {\r\n              jQuery(\"#fixedparallax_69d39262471ce\").cherryFixedParallax({\r\n                offset: true,\r\n                bgfixed: true,\r\n                invert: true\r\n              });\r\n          });\r\n    <\/script><section id=\"fixedparallax_69d39262471ce\" class=\"fixed_parallax_section cherry_fixed_parallax2\" data-source-url=\"https:\/\/webtest.dancas2479.com\/wp-content\/uploads\/2016\/03\/bg_cont2.jpg\" data-source-width=\"1880\" data-source-height=\"775\"><div class=\"container parallax_content\">\n<div class=\"row \">\n<div class=\"span12 \"><div class=\"extra-wrap block_2 corr_1\">\n<h3 class=\"type_2\"><span style=\"color: #ffffff;\">Emballage poster<\/span><\/h3>\n<\/div>\n<section class=\"lazy-load-box trigger effect-zoomin \" data-delay=\"400\" data-speed=\"900\" style=\"-webkit-transition: all 900ms ease; -moz-transition: all 900ms ease; -ms-transition: all 900ms ease; -o-transition: all 900ms ease; transition: all 900ms ease;\">\n\n\t\t<style type=\"text\/css\">\n\t\t\t#gallery-1 {\n\t\t\t\tmargin: auto;\n\t\t\t}\n\t\t\t#gallery-1 .gallery-item {\n\t\t\t\tfloat: left;\n\t\t\t\tmargin-top: 10px;\n\t\t\t\ttext-align: center;\n\t\t\t\twidth: 33%;\n\t\t\t}\n\t\t\t#gallery-1 img {\n\t\t\t\tborder: 2px solid #cfcfcf;\n\t\t\t}\n\t\t\t#gallery-1 .gallery-caption {\n\t\t\t\tmargin-left: 0;\n\t\t\t}\n\t\t\t\/* see gallery_shortcode() in wp-includes\/media.php *\/\n\t\t<\/style>\n\t\t<div id='gallery-1' class='gallery galleryid-6356 gallery-columns-3 gallery-size-medium'><dl class='gallery-item'>\n\t\t\t<dt class='gallery-icon portrait'>\n\t\t\t\t<img fetchpriority=\"high\" decoding=\"async\" width=\"225\" height=\"300\" src=\"https:\/\/webtest.dancas2479.com\/wp-content\/uploads\/2016\/04\/letrero-1-225x300.jpg\" class=\"attachment-medium size-medium\" alt=\"\" srcset=\"https:\/\/webtest.dancas2479.com\/wp-content\/uploads\/2016\/04\/letrero-1-225x300.jpg 225w, https:\/\/webtest.dancas2479.com\/wp-content\/uploads\/2016\/04\/letrero-1.jpg 500w\" sizes=\"(max-width: 225px) 100vw, 225px\" \/>\n\t\t\t<\/dt><\/dl><dl class='gallery-item'>\n\t\t\t<dt class='gallery-icon portrait'>\n\t\t\t\t<img decoding=\"async\" width=\"225\" height=\"300\" src=\"https:\/\/webtest.dancas2479.com\/wp-content\/uploads\/2016\/04\/letrero-2-225x300.jpg\" class=\"attachment-medium size-medium\" alt=\"\" srcset=\"https:\/\/webtest.dancas2479.com\/wp-content\/uploads\/2016\/04\/letrero-2-225x300.jpg 225w, https:\/\/webtest.dancas2479.com\/wp-content\/uploads\/2016\/04\/letrero-2.jpg 500w\" sizes=\"(max-width: 225px) 100vw, 225px\" \/>\n\t\t\t<\/dt><\/dl><dl class='gallery-item'>\n\t\t\t<dt class='gallery-icon landscape'>\n\t\t\t\t<img decoding=\"async\" width=\"300\" height=\"225\" src=\"https:\/\/webtest.dancas2479.com\/wp-content\/uploads\/2016\/04\/letrero-3-300x225.jpg\" class=\"attachment-medium size-medium\" alt=\"\" srcset=\"https:\/\/webtest.dancas2479.com\/wp-content\/uploads\/2016\/04\/letrero-3-300x225.jpg 300w, https:\/\/webtest.dancas2479.com\/wp-content\/uploads\/2016\/04\/letrero-3-200x150.jpg 200w, https:\/\/webtest.dancas2479.com\/wp-content\/uploads\/2016\/04\/letrero-3.jpg 500w\" sizes=\"(max-width: 300px) 100vw, 300px\" \/>\n\t\t\t<\/dt><\/dl><br style=\"clear: both\" \/>\n\t\t<\/div>\n\n<p style=\"text-align: justify;\"><\/section><\/div>\n<\/div><!-- .row (end) -->\n<\/div><\/section>\n<div class=\"row \">\n<div class=\"span12 \"><\/div>\n<div class=\"extra-wrap top_line\">\n<\/div>\n<div class=\"extra-wrap block_5\">\n<h3><span style=\"color: #333333;\">Emballage anges<\/span><\/h3>\n<\/div>\n<div class=\"row \"><\/div><!-- .row (end) -->\n\n\t\t<style type=\"text\/css\">\n\t\t\t#gallery-2 {\n\t\t\t\tmargin: auto;\n\t\t\t}\n\t\t\t#gallery-2 .gallery-item {\n\t\t\t\tfloat: left;\n\t\t\t\tmargin-top: 10px;\n\t\t\t\ttext-align: center;\n\t\t\t\twidth: 33%;\n\t\t\t}\n\t\t\t#gallery-2 img {\n\t\t\t\tborder: 2px solid #cfcfcf;\n\t\t\t}\n\t\t\t#gallery-2 .gallery-caption {\n\t\t\t\tmargin-left: 0;\n\t\t\t}\n\t\t\t\/* see gallery_shortcode() in wp-includes\/media.php *\/\n\t\t<\/style>\n\t\t<div id='gallery-2' class='gallery galleryid-6356 gallery-columns-3 gallery-size-medium'><dl class='gallery-item'>\n\t\t\t<dt class='gallery-icon landscape'>\n\t\t\t\t<img loading=\"lazy\" decoding=\"async\" width=\"300\" height=\"225\" src=\"https:\/\/webtest.dancas2479.com\/wp-content\/uploads\/2016\/04\/angelitos-1-300x225.jpg\" class=\"attachment-medium size-medium\" alt=\"\" srcset=\"https:\/\/webtest.dancas2479.com\/wp-content\/uploads\/2016\/04\/angelitos-1-300x225.jpg 300w, https:\/\/webtest.dancas2479.com\/wp-content\/uploads\/2016\/04\/angelitos-1-200x150.jpg 200w, https:\/\/webtest.dancas2479.com\/wp-content\/uploads\/2016\/04\/angelitos-1.jpg 500w\" sizes=\"(max-width: 300px) 100vw, 300px\" \/>\n\t\t\t<\/dt><\/dl><dl class='gallery-item'>\n\t\t\t<dt class='gallery-icon landscape'>\n\t\t\t\t<img loading=\"lazy\" decoding=\"async\" width=\"300\" height=\"225\" src=\"https:\/\/webtest.dancas2479.com\/wp-content\/uploads\/2016\/04\/angelitos-2-300x225.jpg\" class=\"attachment-medium size-medium\" alt=\"\" srcset=\"https:\/\/webtest.dancas2479.com\/wp-content\/uploads\/2016\/04\/angelitos-2-300x225.jpg 300w, https:\/\/webtest.dancas2479.com\/wp-content\/uploads\/2016\/04\/angelitos-2-200x150.jpg 200w, https:\/\/webtest.dancas2479.com\/wp-content\/uploads\/2016\/04\/angelitos-2.jpg 500w\" sizes=\"(max-width: 300px) 100vw, 300px\" \/>\n\t\t\t<\/dt><\/dl><dl class='gallery-item'>\n\t\t\t<dt class='gallery-icon landscape'>\n\t\t\t\t<img loading=\"lazy\" decoding=\"async\" width=\"300\" height=\"225\" src=\"https:\/\/webtest.dancas2479.com\/wp-content\/uploads\/2016\/04\/angelitos-3-300x225.jpg\" class=\"attachment-medium size-medium\" alt=\"\" srcset=\"https:\/\/webtest.dancas2479.com\/wp-content\/uploads\/2016\/04\/angelitos-3-300x225.jpg 300w, https:\/\/webtest.dancas2479.com\/wp-content\/uploads\/2016\/04\/angelitos-3-200x150.jpg 200w, https:\/\/webtest.dancas2479.com\/wp-content\/uploads\/2016\/04\/angelitos-3.jpg 500w\" sizes=\"(max-width: 300px) 100vw, 300px\" \/>\n\t\t\t<\/dt><\/dl><br style=\"clear: both\" \/><dl class='gallery-item'>\n\t\t\t<dt class='gallery-icon landscape'>\n\t\t\t\t<img loading=\"lazy\" decoding=\"async\" width=\"300\" height=\"225\" src=\"https:\/\/webtest.dancas2479.com\/wp-content\/uploads\/2016\/04\/angelitos-4-300x225.jpg\" class=\"attachment-medium size-medium\" alt=\"\" srcset=\"https:\/\/webtest.dancas2479.com\/wp-content\/uploads\/2016\/04\/angelitos-4-300x225.jpg 300w, https:\/\/webtest.dancas2479.com\/wp-content\/uploads\/2016\/04\/angelitos-4-200x150.jpg 200w, https:\/\/webtest.dancas2479.com\/wp-content\/uploads\/2016\/04\/angelitos-4.jpg 500w\" sizes=\"(max-width: 300px) 100vw, 300px\" \/>\n\t\t\t<\/dt><\/dl><dl class='gallery-item'>\n\t\t\t<dt class='gallery-icon landscape'>\n\t\t\t\t<img loading=\"lazy\" decoding=\"async\" width=\"300\" height=\"225\" src=\"https:\/\/webtest.dancas2479.com\/wp-content\/uploads\/2016\/04\/angelitos-5-300x225.jpg\" class=\"attachment-medium size-medium\" alt=\"\" srcset=\"https:\/\/webtest.dancas2479.com\/wp-content\/uploads\/2016\/04\/angelitos-5-300x225.jpg 300w, https:\/\/webtest.dancas2479.com\/wp-content\/uploads\/2016\/04\/angelitos-5-200x150.jpg 200w, https:\/\/webtest.dancas2479.com\/wp-content\/uploads\/2016\/04\/angelitos-5.jpg 500w\" sizes=\"(max-width: 300px) 100vw, 300px\" \/>\n\t\t\t<\/dt><\/dl><dl class='gallery-item'>\n\t\t\t<dt class='gallery-icon portrait'>\n\t\t\t\t<img loading=\"lazy\" decoding=\"async\" width=\"225\" height=\"300\" src=\"https:\/\/webtest.dancas2479.com\/wp-content\/uploads\/2016\/04\/angelitos-6-225x300.jpg\" class=\"attachment-medium size-medium\" alt=\"\" srcset=\"https:\/\/webtest.dancas2479.com\/wp-content\/uploads\/2016\/04\/angelitos-6-225x300.jpg 225w, https:\/\/webtest.dancas2479.com\/wp-content\/uploads\/2016\/04\/angelitos-6.jpg 500w\" sizes=\"(max-width: 225px) 100vw, 225px\" \/>\n\t\t\t<\/dt><\/dl><br style=\"clear: both\" \/>\n\t\t<\/div>\n\n<p>&nbsp;<\/p>\n<p>&nbsp;<\/p>\n<p>&nbsp;<\/p>\n<\/div><!-- .row (end) -->\n<p>&nbsp;<\/p>\n","protected":false},"excerpt":{"rendered":"&nbsp;","protected":false},"author":2,"featured_media":0,"parent":0,"menu_order":0,"comment_status":"closed","ping_status":"closed","template":"page-fullwidth.php","meta":{"footnotes":""},"class_list":["post-3442","page","type-page","status-publish","hentry"],"_links":{"self":[{"href":"https:\/\/webtest.dancas2479.com\/fr\/wp-json\/wp\/v2\/pages\/3442"}],"collection":[{"href":"https:\/\/webtest.dancas2479.com\/fr\/wp-json\/wp\/v2\/pages"}],"about":[{"href":"https:\/\/webtest.dancas2479.com\/fr\/wp-json\/wp\/v2\/types\/page"}],"author":[{"embeddable":true,"href":"https:\/\/webtest.dancas2479.com\/fr\/wp-json\/wp\/v2\/users\/2"}],"replies":[{"embeddable":true,"href":"https:\/\/webtest.dancas2479.com\/fr\/wp-json\/wp\/v2\/comments?post=3442"}],"version-history":[{"count":8,"href":"https:\/\/webtest.dancas2479.com\/fr\/wp-json\/wp\/v2\/pages\/3442\/revisions"}],"predecessor-version":[{"id":5256,"href":"https:\/\/webtest.dancas2479.com\/fr\/wp-json\/wp\/v2\/pages\/3442\/revisions\/5256"}],"wp:attachment":[{"href":"https:\/\/webtest.dancas2479.com\/fr\/wp-json\/wp\/v2\/media?parent=3442"}],"curies":[{"name":"wp","href":"https:\/\/api.w.org\/{rel}","templated":true}]}}