{"id":3491,"date":"2011-08-30T11:28:22","date_gmt":"2011-08-30T11:28:22","guid":{"rendered":"http:\/\/qrjlkwq.cluster030.hosting.ovh.net\/en\/privacy-policy\/"},"modified":"2011-08-30T11:28:22","modified_gmt":"2011-08-30T11:28:22","slug":"privacy-policy","status":"publish","type":"page","link":"https:\/\/webtest.dancas2479.com\/en\/privacy-policy\/","title":{"rendered":"Aviso legal"},"content":{"rendered":"<div class=\"row \">\n<div class=\"span12 \"><p>&nbsp;<\/p>\n<p>Todos los elementos que forman este sitio web, im\u00e1genes y v\u00eddeos de las obras, son titularidad de Art Antic y est\u00e1n protegidos por la normativa de propiedad intelectual e industrial.<\/p>\n<p>No se podr\u00e1n realizar actos de reproducci\u00f3n, modificaci\u00f3n, o distribuci\u00f3n del sitio web o de alguno de sus elementos sin el previo consentimiento por escrito de Art Antic.<\/p>\n<p>Los usuarios del sitio web \u00fanicamente podr\u00e1n realizar un uso privado y personal de los contenidos de \u00e9ste. Est\u00e1 absolutamente prohibido, el uso del sitio web o de alguno de sus elementos con fines coerciales o il\u00edcitos.<\/p>\n<p>Ar Antic podr\u00e1 ejercitar toadas las acciones civiles o penales que le correspondan en caso de infracci\u00f3n de estos derechos.<\/p><\/div>\n<\/div><!-- .row (end) -->\n","protected":false},"excerpt":{"rendered":"&nbsp; Todos los elementos que forman este sitio web, im\u00e1genes y v\u00eddeos de las obras, son titularidad de Art Antic y est\u00e1n protegidos por la normativa de propiedad intelectual e industrial. No se podr\u00e1n realizar actos de reproducci\u00f3n, modificaci\u00f3n, o distribuci\u00f3n del sitio web o de alguno de sus elementos sin el previo consentimiento por escrito de Art Antic. Los&nbsp;<a href=\"https:\/\/webtest.dancas2479.com\/en\/privacy-policy\/\" class=\"read-more\">Continue Reading<\/a>","protected":false},"author":2,"featured_media":0,"parent":0,"menu_order":10,"comment_status":"open","ping_status":"open","template":"page-fullwidth.php","meta":{"footnotes":""},"class_list":["post-3491","page","type-page","status-publish","hentry"],"_links":{"self":[{"href":"https:\/\/webtest.dancas2479.com\/en\/wp-json\/wp\/v2\/pages\/3491"}],"collection":[{"href":"https:\/\/webtest.dancas2479.com\/en\/wp-json\/wp\/v2\/pages"}],"about":[{"href":"https:\/\/webtest.dancas2479.com\/en\/wp-json\/wp\/v2\/types\/page"}],"author":[{"embeddable":true,"href":"https:\/\/webtest.dancas2479.com\/en\/wp-json\/wp\/v2\/users\/2"}],"replies":[{"embeddable":true,"href":"https:\/\/webtest.dancas2479.com\/en\/wp-json\/wp\/v2\/comments?post=3491"}],"version-history":[{"count":0,"href":"https:\/\/webtest.dancas2479.com\/en\/wp-json\/wp\/v2\/pages\/3491\/revisions"}],"wp:attachment":[{"href":"https:\/\/webtest.dancas2479.com\/en\/wp-json\/wp\/v2\/media?parent=3491"}],"curies":[{"name":"wp","href":"https:\/\/api.w.org\/{rel}","templated":true}]}}