{"id":5563,"date":"2016-11-09T09:09:41","date_gmt":"2016-11-09T09:09:41","guid":{"rendered":"http:\/\/qrjlkwq.cluster030.hosting.ovh.net\/ca\/?page_id=5563"},"modified":"2016-11-17T15:48:41","modified_gmt":"2016-11-17T15:48:41","slug":"trabajos-excepcionales-2","status":"publish","type":"page","link":"https:\/\/webtest.dancas2479.com\/ca\/galeria\/trabajos-excepcionales-2\/","title":{"rendered":"Treballs excepcionals"},"content":{"rendered":"[vc_row][vc_column width=\"1\/2\"][vc_cta h2=\"\" txt_align=\"center\" style=\"custom\" add_button=\"bottom\" btn_title=\"Llegir mes\" btn_color=\"warning\" btn_align=\"center\" btn_link=\"url:http%3A%2F%2Fqrjlkwq.cluster030.hosting.ovh.net%2Fca%2Fgaleria%2Ftrabajos-excepcionales-2%2Faltar-major-cadaques%2F|||\" btn_custom_onclick=\"true\" custom_background=\"rgba(242,242,242,0.01)\"]\n<h3><img fetchpriority=\"high\" decoding=\"async\" class=\"aligncenter size-medium wp-image-2389\" src=\"http:\/\/qrjlkwq.cluster030.hosting.ovh.net\/wp-content\/uploads\/2016\/04\/1-cadaques-llibre-1-256x300.jpg\" alt=\"1-cadaques-llibre-1\" width=\"256\" height=\"300\" srcset=\"https:\/\/webtest.dancas2479.com\/wp-content\/uploads\/2016\/04\/1-cadaques-llibre-1-256x300.jpg 256w, https:\/\/webtest.dancas2479.com\/wp-content\/uploads\/2016\/04\/1-cadaques-llibre-1-768x900.jpg 768w, https:\/\/webtest.dancas2479.com\/wp-content\/uploads\/2016\/04\/1-cadaques-llibre-1.jpg 800w\" sizes=\"(max-width: 256px) 100vw, 256px\" \/><\/h3>\n<h3 style=\"text-align: center;\">LLIBRE DE L'ALTAR MAJOR DE CADAQU\u00c9S<\/h3>\n<p style=\"text-align: center;\">Pel que fa a l\u2019art religi\u00f3s tenim un clar exemple en l\u2019esgl\u00e9sia barroca de Cadaqu\u00e9s, considerada la m\u00e9s important de Catalunya pel seu altar major i altars laterals. Al seu altar major hi ha tres escultures d\u2019\u00e0ngels de Josep M Mart\u00ed realitzades en els anys 90, en els seus inicis, encarregades per Moss\u00e8n Xavier Ferrer.<\/p>\n[\/vc_cta][\/vc_column][vc_column width=\"1\/2\"][vc_cta h2=\"\" txt_align=\"center\" style=\"custom\" add_button=\"bottom\" btn_title=\"Llegir m\u00e9s\" btn_color=\"warning\" btn_align=\"center\" custom_background=\"rgba(0,0,0,0.01)\" btn_link=\"url:http%3A%2F%2Fqrjlkwq.cluster030.hosting.ovh.net%2Fca%2Fgaleria%2Ftrabajos-excepcionales-2%2Fconsolas-renacimiento%2F|||\"]<img decoding=\"async\" class=\"aligncenter size-medium wp-image-5787\" src=\"http:\/\/qrjlkwq.cluster030.hosting.ovh.net\/wp-content\/uploads\/2016\/11\/Ar-Antic-Consoles21-300x197.jpg\" alt=\"ar-antic-consoles21\" width=\"300\" height=\"197\" srcset=\"https:\/\/webtest.dancas2479.com\/wp-content\/uploads\/2016\/11\/Ar-Antic-Consoles21-300x197.jpg 300w, https:\/\/webtest.dancas2479.com\/wp-content\/uploads\/2016\/11\/Ar-Antic-Consoles21.jpg 500w\" sizes=\"(max-width: 300px) 100vw, 300px\" \/><\/p>\n<h3 style=\"text-align: center;\">Consoles Renaixament Itali\u00e0<\/h3>\n<p>Les dues consoles s\u00f3n de fusta esculpida, una daurada amb pa d\u2019or i l\u2019altre amb pa de plata (s\u00edmbol del mascul\u00ed i del femen\u00ed). Escultura excepcional de quatre dracs expressius expulsant flames i flors per la boca en direcci\u00f3 a la part central on hi ha l\u2019au f\u00e8nix (ocell mitol\u00f2gic que ressorgeix de les seves cendres). La base son quatre delfins (s\u00edmbol de la divinitat del mar). El sobre \u00e9s un fals marbre policromat estil sicili\u00e0.[\/vc_cta][\/vc_column][\/vc_row]\n","protected":false},"excerpt":{"rendered":"[vc_row][vc_column width=\"1\/2\"][vc_cta h2=\"\" txt_align=\"center\" style=\"custom\" add_button=\"bottom\" btn_title=\"Llegir mes\" btn_color=\"warning\" btn_align=\"center\" btn_link=\"url:http%3A%2F%2Fqrjlkwq.cluster030.hosting.ovh.net%2Fca%2Fgaleria%2Ftrabajos-excepcionales-2%2Faltar-major-cadaques%2F|||\" btn_custom_onclick=\"true\" custom_background=\"rgba(242,242,242,0.01)\"] LLIBRE DE L'ALTAR MAJOR DE CADAQU\u00c9S Pel que fa a l\u2019art religi\u00f3s tenim un clar exemple en l\u2019esgl\u00e9sia barroca de Cadaqu\u00e9s, considerada la m\u00e9s important de Catalunya pel seu altar major i altars laterals. Al seu altar major hi ha tres escultures d\u2019\u00e0ngels de Josep M Mart\u00ed&nbsp;<a href=\"https:\/\/webtest.dancas2479.com\/ca\/galeria\/trabajos-excepcionales-2\/\" class=\"read-more\">Continue Reading<\/a>","protected":false},"author":2,"featured_media":0,"parent":5395,"menu_order":0,"comment_status":"closed","ping_status":"closed","template":"page-fullwidth.php","meta":{"footnotes":""},"class_list":["post-5563","page","type-page","status-publish","hentry"],"_links":{"self":[{"href":"https:\/\/webtest.dancas2479.com\/ca\/wp-json\/wp\/v2\/pages\/5563"}],"collection":[{"href":"https:\/\/webtest.dancas2479.com\/ca\/wp-json\/wp\/v2\/pages"}],"about":[{"href":"https:\/\/webtest.dancas2479.com\/ca\/wp-json\/wp\/v2\/types\/page"}],"author":[{"embeddable":true,"href":"https:\/\/webtest.dancas2479.com\/ca\/wp-json\/wp\/v2\/users\/2"}],"replies":[{"embeddable":true,"href":"https:\/\/webtest.dancas2479.com\/ca\/wp-json\/wp\/v2\/comments?post=5563"}],"version-history":[{"count":7,"href":"https:\/\/webtest.dancas2479.com\/ca\/wp-json\/wp\/v2\/pages\/5563\/revisions"}],"predecessor-version":[{"id":5817,"href":"https:\/\/webtest.dancas2479.com\/ca\/wp-json\/wp\/v2\/pages\/5563\/revisions\/5817"}],"up":[{"embeddable":true,"href":"https:\/\/webtest.dancas2479.com\/ca\/wp-json\/wp\/v2\/pages\/5395"}],"wp:attachment":[{"href":"https:\/\/webtest.dancas2479.com\/ca\/wp-json\/wp\/v2\/media?parent=5563"}],"curies":[{"name":"wp","href":"https:\/\/api.w.org\/{rel}","templated":true}]}}