{"id":5463,"date":"2016-11-07T16:40:58","date_gmt":"2016-11-07T16:40:58","guid":{"rendered":"http:\/\/qrjlkwq.cluster030.hosting.ovh.net\/ca\/?page_id=5463"},"modified":"2016-11-10T12:31:46","modified_gmt":"2016-11-10T12:31:46","slug":"sillas","status":"publish","type":"page","link":"https:\/\/webtest.dancas2479.com\/ca\/galeria\/muebles\/sillas\/","title":{"rendered":"Cadires"},"content":{"rendered":"[vc_row][vc_column][vc_column_text]Es poden fer totalment a gust del client, mida, color, distribuci\u00f3 d\u2019interiors, paret,...els podem afegir talla, policromia, daurats, acabats especials. Sempre es fa un estudi previ per a poder treure el m\u00e0xim profit a la pe\u00e7a.<\/p>\n<p>Tenim una infinitat de varietat: r\u00fastics, tallats, amb daurats. Des d\u2019una taula r\u00fastica espanyola fins a una gran oferta en llits barrocs policromats passant per taules de menjador amb sobres de 10cm. de gruix, mobles de televisi\u00f3, bancs r\u00fastics....s\u00f3n peces a la mida i el gust del client. Fem cuines r\u00fastiques, tauletes de nit, armaris amb el disseny dels interiors a gust del client, policromats, amb talla, r\u00fastics. Tot amb un dibuix previ per a poder estudiar b\u00e9 la pe\u00e7a.<\/p>\n<p>Podem fer un estudi basant-nos en els models de l\u2019exposici\u00f3 o en una fotografia o un dibuix que ens mostrin. Tamb\u00e9 podem fer unes mostres d\u2019acabat per tal de veure m\u00e9s clar com ser\u00e0 el resultat final. Realitzem el disseny i el pressupost sense comprom\u00eds.[\/vc_column_text][\/vc_column][\/vc_row][vc_row][vc_column][vc_masonry_media_grid element_width=\"2\" gap=\"10\" grid_id=\"vc_gid:1478781034738-2b10b881-89a6-1\" include=\"4444,4445,4446,4447,4448,4449,4450,4451,4452,4453,4454,4455,4456,4457,4458,4459,4460,4461,4462,4463,4464,4465,4466,4467,4468,4469,4470,4471,4472,4473,4474,4475,4476,4477\"][\/vc_column][\/vc_row]\n","protected":false},"excerpt":{"rendered":"[vc_row][vc_column][vc_column_text]Es poden fer totalment a gust del client, mida, color, distribuci\u00f3 d\u2019interiors, paret,...els podem afegir talla, policromia, daurats, acabats especials. Sempre es fa un estudi previ per a poder treure el m\u00e0xim profit a la pe\u00e7a. Tenim una infinitat de varietat: r\u00fastics, tallats, amb daurats. Des d\u2019una taula r\u00fastica espanyola fins a una gran oferta en llits barrocs policromats passant&nbsp;<a href=\"https:\/\/webtest.dancas2479.com\/ca\/galeria\/muebles\/sillas\/\" class=\"read-more\">Continue Reading<\/a>","protected":false},"author":2,"featured_media":0,"parent":3469,"menu_order":0,"comment_status":"closed","ping_status":"closed","template":"page-fullwidth.php","meta":{"footnotes":""},"class_list":["post-5463","page","type-page","status-publish","hentry"],"_links":{"self":[{"href":"https:\/\/webtest.dancas2479.com\/ca\/wp-json\/wp\/v2\/pages\/5463"}],"collection":[{"href":"https:\/\/webtest.dancas2479.com\/ca\/wp-json\/wp\/v2\/pages"}],"about":[{"href":"https:\/\/webtest.dancas2479.com\/ca\/wp-json\/wp\/v2\/types\/page"}],"author":[{"embeddable":true,"href":"https:\/\/webtest.dancas2479.com\/ca\/wp-json\/wp\/v2\/users\/2"}],"replies":[{"embeddable":true,"href":"https:\/\/webtest.dancas2479.com\/ca\/wp-json\/wp\/v2\/comments?post=5463"}],"version-history":[{"count":3,"href":"https:\/\/webtest.dancas2479.com\/ca\/wp-json\/wp\/v2\/pages\/5463\/revisions"}],"predecessor-version":[{"id":5687,"href":"https:\/\/webtest.dancas2479.com\/ca\/wp-json\/wp\/v2\/pages\/5463\/revisions\/5687"}],"up":[{"embeddable":true,"href":"https:\/\/webtest.dancas2479.com\/ca\/wp-json\/wp\/v2\/pages\/3469"}],"wp:attachment":[{"href":"https:\/\/webtest.dancas2479.com\/ca\/wp-json\/wp\/v2\/media?parent=5463"}],"curies":[{"name":"wp","href":"https:\/\/api.w.org\/{rel}","templated":true}]}}