{"id":5457,"date":"2016-11-07T16:38:50","date_gmt":"2016-11-07T16:38:50","guid":{"rendered":"http:\/\/qrjlkwq.cluster030.hosting.ovh.net\/ca\/?page_id=5457"},"modified":"2016-11-17T10:33:01","modified_gmt":"2016-11-17T10:33:01","slug":"otros-muebles","status":"publish","type":"page","link":"https:\/\/webtest.dancas2479.com\/ca\/galeria\/muebles\/otros-muebles\/","title":{"rendered":"Altres mobles"},"content":{"rendered":"[vc_row][vc_column][vc_column_text]Es poden fer totalment a gust del client, mida, color, distribuci\u00f3 d\u2019interiors, paret,...els podem afegir talla, policromia, daurats, acabats especials. Sempre es fa un estudi previ per a poder treure el m\u00e0xim profit a la pe\u00e7a.<\/p>\n<p>Tenim una infinitat de varietat: r\u00fastics, tallats, amb daurats. Des d\u2019una taula r\u00fastica espanyola fins a una gran oferta en llits barrocs policromats passant per taules de menjador amb sobres de 10cm. de gruix, mobles de televisi\u00f3, bancs r\u00fastics....s\u00f3n peces a la mida i el gust del client. Fem cuines r\u00fastiques, tauletes de nit, armaris amb el disseny dels interiors a gust del client, policromats, amb talla, r\u00fastics. Tot amb un dibuix previ per a poder estudiar b\u00e9 la pe\u00e7a.<\/p>\n<p>Podem fer un estudi basant-nos en els models de l\u2019exposici\u00f3 o en una fotografia o un dibuix que ens mostrin. Tamb\u00e9 podem fer unes mostres d\u2019acabat per tal de veure m\u00e9s clar com ser\u00e0 el resultat final. Realitzem el disseny i el pressupost sense comprom\u00eds.[\/vc_column_text][\/vc_column][\/vc_row][vc_row][vc_column][vc_masonry_media_grid element_width=\"2\" gap=\"10\" grid_id=\"vc_gid:1478781201538-9362df12-2df8-0\" include=\"4482,4483,4484,4485,4486,4487,4488,4489,4490,4491,4492,4493,4494,4495,4496,4497,4498,4499,4500,4501,4502,4503,4504,4505,4506,4507,4508,4509,4510,4511,4512,4513,4514,4515,4516,4517,4518,4519,4520,4521,4522,4523,4524,4525,4526,4527,4528,4529,4530,4531,4532,4533,4534,4535,4536,4537,4538,4539,4540,4541,4542,4543,4544,4545,4546,4547,4548,4549,4550,4551,4552,4553,4554,4555,4556,4557,4558,4559,4560,4561,4562,4563,4564,4565,4566,4567,4568,4569,4570,4571,4572,4573,4574,4575,4576,4577,4578,4579,4580,4581,4582,4583,4584,4585,4586,4587,4588,4589,4590,4591,4592,4593,4594\"][\/vc_column][\/vc_row]\n","protected":false},"excerpt":{"rendered":"[vc_row][vc_column][vc_column_text]Es poden fer totalment a gust del client, mida, color, distribuci\u00f3 d\u2019interiors, paret,...els podem afegir talla, policromia, daurats, acabats especials. Sempre es fa un estudi previ per a poder treure el m\u00e0xim profit a la pe\u00e7a. Tenim una infinitat de varietat: r\u00fastics, tallats, amb daurats. Des d\u2019una taula r\u00fastica espanyola fins a una gran oferta en llits barrocs policromats passant&nbsp;<a href=\"https:\/\/webtest.dancas2479.com\/ca\/galeria\/muebles\/otros-muebles\/\" class=\"read-more\">Continue Reading<\/a>","protected":false},"author":2,"featured_media":0,"parent":3469,"menu_order":0,"comment_status":"closed","ping_status":"closed","template":"page-fullwidth.php","meta":{"footnotes":""},"class_list":["post-5457","page","type-page","status-publish","hentry"],"_links":{"self":[{"href":"https:\/\/webtest.dancas2479.com\/ca\/wp-json\/wp\/v2\/pages\/5457"}],"collection":[{"href":"https:\/\/webtest.dancas2479.com\/ca\/wp-json\/wp\/v2\/pages"}],"about":[{"href":"https:\/\/webtest.dancas2479.com\/ca\/wp-json\/wp\/v2\/types\/page"}],"author":[{"embeddable":true,"href":"https:\/\/webtest.dancas2479.com\/ca\/wp-json\/wp\/v2\/users\/2"}],"replies":[{"embeddable":true,"href":"https:\/\/webtest.dancas2479.com\/ca\/wp-json\/wp\/v2\/comments?post=5457"}],"version-history":[{"count":3,"href":"https:\/\/webtest.dancas2479.com\/ca\/wp-json\/wp\/v2\/pages\/5457\/revisions"}],"predecessor-version":[{"id":5710,"href":"https:\/\/webtest.dancas2479.com\/ca\/wp-json\/wp\/v2\/pages\/5457\/revisions\/5710"}],"up":[{"embeddable":true,"href":"https:\/\/webtest.dancas2479.com\/ca\/wp-json\/wp\/v2\/pages\/3469"}],"wp:attachment":[{"href":"https:\/\/webtest.dancas2479.com\/ca\/wp-json\/wp\/v2\/media?parent=5457"}],"curies":[{"name":"wp","href":"https:\/\/api.w.org\/{rel}","templated":true}]}}