{"id":5451,"date":"2016-11-07T16:36:22","date_gmt":"2016-11-07T16:36:22","guid":{"rendered":"http:\/\/qrjlkwq.cluster030.hosting.ovh.net\/ca\/?page_id=5451"},"modified":"2016-11-17T10:26:22","modified_gmt":"2016-11-17T10:26:22","slug":"mesas","status":"publish","type":"page","link":"https:\/\/webtest.dancas2479.com\/ca\/galeria\/muebles\/mesas\/","title":{"rendered":"Taules"},"content":{"rendered":"[vc_row][vc_column][vc_column_text]Es poden fer totalment a gust del client, mida, color, distribuci\u00f3 d\u2019interiors, paret,...els podem afegir talla, policromia, daurats, acabats especials. Sempre es fa un estudi previ per a poder treure el m\u00e0xim profit a la pe\u00e7a.<\/p>\n<p>Tenim una infinitat de varietat: r\u00fastics, tallats, amb daurats. Des d\u2019una taula r\u00fastica espanyola fins a una gran oferta en llits barrocs policromats passant per taules de menjador amb sobres de 10cm. de gruix, mobles de televisi\u00f3, bancs r\u00fastics....s\u00f3n peces a la mida i el gust del client. Fem cuines r\u00fastiques, tauletes de nit, armaris amb el disseny dels interiors a gust del client, policromats, amb talla, r\u00fastics. Tot amb un dibuix previ per a poder estudiar b\u00e9 la pe\u00e7a.<\/p>\n<p>Podem fer un estudi basant-nos en els models de l\u2019exposici\u00f3 o en una fotografia o un dibuix que ens mostrin. Tamb\u00e9 podem fer unes mostres d\u2019acabat per tal de veure m\u00e9s clar com ser\u00e0 el resultat final. Realitzem el disseny i el pressupost sense comprom\u00eds.[\/vc_column_text][\/vc_column][\/vc_row][vc_row][vc_column][vc_masonry_media_grid element_width=\"2\" gap=\"10\" grid_id=\"vc_gid:1478781263668-c1228ccd-3d8b-10\" include=\"4376,4377,4378,4379,4380,4381,4382,4383,4384,4385,4386,4387,4388,4389,4390,4391,4392,4393,4394,4395,4396,4397,4398,4399,4400,4401,4402,4403,4404,4405,4406,4407,4408,4409,4410,4411,4412,4413,4414,4415,4416,4417,4418,4419,4420,4421,4422,4423,4424,4425,4426,4427,4428,4429,4430,4431,4432,4433,4434,4435,4436,4437\"][\/vc_column][\/vc_row]\n","protected":false},"excerpt":{"rendered":"[vc_row][vc_column][vc_column_text]Es poden fer totalment a gust del client, mida, color, distribuci\u00f3 d\u2019interiors, paret,...els podem afegir talla, policromia, daurats, acabats especials. Sempre es fa un estudi previ per a poder treure el m\u00e0xim profit a la pe\u00e7a. Tenim una infinitat de varietat: r\u00fastics, tallats, amb daurats. Des d\u2019una taula r\u00fastica espanyola fins a una gran oferta en llits barrocs policromats passant&nbsp;<a href=\"https:\/\/webtest.dancas2479.com\/ca\/galeria\/muebles\/mesas\/\" class=\"read-more\">Continue Reading<\/a>","protected":false},"author":2,"featured_media":0,"parent":3469,"menu_order":0,"comment_status":"closed","ping_status":"closed","template":"page-fullwidth.php","meta":{"footnotes":""},"class_list":["post-5451","page","type-page","status-publish","hentry"],"_links":{"self":[{"href":"https:\/\/webtest.dancas2479.com\/ca\/wp-json\/wp\/v2\/pages\/5451"}],"collection":[{"href":"https:\/\/webtest.dancas2479.com\/ca\/wp-json\/wp\/v2\/pages"}],"about":[{"href":"https:\/\/webtest.dancas2479.com\/ca\/wp-json\/wp\/v2\/types\/page"}],"author":[{"embeddable":true,"href":"https:\/\/webtest.dancas2479.com\/ca\/wp-json\/wp\/v2\/users\/2"}],"replies":[{"embeddable":true,"href":"https:\/\/webtest.dancas2479.com\/ca\/wp-json\/wp\/v2\/comments?post=5451"}],"version-history":[{"count":3,"href":"https:\/\/webtest.dancas2479.com\/ca\/wp-json\/wp\/v2\/pages\/5451\/revisions"}],"predecessor-version":[{"id":5690,"href":"https:\/\/webtest.dancas2479.com\/ca\/wp-json\/wp\/v2\/pages\/5451\/revisions\/5690"}],"up":[{"embeddable":true,"href":"https:\/\/webtest.dancas2479.com\/ca\/wp-json\/wp\/v2\/pages\/3469"}],"wp:attachment":[{"href":"https:\/\/webtest.dancas2479.com\/ca\/wp-json\/wp\/v2\/media?parent=5451"}],"curies":[{"name":"wp","href":"https:\/\/api.w.org\/{rel}","templated":true}]}}