{"id":5445,"date":"2016-11-07T16:28:49","date_gmt":"2016-11-07T16:28:49","guid":{"rendered":"http:\/\/qrjlkwq.cluster030.hosting.ovh.net\/ca\/?page_id=5445"},"modified":"2016-11-17T10:18:13","modified_gmt":"2016-11-17T10:18:13","slug":"llits","status":"publish","type":"page","link":"https:\/\/webtest.dancas2479.com\/ca\/galeria\/muebles\/llits\/","title":{"rendered":"Llits"},"content":{"rendered":"<p>Art Antic, \u00e9s una empresa creada per l'artista i artes\u00e0\u00a0Josep M\u00aa Mart\u00ed,\u00a0per a poder oferir a totes aquelles persones interessades en el m\u00f3n de la decoraci\u00f3, l'oportunitat de poder crear un ambient exclusiu i especial a casa seva.<\/p>\n[vc_row][vc_column][vc_column_text]Es poden fer totalment a gust del client, mida, color, distribuci\u00f3 d\u2019interiors, paret,...els podem afegir talla, policromia, daurats, acabats especials. Sempre es fa un estudi previ per a poder treure el m\u00e0xim profit a la pe\u00e7a.<\/p>\n<p>Tenim una infinitat de varietat: r\u00fastics, tallats, amb daurats. Des d\u2019una taula r\u00fastica espanyola fins a una gran oferta en llits barrocs policromats passant per taules de menjador amb sobres de 10cm. de gruix, mobles de televisi\u00f3, bancs r\u00fastics....s\u00f3n peces a la mida i el gust del client. Fem cuines r\u00fastiques, tauletes de nit, armaris amb el disseny dels interiors a gust del client, policromats, amb talla, r\u00fastics. Tot amb un dibuix previ per a poder estudiar b\u00e9 la pe\u00e7a.<\/p>\n<p>Podem fer un estudi basant-nos en els models de l\u2019exposici\u00f3 o en una fotografia o un dibuix que ens mostrin. Tamb\u00e9 podem fer unes mostres d\u2019acabat per tal de veure m\u00e9s clar com ser\u00e0 el resultat final. Realitzem el disseny i el pressupost sense comprom\u00eds.[\/vc_column_text][\/vc_column][\/vc_row][vc_row][vc_column][vc_masonry_media_grid element_width=\"2\" gap=\"10\" grid_id=\"vc_gid:1478781151111-b14b6e23-e2b4-0\" include=\"4280,4281,4282,4283,4284,4285,4286,4287,4288,4289,4290,4291,4292,4293,4294,4295,4296,4297,4298,4299,4300,4301,4302,4303,4304,4305,4306,4307,4308,4309,4310,4311,4312,4313,4314,4315,4316,4317,4318,4319,4320,4321,4322,4323,4324,4325,4326,4327,4328,4329,4330,4331,4332,4333,4334,4335,4336,4337,4338,4339,4340,4341,4342,4343,4344,4345,4346,4347,4348,4349,4350,4351,4352,4353,4354,4355,4356,4357,4358,4359,4360,4361,4362,4363,4364,4365,4366,4367,4368,4369\"][\/vc_column][\/vc_row]\n","protected":false},"excerpt":{"rendered":"Art Antic, \u00e9s una empresa creada per l'artista i artes\u00e0\u00a0Josep M\u00aa Mart\u00ed,\u00a0per a poder oferir a totes aquelles persones interessades en el m\u00f3n de la decoraci\u00f3, l'oportunitat de poder crear un ambient exclusiu i especial a casa seva. [vc_row][vc_column][vc_column_text]Es poden fer totalment a gust del client, mida, color, distribuci\u00f3 d\u2019interiors, paret,...els podem afegir talla, policromia, daurats, acabats especials. Sempre es&nbsp;<a href=\"https:\/\/webtest.dancas2479.com\/ca\/galeria\/muebles\/llits\/\" class=\"read-more\">Continue Reading<\/a>","protected":false},"author":2,"featured_media":0,"parent":3469,"menu_order":0,"comment_status":"closed","ping_status":"closed","template":"page-fullwidth.php","meta":{"footnotes":""},"class_list":["post-5445","page","type-page","status-publish","hentry"],"_links":{"self":[{"href":"https:\/\/webtest.dancas2479.com\/ca\/wp-json\/wp\/v2\/pages\/5445"}],"collection":[{"href":"https:\/\/webtest.dancas2479.com\/ca\/wp-json\/wp\/v2\/pages"}],"about":[{"href":"https:\/\/webtest.dancas2479.com\/ca\/wp-json\/wp\/v2\/types\/page"}],"author":[{"embeddable":true,"href":"https:\/\/webtest.dancas2479.com\/ca\/wp-json\/wp\/v2\/users\/2"}],"replies":[{"embeddable":true,"href":"https:\/\/webtest.dancas2479.com\/ca\/wp-json\/wp\/v2\/comments?post=5445"}],"version-history":[{"count":3,"href":"https:\/\/webtest.dancas2479.com\/ca\/wp-json\/wp\/v2\/pages\/5445\/revisions"}],"predecessor-version":[{"id":5893,"href":"https:\/\/webtest.dancas2479.com\/ca\/wp-json\/wp\/v2\/pages\/5445\/revisions\/5893"}],"up":[{"embeddable":true,"href":"https:\/\/webtest.dancas2479.com\/ca\/wp-json\/wp\/v2\/pages\/3469"}],"wp:attachment":[{"href":"https:\/\/webtest.dancas2479.com\/ca\/wp-json\/wp\/v2\/media?parent=5445"}],"curies":[{"name":"wp","href":"https:\/\/api.w.org\/{rel}","templated":true}]}}