{"id":3493,"date":"2011-08-30T11:28:22","date_gmt":"2011-08-30T11:28:22","guid":{"rendered":"http:\/\/qrjlkwq.cluster030.hosting.ovh.net\/ca\/privacy-policy\/"},"modified":"2016-07-05T08:22:58","modified_gmt":"2016-07-05T08:22:58","slug":"privacy-policy","status":"publish","type":"page","link":"https:\/\/webtest.dancas2479.com\/ca\/privacy-policy\/","title":{"rendered":"Av\u00eds legal"},"content":{"rendered":"<div class=\"row \">\n<div class=\"span12 \"><p>&nbsp;<\/p>\n<p>Tots els elements que formen aquest lloc web, imatge i v\u00eddeos de les obres s\u00f3n titularitat d\u2019Art Antic i estan protegits per la normativa de propietat intel\u00b7lectual i industrial.<\/p>\n<p>No es podran realitzar actes de reproducci\u00f3, modificaci\u00f3 o distribuci\u00f3 del lloc web o d\u2019algun dels seus elements sense el previ consentiment per escrit d\u2019Art Antic.<\/p>\n<p>Els usuaris del lloc web \u00fanicament podran realitzar-ne un \u00fas privat i personal dels continguts d\u2019aquest. Est\u00e0 absolutament prohibit l\u2019\u00fas del lloc web o d\u2019algun dels seus elements amb fins comercials o il\u00b7l\u00edcits.<\/p>\n<p>Art Antic podr\u00e0 exercitar totes les accions civils d\u2019infracci\u00f3 d\u2019aquests drets.<\/p><\/div>\n<\/div><!-- .row (end) -->\n","protected":false},"excerpt":{"rendered":"&nbsp; Tots els elements que formen aquest lloc web, imatge i v\u00eddeos de les obres s\u00f3n titularitat d\u2019Art Antic i estan protegits per la normativa de propietat intel\u00b7lectual i industrial. No es podran realitzar actes de reproducci\u00f3, modificaci\u00f3 o distribuci\u00f3 del lloc web o d\u2019algun dels seus elements sense el previ consentiment per escrit d\u2019Art Antic. Els usuaris del lloc&nbsp;<a href=\"https:\/\/webtest.dancas2479.com\/ca\/privacy-policy\/\" class=\"read-more\">Continue Reading<\/a>","protected":false},"author":2,"featured_media":0,"parent":0,"menu_order":10,"comment_status":"open","ping_status":"open","template":"page-fullwidth.php","meta":{"footnotes":""},"class_list":["post-3493","page","type-page","status-publish","hentry"],"_links":{"self":[{"href":"https:\/\/webtest.dancas2479.com\/ca\/wp-json\/wp\/v2\/pages\/3493"}],"collection":[{"href":"https:\/\/webtest.dancas2479.com\/ca\/wp-json\/wp\/v2\/pages"}],"about":[{"href":"https:\/\/webtest.dancas2479.com\/ca\/wp-json\/wp\/v2\/types\/page"}],"author":[{"embeddable":true,"href":"https:\/\/webtest.dancas2479.com\/ca\/wp-json\/wp\/v2\/users\/2"}],"replies":[{"embeddable":true,"href":"https:\/\/webtest.dancas2479.com\/ca\/wp-json\/wp\/v2\/comments?post=3493"}],"version-history":[{"count":1,"href":"https:\/\/webtest.dancas2479.com\/ca\/wp-json\/wp\/v2\/pages\/3493\/revisions"}],"predecessor-version":[{"id":3673,"href":"https:\/\/webtest.dancas2479.com\/ca\/wp-json\/wp\/v2\/pages\/3493\/revisions\/3673"}],"wp:attachment":[{"href":"https:\/\/webtest.dancas2479.com\/ca\/wp-json\/wp\/v2\/media?parent=3493"}],"curies":[{"name":"wp","href":"https:\/\/api.w.org\/{rel}","templated":true}]}}