{"id":3481,"date":"2012-10-23T09:25:54","date_gmt":"2012-10-23T09:25:54","guid":{"rendered":"http:\/\/qrjlkwq.cluster030.hosting.ovh.net\/ca\/portfolio\/espejos\/"},"modified":"2016-11-17T11:29:48","modified_gmt":"2016-11-17T11:29:48","slug":"espejos","status":"publish","type":"page","link":"https:\/\/webtest.dancas2479.com\/ca\/galeria\/espejos\/","title":{"rendered":"Miralls"},"content":{"rendered":"[vc_row][vc_column][vc_column_text]\n<p style=\"text-align: justify;\">Peces r\u00fastiques, barroques, Llu\u00eds XV, neocl\u00e0ssiques, modernistes...podem fer el que el client ens demani tant en mida, com en acabat, disseny i exclusivitat. Dibuixem el disseny, l\u2019hi presentem al client i creem la pe\u00e7a totalment al seu gust. En aquests secci\u00f3 tenim molts exemples, r\u00fastics, barrocs, tallats, venecians, cornuc\u00f2pies, consoles mirall, gran quantitat de marcs rectes amb una infinitat de colors. Tot dissenyat per en Josep M.<\/p>\n<p style=\"text-align: justify;\">En aquesta secci\u00f3 es pot veure el primer mirall que va fabricar en Josep M. a l\u2019edat de 15 anys, \u00e9s una cornuc\u00f2pia (o mirall rococ\u00f3). Les seves mides s\u00f3n: 250cm d\u2019ample x 200cm d\u2019alt, tot disseny seu, la talla i l\u2019acabat, el va realitzar sense ajuda de cap dels seus mestres. \u00c9s una pe\u00e7a \u00fanica que es va vendre a un dels hotels m\u00e9s importants del sud de Fran\u00e7a el qual el t\u00e9 muntat a la sala principal.<\/p>\n[\/vc_column_text][vc_column_text]<strong>A continuaci\u00f3 podeu veure una selecci\u00f3 de fotograf\u00edes dels treballs realitzats<\/strong>[\/vc_column_text][\/vc_column][\/vc_row][vc_row][vc_column][vc_masonry_media_grid element_width=\"2\" gap=\"10\" grid_id=\"vc_gid:1478859931891-bc19d3c9-54f8-7\" include=\"5046,5045,4900,4901,4902,4903,4904,4905,4906,5043,4907,4908,4909,4911,4912,4913,4914,4955,4915,4916,4917,4918,4919,4920,4921,4922,4923,4924,4925,4926,4927,4928,4929,4930,4931,4932,4933,4934,4935,4936,4937,4938,4939,4940,4941,4942,4943,4944,4945,4946,4947,4948,4949,4951,4952,4953,4954,4956,4958,4959,4960,4961,4962,4963,4964,4965,4966,4967,4968,4969,4970,4971,4972,4973,4974,4975,4976,4977,4978,4979,4980,4981,5044,4982,4983,4984,4985,4987,4988,4989,4990,4991,4992,4993,4994,4995,4996,4997,4998,4999,5000,5001,5002,5003,5004,5005,5006,5007,5008,5009,5010,5011,5012,5013,5014,5015,5016,5017,5019,5020,5021,5022,5023,5024,5025,5026,5027,5028,5029,5030,5031,5032,5033,5034\"][\/vc_column][\/vc_row]\n","protected":false},"excerpt":{"rendered":"[vc_row][vc_column][vc_column_text] Peces r\u00fastiques, barroques, Llu\u00eds XV, neocl\u00e0ssiques, modernistes...podem fer el que el client ens demani tant en mida, com en acabat, disseny i exclusivitat. Dibuixem el disseny, l\u2019hi presentem al client i creem la pe\u00e7a totalment al seu gust. En aquests secci\u00f3 tenim molts exemples, r\u00fastics, barrocs, tallats, venecians, cornuc\u00f2pies, consoles mirall, gran quantitat de marcs rectes amb una infinitat&nbsp;<a href=\"https:\/\/webtest.dancas2479.com\/ca\/galeria\/espejos\/\" class=\"read-more\">Continue Reading<\/a>","protected":false},"author":2,"featured_media":0,"parent":5395,"menu_order":5,"comment_status":"open","ping_status":"closed","template":"page-fullwidth.php","meta":{"footnotes":""},"class_list":["post-3481","page","type-page","status-publish","hentry"],"_links":{"self":[{"href":"https:\/\/webtest.dancas2479.com\/ca\/wp-json\/wp\/v2\/pages\/3481"}],"collection":[{"href":"https:\/\/webtest.dancas2479.com\/ca\/wp-json\/wp\/v2\/pages"}],"about":[{"href":"https:\/\/webtest.dancas2479.com\/ca\/wp-json\/wp\/v2\/types\/page"}],"author":[{"embeddable":true,"href":"https:\/\/webtest.dancas2479.com\/ca\/wp-json\/wp\/v2\/users\/2"}],"replies":[{"embeddable":true,"href":"https:\/\/webtest.dancas2479.com\/ca\/wp-json\/wp\/v2\/comments?post=3481"}],"version-history":[{"count":12,"href":"https:\/\/webtest.dancas2479.com\/ca\/wp-json\/wp\/v2\/pages\/3481\/revisions"}],"predecessor-version":[{"id":5748,"href":"https:\/\/webtest.dancas2479.com\/ca\/wp-json\/wp\/v2\/pages\/3481\/revisions\/5748"}],"up":[{"embeddable":true,"href":"https:\/\/webtest.dancas2479.com\/ca\/wp-json\/wp\/v2\/pages\/5395"}],"wp:attachment":[{"href":"https:\/\/webtest.dancas2479.com\/ca\/wp-json\/wp\/v2\/media?parent=3481"}],"curies":[{"name":"wp","href":"https:\/\/api.w.org\/{rel}","templated":true}]}}