{"id":3478,"date":"2016-04-14T13:27:34","date_gmt":"2016-04-14T13:27:34","guid":{"rendered":"http:\/\/qrjlkwq.cluster030.hosting.ovh.net\/ca\/portfolio\/trabajos-excepcionales\/"},"modified":"2016-11-17T15:55:22","modified_gmt":"2016-11-17T15:55:22","slug":"altar-major-cadaques","status":"publish","type":"page","link":"https:\/\/webtest.dancas2479.com\/ca\/galeria\/trabajos-excepcionales-2\/altar-major-cadaques\/","title":{"rendered":"Altar major de Cadaqu\u00e9s"},"content":{"rendered":"[vc_row][vc_column][vc_column_text]LLIBRE DE L'ALTAR MAJOR DE CADAQU\u00c9S<\/p>\n<p style=\"text-align: justify;\">Pel que fa a l\u2019art religi\u00f3s tenim un clar exemple en l\u2019esgl\u00e9sia barroca de Cadaqu\u00e9s, considerada la m\u00e9s important de Catalunya pel seu altar major i altars laterals. Al seu altar major hi ha tres escultures d\u2019\u00e0ngels de Josep M Mart\u00ed realitzades en els anys 90, en els seus inicis, encarregades per Moss\u00e8n Xavier Ferrer.<\/p>\n<p style=\"text-align: justify;\">Tamb\u00e9 per aquelles \u00e8poques va ser encarregat dels relleus de la vida de Sant Pere, com es pot observar a les fotos del llibre de l\u2019altar de Cadaqu\u00e9s. Tamb\u00e9 es poden veure fotos del proc\u00e9s de treball de talla i policromia. Tamb\u00e9 s\u2019han realitzat pels altres altars laterals el relleu de la vida de Sant Antoni, per\u00f2 no consten en el llibre, es poden veure en el temple.<\/p>\n[\/vc_column_text][\/vc_column][\/vc_row][vc_row][vc_column][vc_masonry_media_grid element_width=\"3\" gap=\"10\" grid_id=\"vc_gid:1478860342165-02d4c542-a482-9\" include=\"2389,2390,2391,2403,2402,2401,2404,2400,2399,2398,2397,2396,2395,2394,2393,2392\"][\/vc_column][\/vc_row]\n","protected":false},"excerpt":{"rendered":"[vc_row][vc_column][vc_column_text]LLIBRE DE L'ALTAR MAJOR DE CADAQU\u00c9S Pel que fa a l\u2019art religi\u00f3s tenim un clar exemple en l\u2019esgl\u00e9sia barroca de Cadaqu\u00e9s, considerada la m\u00e9s important de Catalunya pel seu altar major i altars laterals. Al seu altar major hi ha tres escultures d\u2019\u00e0ngels de Josep M Mart\u00ed realitzades en els anys 90, en els seus inicis, encarregades per Moss\u00e8n Xavier&nbsp;<a href=\"https:\/\/webtest.dancas2479.com\/ca\/galeria\/trabajos-excepcionales-2\/altar-major-cadaques\/\" class=\"read-more\">Continue Reading<\/a>","protected":false},"author":2,"featured_media":0,"parent":5563,"menu_order":0,"comment_status":"closed","ping_status":"closed","template":"page-fullwidth.php","meta":{"footnotes":""},"class_list":["post-3478","page","type-page","status-publish","hentry"],"_links":{"self":[{"href":"https:\/\/webtest.dancas2479.com\/ca\/wp-json\/wp\/v2\/pages\/3478"}],"collection":[{"href":"https:\/\/webtest.dancas2479.com\/ca\/wp-json\/wp\/v2\/pages"}],"about":[{"href":"https:\/\/webtest.dancas2479.com\/ca\/wp-json\/wp\/v2\/types\/page"}],"author":[{"embeddable":true,"href":"https:\/\/webtest.dancas2479.com\/ca\/wp-json\/wp\/v2\/users\/2"}],"replies":[{"embeddable":true,"href":"https:\/\/webtest.dancas2479.com\/ca\/wp-json\/wp\/v2\/comments?post=3478"}],"version-history":[{"count":11,"href":"https:\/\/webtest.dancas2479.com\/ca\/wp-json\/wp\/v2\/pages\/3478\/revisions"}],"predecessor-version":[{"id":5752,"href":"https:\/\/webtest.dancas2479.com\/ca\/wp-json\/wp\/v2\/pages\/3478\/revisions\/5752"}],"up":[{"embeddable":true,"href":"https:\/\/webtest.dancas2479.com\/ca\/wp-json\/wp\/v2\/pages\/5563"}],"wp:attachment":[{"href":"https:\/\/webtest.dancas2479.com\/ca\/wp-json\/wp\/v2\/media?parent=3478"}],"curies":[{"name":"wp","href":"https:\/\/api.w.org\/{rel}","templated":true}]}}