{"id":3475,"date":"2016-04-28T19:05:48","date_gmt":"2016-04-28T19:05:48","guid":{"rendered":"http:\/\/qrjlkwq.cluster030.hosting.ovh.net\/ca\/portfolio\/retablos\/"},"modified":"2016-11-17T11:19:23","modified_gmt":"2016-11-17T11:19:23","slug":"retablos","status":"publish","type":"page","link":"https:\/\/webtest.dancas2479.com\/ca\/galeria\/retablos\/","title":{"rendered":"Retaules"},"content":{"rendered":"[vc_row][vc_column][vc_column_text]\n<p style=\"text-align: justify;\">L\u2019art de la pintura sobre fusta \u00e9s un estil molt decoratiu i adequat per a les cases amb estil tant r\u00fastic com modern. Estem preparats en q\u00fcesti\u00f3 d\u2019informaci\u00f3 per a poder realitzar peces rom\u00e0niques, g\u00f2tiques internacionals i aix\u00ed gaudir dels espais creats segons l\u2019entorn.<\/p>\n<p style=\"text-align: justify;\">Des de molt jove (m\u00e9s o menys 12\/13 anys), en Josep M. ja guanyava concursos de dibuix i pintura a Palam\u00f3s, on viu, localitat que est\u00e0 situada a la Costa Brava (Girona). Tamb\u00e9 feia grafits de gran escala, decorava discoteques i bars musicals de Platja d\u2019Aro i a partir dels 15 anys ja va comen\u00e7ar a interessar-se per l\u2019art del retaule (pintura sobre fusta) adquirint llibres cl\u00e0ssics per a poder millorar la seva t\u00e8cnica (autodid\u00e0ctica)<\/p>\n<p style=\"text-align: justify;\">En aquesta secci\u00f3 es poden anar veient tot un seguit de peces que ha fet al llarg de molts anys. Els m\u00e9s famosos inspirats en el patrimoni Nacional de Catalunya. Es pot fer qualsevol pe\u00e7a que el client vulgui. Mostrant una foto o un dibuix el mestre ho plasma a la taula. Tamb\u00e9 hi ha la possibilitat de fer murals decoratius a gran escala, sostres, parets, salons, etc.<\/p>\n[\/vc_column_text][vc_column_text]<strong>A continuaci\u00f3 podeu veure una selecci\u00f3 de fotografies dels\u00a0treballs\u00a0realitzats<\/strong>[\/vc_column_text][\/vc_column][\/vc_row][vc_row][vc_column][vc_masonry_media_grid element_width=\"2\" gap=\"10\" grid_id=\"vc_gid:1479381370062-770faae5-373f-0\" include=\"4002,4003,4004,4005,4006,4007,4008,4009,4010,4011,4012,4013,4014,4015,4016,4017,4018,4019,4020,4021,4022,4023,4024,4025,4026,4027,4028,4029,4030,4031,4032,4033,4034,4035,4036,4037,4038,4039,4040,4041,4042,4043,4044,4045,4046,4047,4048,4049,4050,4051,4052,4053,4054,4055,4056,4057,4058,4059,4060,4061,4062,4063,4064,4065,4066,4067,4068,4069,4070,4071,4072,4073,4074,4075,4076,4077,4078,4079,4080,4081,4082,4083,4084,4085,4086,4087,4088,4089,4090,4091,4092,4093,4094,4095,4096,4097,4098,4099,4100,4101,4102,4103,4104,4105,4106,4107,4108,4109,4110,4111,4112,4113,4114,4115,4116,4117,4118,4119,4120,4121,4122,4123,4124,4125,4126,4127,4128,4129,4130,4131,4132,4133,4134,4135,4136,4137,4138,4139,4140,4141,4142,4143,4144,4145,4146,4147,4148,4149,4150,4151,4152,4153,4154,4155,4156,4157,4158,4159,4160,4161,4162,4163,4164,4165,4166,4167,4168,4169,4170,4171,4172,4173,4174,4175,4176,4177,4178,4179,4180,4181,4182,4183,4184,4185,4186,4187,4188,4189,4190,4191,4192,4193,4194,4195,4196,4197,4198,4199,4200,4201,4202,4203,4204,4205,4206,4207,4208,4209,4210,4211,4212,4213,4214,4215,4216,4217,4218,4219,4220,4221,4222,4223,4224,4225,4226,4227,4228,4229,4230,4231,4232,4233,4234,4235,4236,4237,4238,4239,4240,4241,4242,4243,4244,4245,4246,4247,4248,4249,4250,4251,4252,4253,4254,4255,4256,4257,4258,4259,4260,4261\"][\/vc_column][\/vc_row]\n","protected":false},"excerpt":{"rendered":"[vc_row][vc_column][vc_column_text] L\u2019art de la pintura sobre fusta \u00e9s un estil molt decoratiu i adequat per a les cases amb estil tant r\u00fastic com modern. Estem preparats en q\u00fcesti\u00f3 d\u2019informaci\u00f3 per a poder realitzar peces rom\u00e0niques, g\u00f2tiques internacionals i aix\u00ed gaudir dels espais creats segons l\u2019entorn. Des de molt jove (m\u00e9s o menys 12\/13 anys), en Josep M. ja guanyava concursos&nbsp;<a href=\"https:\/\/webtest.dancas2479.com\/ca\/galeria\/retablos\/\" class=\"read-more\">Continue Reading<\/a>","protected":false},"author":2,"featured_media":0,"parent":5395,"menu_order":0,"comment_status":"closed","ping_status":"closed","template":"page-fullwidth.php","meta":{"footnotes":""},"class_list":["post-3475","page","type-page","status-publish","hentry"],"_links":{"self":[{"href":"https:\/\/webtest.dancas2479.com\/ca\/wp-json\/wp\/v2\/pages\/3475"}],"collection":[{"href":"https:\/\/webtest.dancas2479.com\/ca\/wp-json\/wp\/v2\/pages"}],"about":[{"href":"https:\/\/webtest.dancas2479.com\/ca\/wp-json\/wp\/v2\/types\/page"}],"author":[{"embeddable":true,"href":"https:\/\/webtest.dancas2479.com\/ca\/wp-json\/wp\/v2\/users\/2"}],"replies":[{"embeddable":true,"href":"https:\/\/webtest.dancas2479.com\/ca\/wp-json\/wp\/v2\/comments?post=3475"}],"version-history":[{"count":13,"href":"https:\/\/webtest.dancas2479.com\/ca\/wp-json\/wp\/v2\/pages\/3475\/revisions"}],"predecessor-version":[{"id":5896,"href":"https:\/\/webtest.dancas2479.com\/ca\/wp-json\/wp\/v2\/pages\/3475\/revisions\/5896"}],"up":[{"embeddable":true,"href":"https:\/\/webtest.dancas2479.com\/ca\/wp-json\/wp\/v2\/pages\/5395"}],"wp:attachment":[{"href":"https:\/\/webtest.dancas2479.com\/ca\/wp-json\/wp\/v2\/media?parent=3475"}],"curies":[{"name":"wp","href":"https:\/\/api.w.org\/{rel}","templated":true}]}}