{"id":3472,"date":"2016-04-15T05:52:53","date_gmt":"2016-04-15T05:52:53","guid":{"rendered":"http:\/\/qrjlkwq.cluster030.hosting.ovh.net\/ca\/portfolio\/puertas\/"},"modified":"2016-11-17T11:02:25","modified_gmt":"2016-11-17T11:02:25","slug":"puertas","status":"publish","type":"page","link":"https:\/\/webtest.dancas2479.com\/ca\/galeria\/puertas\/","title":{"rendered":"Portes"},"content":{"rendered":"[vc_row][vc_column][vc_column_text]Les nostres portes s\u00f3n d\u2019estil antic per\u00f2 amb materials moderns. Es poden fabricar a mida i totalment a gust del client, mida, color, etc. Les portes grans exteriors es poden fabricar amb pany de seguretat, a\u00efllants de temperatura o clima i es realitzen amb fusta especial per a exterior. Els nostres models s\u00f3n peces \u00faniques i exclusives, s\u2019adapten en tot moment a les mesures que el client necessita, i es realitza un estudi previ per a poder treure el m\u00e0xim rendiment al model que el client adquireix. Tot completament a mida, tant el color, com el material, el pany, la decoraci\u00f3,...<\/p>\n<p>Els podem posar talla, policromia, daurats, marqueteria i un llarg etc. de detalls o es pot fer la pe\u00e7a molt b\u00e0sica i r\u00fastica, sempre amb acabats especials tant d\u2019exterior com d\u2019interior, envernissats, encerats, vern\u00eds a canell, etc. Pel que fa a les portes exteriors s\u00f3n sempre amb vern\u00eds d\u2019alta durabilitat i ferradures de tres punts de seguretat.[\/vc_column_text][vc_column_text]<strong>A continuaci\u00f3 podeu veure una selecci\u00f3 de fotograf\u00edes dels treballs\u00a0realizats<\/strong>[\/vc_column_text][\/vc_column][\/vc_row][vc_row][vc_column][vc_masonry_media_grid element_width=\"2\" gap=\"10\" grid_id=\"vc_gid:1478859801788-048ce6eb-a37a-5\" include=\"4601,4602,4603,4604,4605,4606,4607,4608,4609,4610,4611,4612,4613,4614,4615,4616,4617,4618,4619,4620,4621,4622,4623,4624,4625,4626,4627,4628,4629,4630,4631,4632,4633,4634,4635,4636,4637,4638,4639,4640,4641,4642,4643,4644,4645,4646,4647,4648,4649,4650,4651,4652,4653,4654,4655,4656,4657,4658,4659,4660,4661,4662,4663,4664,4665,4666,4667,4668,4669,4670,4671,4672,4673,4674,4675,4676,4677,4678,4679,4680,4681,4682,4683,4684,4685,4686,4687,4688,4689,4690,4691,4692,4693,4694,4695,4696,4697,4698,4699,4700,4701,4702,4703,4704,4705,4706,4707,4708,4709,4710,4711,4712,4713,4714,4715,4716,4717,4718,4719,4720,4721,4722,4723,4724,4725,4726,4727,4728,4729,4730,4731,4732,4733,4734,4735,4736,4737,4738,4739,4740,4741,4742,4743,4744,4745,4746,4747,4748,4749,4750,4751,4752,4753,4754,4755,4756,4757,4758,4759,4760,4761,4762,4763,4764,4765,4766,4767,4768,4769,4770,4771,4772,4773,4774,4775,4776,4777,4778,4779,4780,4781,4782,4783,4784,4785,4786,4787,4788,4789,4790,4791,4792,4793,4794,4795,4796,4797,4798,4799,4800,4801,4802,4803,4804,4805,4806,4807,4808,4809,4810,4811,4812,4813,4814,4815,4816,4817,4818,4819,4820,4821,4822,4823,4824,4825,4826,4827,4828,4829,4830,4831,4832,4833,4834,4835,4836,4837,4838,4839,4840,4841,4842,4843,4844,4845,4846,4847,4848,4849,4850,4851,4852,4853,4854,4855,4856,4857,4858,4859,4860,4861,4862,4863,4864,4865,4866,4867,4868,4869,4870,4871,4872,4873,4874,4875,4876,4877,4878,4879,4880,4881,4882,4883,4884,4885,4886,4887,4888,4889,4890,4891\"][\/vc_column][\/vc_row]\n","protected":false},"excerpt":{"rendered":"[vc_row][vc_column][vc_column_text]Les nostres portes s\u00f3n d\u2019estil antic per\u00f2 amb materials moderns. Es poden fabricar a mida i totalment a gust del client, mida, color, etc. Les portes grans exteriors es poden fabricar amb pany de seguretat, a\u00efllants de temperatura o clima i es realitzen amb fusta especial per a exterior. Els nostres models s\u00f3n peces \u00faniques i exclusives, s\u2019adapten en tot&nbsp;<a href=\"https:\/\/webtest.dancas2479.com\/ca\/galeria\/puertas\/\" class=\"read-more\">Continue Reading<\/a>","protected":false},"author":2,"featured_media":0,"parent":5395,"menu_order":0,"comment_status":"closed","ping_status":"closed","template":"page-fullwidth.php","meta":{"footnotes":""},"class_list":["post-3472","page","type-page","status-publish","hentry"],"_links":{"self":[{"href":"https:\/\/webtest.dancas2479.com\/ca\/wp-json\/wp\/v2\/pages\/3472"}],"collection":[{"href":"https:\/\/webtest.dancas2479.com\/ca\/wp-json\/wp\/v2\/pages"}],"about":[{"href":"https:\/\/webtest.dancas2479.com\/ca\/wp-json\/wp\/v2\/types\/page"}],"author":[{"embeddable":true,"href":"https:\/\/webtest.dancas2479.com\/ca\/wp-json\/wp\/v2\/users\/2"}],"replies":[{"embeddable":true,"href":"https:\/\/webtest.dancas2479.com\/ca\/wp-json\/wp\/v2\/comments?post=3472"}],"version-history":[{"count":9,"href":"https:\/\/webtest.dancas2479.com\/ca\/wp-json\/wp\/v2\/pages\/3472\/revisions"}],"predecessor-version":[{"id":5747,"href":"https:\/\/webtest.dancas2479.com\/ca\/wp-json\/wp\/v2\/pages\/3472\/revisions\/5747"}],"up":[{"embeddable":true,"href":"https:\/\/webtest.dancas2479.com\/ca\/wp-json\/wp\/v2\/pages\/5395"}],"wp:attachment":[{"href":"https:\/\/webtest.dancas2479.com\/ca\/wp-json\/wp\/v2\/media?parent=3472"}],"curies":[{"name":"wp","href":"https:\/\/api.w.org\/{rel}","templated":true}]}}