{"id":3469,"date":"2016-04-26T11:09:43","date_gmt":"2016-04-26T11:09:43","guid":{"rendered":"http:\/\/qrjlkwq.cluster030.hosting.ovh.net\/ca\/portfolio\/muebles\/"},"modified":"2016-11-17T10:09:07","modified_gmt":"2016-11-17T10:09:07","slug":"muebles","status":"publish","type":"page","link":"https:\/\/webtest.dancas2479.com\/ca\/galeria\/muebles\/","title":{"rendered":"Mobles"},"content":{"rendered":"[vc_row][vc_column][vc_column_text]\n<p style=\"text-align: justify;\">Es poden fer totalment a gust del client, mida, color, distribuci\u00f3 d\u2019interiors, paret,...els podem afegir talla, policromia, daurats, acabats especials. Sempre es fa un estudi previ per a poder treure el m\u00e0xim profit a la pe\u00e7a.<\/p>\n<p style=\"text-align: justify;\">Tenim una infinitat de varietat: r\u00fastics, tallats, amb daurats. Des d\u2019una taula r\u00fastica espanyola fins a una gran oferta en llits barrocs policromats passant per taules de menjador amb sobres de 10cm. de gruix, mobles de televisi\u00f3, bancs r\u00fastics....s\u00f3n peces a la mida i el gust del client. Fem cuines r\u00fastiques, tauletes de nit, armaris amb el disseny dels interiors a gust del client, policromats, amb talla, r\u00fastics. Tot amb un dibuix previ per a poder estudiar b\u00e9 la pe\u00e7a.<\/p>\n<p style=\"text-align: justify;\">Podem fer un estudi basant-nos en els models de l\u2019exposici\u00f3 o en una fotografia o un dibuix que ens mostrin. Tamb\u00e9 podem fer unes mostres d\u2019acabat per tal de veure m\u00e9s clar com ser\u00e0 el resultat final. Realitzem el disseny i el pressupost sense comprom\u00eds.<\/p>\n[\/vc_column_text][\/vc_column][\/vc_row][vc_row equal_height=\"yes\"][vc_column width=\"1\/4\"][vc_column_text]\n<h1 style=\"text-align: center;\">LLITS<\/h1>\n[\/vc_column_text][vc_single_image image=\"4267\" img_size=\"full\" alignment=\"center\" style=\"vc_box_outline\" onclick=\"custom_link\" link=\"http:\/\/qrjlkwq.cluster030.hosting.ovh.net\/ca\/galeria\/muebles\/llits\/\"][\/vc_column][vc_column width=\"1\/4\"][vc_column_text]\n<h1 style=\"text-align: center;\">TAULES<\/h1>\n[\/vc_column_text][vc_single_image image=\"4268\" img_size=\"full\" alignment=\"center\" style=\"vc_box_outline\" onclick=\"custom_link\" link=\"http:\/\/qrjlkwq.cluster030.hosting.ovh.net\/ca\/galeria\/muebles\/mesas\/\"][\/vc_column][vc_column width=\"1\/4\"][vc_column_text]\n<h1 style=\"text-align: center;\">CADIRES<\/h1>\n[\/vc_column_text][vc_single_image image=\"4269\" img_size=\"full\" alignment=\"center\" style=\"vc_box_outline\" onclick=\"custom_link\" link=\"http:\/\/qrjlkwq.cluster030.hosting.ovh.net\/ca\/galeria\/muebles\/\/sillas\/\"][\/vc_column][vc_column width=\"1\/4\"][vc_column_text]\n<h1 style=\"text-align: center;\">ALTRES<\/h1>\n[\/vc_column_text][vc_single_image image=\"4270\" img_size=\"full\" alignment=\"center\" style=\"vc_box_outline\" onclick=\"custom_link\" link=\"http:\/\/qrjlkwq.cluster030.hosting.ovh.net\/ca\/galeria\/muebles\/otros-muebles\/\"][\/vc_column][\/vc_row]\n","protected":false},"excerpt":{"rendered":"[vc_row][vc_column][vc_column_text] Es poden fer totalment a gust del client, mida, color, distribuci\u00f3 d\u2019interiors, paret,...els podem afegir talla, policromia, daurats, acabats especials. Sempre es fa un estudi previ per a poder treure el m\u00e0xim profit a la pe\u00e7a. Tenim una infinitat de varietat: r\u00fastics, tallats, amb daurats. Des d\u2019una taula r\u00fastica espanyola fins a una gran oferta en llits barrocs policromats&nbsp;<a href=\"https:\/\/webtest.dancas2479.com\/ca\/galeria\/muebles\/\" class=\"read-more\">Continue Reading<\/a>","protected":false},"author":2,"featured_media":0,"parent":5395,"menu_order":0,"comment_status":"closed","ping_status":"closed","template":"page-fullwidth.php","meta":{"footnotes":""},"class_list":["post-3469","page","type-page","status-publish","hentry"],"_links":{"self":[{"href":"https:\/\/webtest.dancas2479.com\/ca\/wp-json\/wp\/v2\/pages\/3469"}],"collection":[{"href":"https:\/\/webtest.dancas2479.com\/ca\/wp-json\/wp\/v2\/pages"}],"about":[{"href":"https:\/\/webtest.dancas2479.com\/ca\/wp-json\/wp\/v2\/types\/page"}],"author":[{"embeddable":true,"href":"https:\/\/webtest.dancas2479.com\/ca\/wp-json\/wp\/v2\/users\/2"}],"replies":[{"embeddable":true,"href":"https:\/\/webtest.dancas2479.com\/ca\/wp-json\/wp\/v2\/comments?post=3469"}],"version-history":[{"count":15,"href":"https:\/\/webtest.dancas2479.com\/ca\/wp-json\/wp\/v2\/pages\/3469\/revisions"}],"predecessor-version":[{"id":5693,"href":"https:\/\/webtest.dancas2479.com\/ca\/wp-json\/wp\/v2\/pages\/3469\/revisions\/5693"}],"up":[{"embeddable":true,"href":"https:\/\/webtest.dancas2479.com\/ca\/wp-json\/wp\/v2\/pages\/5395"}],"wp:attachment":[{"href":"https:\/\/webtest.dancas2479.com\/ca\/wp-json\/wp\/v2\/media?parent=3469"}],"curies":[{"name":"wp","href":"https:\/\/api.w.org\/{rel}","templated":true}]}}