{"id":3466,"date":"2016-05-01T21:53:55","date_gmt":"2016-05-01T21:53:55","guid":{"rendered":"http:\/\/qrjlkwq.cluster030.hosting.ovh.net\/ca\/portfolio\/marmolinas\/"},"modified":"2016-11-17T08:50:13","modified_gmt":"2016-11-17T08:50:13","slug":"marmolinas","status":"publish","type":"page","link":"https:\/\/webtest.dancas2479.com\/ca\/galeria\/marmolinas\/","title":{"rendered":"Marmolines"},"content":{"rendered":"[vc_row][vc_column][vc_column_text]\n<p style=\"text-align: justify;\">Pel que fa a escultures de motlle tenim molts models a un preu molt econ\u00f2mic tan per a particulars, com per a professionals, o per a regals d\u2019empresa. Tot fet amb pols de marbre i escaiola, per\u00f2 aix\u00f2 si, policromat a m\u00e0 amb daurats en pa d\u2019or i acabat estil antic. S\u00f3n molt assequibles. Tamb\u00e9 es pot fer el model que el client vulgui, i despr\u00e9s fer un seguit perqu\u00e8 el preu sigui bo per a marxants, comerciants i decoradors.<\/p>\n<h3>FRAGMENTS POLICROMATS<\/h3>\n<p style=\"text-align: justify;\">Com definir-los? Aquestes peces estan inspirades en l\u2019art pobre, Na\u00eff o popular. S\u00f3n peces molt assequibles, completament pintades a m\u00e0 amb motius florals, animals, mitol\u00f2gics amb colors molts vistosos. Es poden fer de qualsevol mida, color i textura, no hi ha problema. Alguns tamb\u00e9 estan inspirats en la cer\u00e0mica catalana del S. XVIII, tenen molt de colorit i vistositat.<\/p>\n[\/vc_column_text][vc_column_text]<strong>A continuaci\u00f3 podeu veure una selecci\u00f3 de fotograf\u00edes dels treballs realitzats.<\/strong>[\/vc_column_text][\/vc_column][\/vc_row][vc_row][vc_column][vc_masonry_media_grid element_width=\"2\" gap=\"10\" grid_id=\"vc_gid:1478860182582-6395aacc-0237-6\" include=\"3400,3399,3398,3397,3396,3395,3394,3393,3392,3391,3390,3389,3388,3387,3386,3385,3384,3383,3382,3381,3380,3379,3378,3377,3376,3375,3374,3373,3372,3371,3370,3369,3368,3367,3366,3365,3364,3363,3362,3361,3360,3359,3358,3357,3356,3355,3354,3353,3352,3351,3350,3349,3348,3347,3346,3345,3344,3343,3342,3341,3340,3339,3338,3337,3336,3335,3334,3333,3332,3331,3330,3329,3328,3327,3326,3325,3324,3323,3322,3321,3320,3319,3318,3317,3316,3315,3314,3313,3312,3311,3310,3309,3308,3307,3306,3305,3304,3303,3302,3301,3300,3299,3298,3297,3296,3295,3294,3293,3292,3291,3290,3289,3288,3287,3286,3285,3284,3283,3282,3281,3280,3279,3278,3277,3276,3275,3274,3273,3272,3271,3270,3269,3268,3267,3266\"][\/vc_column][\/vc_row]\n","protected":false},"excerpt":{"rendered":"[vc_row][vc_column][vc_column_text] Pel que fa a escultures de motlle tenim molts models a un preu molt econ\u00f2mic tan per a particulars, com per a professionals, o per a regals d\u2019empresa. Tot fet amb pols de marbre i escaiola, per\u00f2 aix\u00f2 si, policromat a m\u00e0 amb daurats en pa d\u2019or i acabat estil antic. S\u00f3n molt assequibles. Tamb\u00e9 es pot fer el&nbsp;<a href=\"https:\/\/webtest.dancas2479.com\/ca\/galeria\/marmolinas\/\" class=\"read-more\">Continue Reading<\/a>","protected":false},"author":2,"featured_media":0,"parent":5395,"menu_order":0,"comment_status":"closed","ping_status":"closed","template":"page-fullwidth.php","meta":{"footnotes":""},"class_list":["post-3466","page","type-page","status-publish","hentry"],"_links":{"self":[{"href":"https:\/\/webtest.dancas2479.com\/ca\/wp-json\/wp\/v2\/pages\/3466"}],"collection":[{"href":"https:\/\/webtest.dancas2479.com\/ca\/wp-json\/wp\/v2\/pages"}],"about":[{"href":"https:\/\/webtest.dancas2479.com\/ca\/wp-json\/wp\/v2\/types\/page"}],"author":[{"embeddable":true,"href":"https:\/\/webtest.dancas2479.com\/ca\/wp-json\/wp\/v2\/users\/2"}],"replies":[{"embeddable":true,"href":"https:\/\/webtest.dancas2479.com\/ca\/wp-json\/wp\/v2\/comments?post=3466"}],"version-history":[{"count":15,"href":"https:\/\/webtest.dancas2479.com\/ca\/wp-json\/wp\/v2\/pages\/3466\/revisions"}],"predecessor-version":[{"id":5750,"href":"https:\/\/webtest.dancas2479.com\/ca\/wp-json\/wp\/v2\/pages\/3466\/revisions\/5750"}],"up":[{"embeddable":true,"href":"https:\/\/webtest.dancas2479.com\/ca\/wp-json\/wp\/v2\/pages\/5395"}],"wp:attachment":[{"href":"https:\/\/webtest.dancas2479.com\/ca\/wp-json\/wp\/v2\/media?parent=3466"}],"curies":[{"name":"wp","href":"https:\/\/api.w.org\/{rel}","templated":true}]}}