{"id":3463,"date":"2016-04-24T21:10:35","date_gmt":"2016-04-24T21:10:35","guid":{"rendered":"http:\/\/qrjlkwq.cluster030.hosting.ovh.net\/ca\/portfolio\/graffiti\/"},"modified":"2016-11-17T08:42:24","modified_gmt":"2016-11-17T08:42:24","slug":"graffiti","status":"publish","type":"page","link":"https:\/\/webtest.dancas2479.com\/ca\/galeria\/graffiti\/","title":{"rendered":"Graffiti"},"content":{"rendered":"[vc_row][vc_column][vc_column_text]Des de jove (14\/15 anys) Josep M. es va interessar pel m\u00f3n del graffiti, pintant a la Costa Brava murals en parets, sempre amb perm\u00eds, i guanyant premis en concursos. Va ser el pintor d\u2019algunes de les discoteques i clubs m\u00e9s coneguts de la costa per aix\u00f2 t\u00e9 aquesta habilitat amb els colors i els dibuixos. Aqu\u00ed tenim una petita mostra.[\/vc_column_text][\/vc_column][\/vc_row][vc_row][vc_column][vc_masonry_media_grid element_width=\"3\" gap=\"10\" grid_id=\"vc_gid:1478516329537-70b1cdaf-ddcb-0\" include=\"5062,5063,5064,5065,5066,5067,5068,5069,5070,5071,5072,5073,5074,5075,5076,5077,5078\"][\/vc_column][\/vc_row]\n","protected":false},"excerpt":{"rendered":"[vc_row][vc_column][vc_column_text]Des de jove (14\/15 anys) Josep M. es va interessar pel m\u00f3n del graffiti, pintant a la Costa Brava murals en parets, sempre amb perm\u00eds, i guanyant premis en concursos. Va ser el pintor d\u2019algunes de les discoteques i clubs m\u00e9s coneguts de la costa per aix\u00f2 t\u00e9 aquesta habilitat amb els colors i els dibuixos. Aqu\u00ed tenim una petita&nbsp;<a href=\"https:\/\/webtest.dancas2479.com\/ca\/galeria\/graffiti\/\" class=\"read-more\">Continue Reading<\/a>","protected":false},"author":2,"featured_media":0,"parent":5395,"menu_order":0,"comment_status":"closed","ping_status":"closed","template":"page-fullwidth.php","meta":{"footnotes":""},"class_list":["post-3463","page","type-page","status-publish","hentry"],"_links":{"self":[{"href":"https:\/\/webtest.dancas2479.com\/ca\/wp-json\/wp\/v2\/pages\/3463"}],"collection":[{"href":"https:\/\/webtest.dancas2479.com\/ca\/wp-json\/wp\/v2\/pages"}],"about":[{"href":"https:\/\/webtest.dancas2479.com\/ca\/wp-json\/wp\/v2\/types\/page"}],"author":[{"embeddable":true,"href":"https:\/\/webtest.dancas2479.com\/ca\/wp-json\/wp\/v2\/users\/2"}],"replies":[{"embeddable":true,"href":"https:\/\/webtest.dancas2479.com\/ca\/wp-json\/wp\/v2\/comments?post=3463"}],"version-history":[{"count":6,"href":"https:\/\/webtest.dancas2479.com\/ca\/wp-json\/wp\/v2\/pages\/3463\/revisions"}],"predecessor-version":[{"id":5400,"href":"https:\/\/webtest.dancas2479.com\/ca\/wp-json\/wp\/v2\/pages\/3463\/revisions\/5400"}],"up":[{"embeddable":true,"href":"https:\/\/webtest.dancas2479.com\/ca\/wp-json\/wp\/v2\/pages\/5395"}],"wp:attachment":[{"href":"https:\/\/webtest.dancas2479.com\/ca\/wp-json\/wp\/v2\/media?parent=3463"}],"curies":[{"name":"wp","href":"https:\/\/api.w.org\/{rel}","templated":true}]}}