{"id":3447,"date":"2011-09-14T09:45:02","date_gmt":"2011-09-14T09:45:02","guid":{"rendered":"http:\/\/qrjlkwq.cluster030.hosting.ovh.net\/ca\/home\/"},"modified":"2016-11-16T18:50:35","modified_gmt":"2016-11-16T18:50:35","slug":"home","status":"publish","type":"page","link":"https:\/\/webtest.dancas2479.com\/ca\/","title":{"rendered":"Inici"},"content":{"rendered":"<script type=\"text\/javascript\">\r\n          jQuery(function() {\r\n              jQuery(\"#fixedparallax_69d37bd42959f\").cherryFixedParallax({\r\n                offset: true,\r\n                bgfixed: true,\r\n                invert: true\r\n              });\r\n          });\r\n    <\/script><section id=\"fixedparallax_69d37bd42959f\" class=\"fixed_parallax_section cherry_fixed_parallax1\" data-source-url=\"https:\/\/webtest.dancas2479.com\/wp-content\/uploads\/2016\/03\/bg_cont2.jpg\" data-source-width=\"1880\" data-source-height=\"775\"><div class=\"container parallax_content\">\n<div class=\"row \">\n<div class=\"span12 \"><section class=\"lazy-load-box trigger effect-slideup \" data-delay=\"100\" data-speed=\"900\" style=\"-webkit-transition: all 900ms ease; -moz-transition: all 900ms ease; -ms-transition: all 900ms ease; -o-transition: all 900ms ease; transition: all 900ms ease;\">\n<div class=\"extra-wrap block_1\">\n<h3 style=\"text-align: center;\">Art Antic -\u00a0Josep M\u00aa Mart\u00ed<\/h3>\n<h3 style=\"text-align: center;\">La Bisbal d'Empord\u00e0<\/h3>\n<p style=\"text-align: justify;\">Art Antic, \u00e9s una empresa creada per l'artista i artes\u00e0\u00a0Josep M\u00aa Mart\u00ed,\u00a0per a poder oferir a totes aquelles persones interessades en el m\u00f3n de la decoraci\u00f3, l'oportunitat de poder crear un ambient exclusiu i especial a casa seva.<\/p>\n<p style=\"text-align: justify;\">\u201c<em>Aquesta p\u00e0gina web \u00e9s un resum dels meus treballs, des de l\u2019inici, als anys 90, fins a l\u2019actualitat. Trobareu una gran varietat de peces de diferents especialitats, espero que us agradi.<\/em>\u201d.\u00a0<strong>Josep M. Mart\u00ed<\/strong><\/p>\n<\/div>\n<\/section><\/div>\n<\/div><!-- .row (end) -->\n<\/div><\/section>\n<div class=\"content_box  \">\n<div class=\"row \">\n<div class=\"span12 \"><div class=\"extra-wrap top_line\">\n<\/div><\/div>\n<div class=\"span4 \"><section class=\"lazy-load-box trigger effect-slidefromleft \" data-delay=\"300\" data-speed=\"900\" style=\"-webkit-transition: all 900ms ease; -moz-transition: all 900ms ease; -ms-transition: all 900ms ease; -o-transition: all 900ms ease; transition: all 900ms ease;\">\n<div class=\"extra-wrap box_1\">\n<a href=\"http:\/\/qrjlkwq.cluster030.hosting.ovh.net\/ca\/embalajes\/\"><strong>Embalatges <\/strong><em>Els nostres embalatges s\u00f3n molt professionals, ja que som els principals\u00a0interessats que la pe\u00e7a arribi b\u00e9 al seu dest\u00ed.<\/em><\/a><br \/>\n<\/div>\n<\/section><\/div>\n<div class=\"span4 \"><section class=\"lazy-load-box trigger effect-slideup \" data-delay=\"200\" data-speed=\"900\" style=\"-webkit-transition: all 900ms ease; -moz-transition: all 900ms ease; -ms-transition: all 900ms ease; -o-transition: all 900ms ease; transition: all 900ms ease;\">\n<div class=\"extra-wrap box_2\">\n<a href=\"http:\/\/qrjlkwq.cluster030.hosting.ovh.net\/ca\/galeria\/\"><strong>Galeria\u00a0<\/strong><em>Mostra<\/em><em>\u00a0de les obres realitzades<\/em><\/a>\u00a0<em>Selecci\u00f3 de fotografies i videos<\/em><br \/>\n<\/div>\n<\/section><\/div>\n<div class=\"span4 \"><section class=\"lazy-load-box trigger effect-slidefromright \" data-delay=\"300\" data-speed=\"900\" style=\"-webkit-transition: all 900ms ease; -moz-transition: all 900ms ease; -ms-transition: all 900ms ease; -o-transition: all 900ms ease; transition: all 900ms ease;\">\n<div class=\"extra-wrap box_2\">\n<a href=\"#\"><strong>Professionals\u00a0<\/strong>Els \u00a0professionals, botigues, arquitectes, decoradors, comerciants en general, tenen descompte \u00a0professional en totes les peces i enc\u00e0rrecs a mida.<\/a><br \/>\n<\/div>\n<\/section><\/div>\n<\/div><!-- .row (end) -->\n<div class=\"clear\"><\/div><\/div><!-- .content_box (end) -->\n<div class=\"row bottom_line_corr\">\n<div class=\"span12 \"><div class=\"extra-wrap bottom_line\">\n<\/div><\/div>\n<\/div><!-- .row (end) -->\n<script type=\"text\/javascript\">\r\n          jQuery(function() {\r\n              jQuery(\"#fixedparallax_69d37bd4581a2\").cherryFixedParallax({\r\n                offset: true,\r\n                bgfixed: true,\r\n                invert: true\r\n              });\r\n          });\r\n    <\/script><section id=\"fixedparallax_69d37bd4581a2\" class=\"fixed_parallax_section cherry_fixed_parallax2\" data-source-url=\"https:\/\/webtest.dancas2479.com\/wp-content\/uploads\/2016\/03\/bg_cont2.jpg\" data-source-width=\"1880\" data-source-height=\"775\"><div class=\"container parallax_content\">\n<div class=\"row \">\n<div class=\"span12 \"><section class=\"lazy-load-box trigger effect-fade \" data-delay=\"400\" data-speed=\"1200\" style=\"-webkit-transition: all 1200ms ease; -moz-transition: all 1200ms ease; -ms-transition: all 1200ms ease; -o-transition: all 1200ms ease; transition: all 1200ms ease;\">\n<div class=\"extra-wrap block_2\">\n<h2 class=\"type_2\">Blog<\/h2>\n<\/div>\n<\/section>\n<section class=\"lazy-load-box trigger effect-zoomout \" data-delay=\"400\" data-speed=\"900\" style=\"-webkit-transition: all 900ms ease; -moz-transition: all 900ms ease; -ms-transition: all 900ms ease; -o-transition: all 900ms ease; transition: all 900ms ease;\">\n<ul class=\"posts-grid row-fluid unstyled news1 ul-item-0\"><li class=\"span6 list-item-1\"><figure class=\"featured-thumbnail thumbnail\"><a href=\"https:\/\/webtest.dancas2479.com\/wp-content\/uploads\/2024\/02\/INTERIORS-10.png\" title=\"Ara ART ANTIC estem a INTERIORS10\" rel=\"prettyPhoto-1354512610[gallery0]\"><img decoding=\"async\"  src=\"https:\/\/webtest.dancas2479.com\/wp-content\/uploads\/2024\/02\/INTERIORS-10.png\" alt=\"Ara ART ANTIC estem a INTERIORS10\" \/><span class=\"zoom-icon\"><\/span><\/a><\/figure><div class=\"clear\"><\/div><div class=\"cont\"><div class=\"box_01\"><h5><a href=\"https:\/\/webtest.dancas2479.com\/ca\/art-antic-ca\/ara-art-antic-estem-a-interiors10\/\" title=\"Ara ART ANTIC estem a INTERIORS10\">Ara ART ANTIC estem a INTERIORS10<\/a><\/h5><p class=\"excerpt\">Ara ART ANTIC - Restauraci\u00f3 i decoraci\u00f3 ha sigut afegit a la categoria Home Decor... <\/p><\/div><div class=\"box_02\"><div class=\"post_meta\"><span class=\"post_category\"><em>Posted in <\/em><a href=\"https:\/\/webtest.dancas2479.com\/ca\/category\/art-antic-ca\/\" title=\"art antic\">art antic<\/a> <\/span><span class=\"post_date\"><time datetime=\"2024-febr.-25T21:15:00\">25 febr. 2024<\/time><\/span><span class=\"post_author\"><em> by <\/em><a href=\"https:\/\/webtest.dancas2479.com\/ca\/author\/art-antic\/\">Art-antic<\/a><\/span><span class=\"post_comment\"><a href=\"https:\/\/webtest.dancas2479.com\/ca\/art-antic-ca\/ara-art-antic-estem-a-interiors10\/\" class=\"comments_link\">0 Comments<\/a><\/span><\/div><\/div><\/div><\/li><li class=\"span6 list-item-2\"><div class=\"clear\"><\/div><div class=\"cont\"><div class=\"box_01\"><h5><a href=\"https:\/\/webtest.dancas2479.com\/ca\/art-antic-ca\/san-jorge-realidad-y-simbolo\/\" title=\"SANT JORDI, REALITAT I S\u00cdMBOL\">SANT JORDI, REALITAT I S\u00cdMBOL<\/a><\/h5><p class=\"excerpt\">Sant Jordi \u00e9s el Patr\u00f3 de Catalunya. Per\u00f2 tamb\u00e9 ho \u00e9s d\u2019Arag\u00f3, d\u2019Anglaterra, de Gr\u00e8cia... <\/p><\/div><div class=\"box_02\"><div class=\"post_meta\"><span class=\"post_category\"><em>Posted in <\/em><a href=\"https:\/\/webtest.dancas2479.com\/ca\/category\/art-antic-ca\/\" title=\"art antic\">art antic<\/a> <\/span><span class=\"post_date\"><time datetime=\"2022-juny-03T23:24:30\">03 juny 2022<\/time><\/span><span class=\"post_author\"><em> by <\/em><a href=\"https:\/\/webtest.dancas2479.com\/ca\/author\/art-antic\/\">Art-antic<\/a><\/span><span class=\"post_comment\"><a href=\"https:\/\/webtest.dancas2479.com\/ca\/art-antic-ca\/san-jorge-realidad-y-simbolo\/\" class=\"comments_link\">0 Comments<\/a><\/span><\/div><\/div><\/div><\/li><\/ul><!-- .posts-grid (end) -->\n<\/section><\/div>\n<\/div><!-- .row (end) -->\n<\/div><\/section>\n<div class=\"content_box  \">\n<div class=\"row \"><\/div><!-- .row (end) -->\n<div class=\"span12 \"><\/div>\n<div class=\"extra-wrap top_line\">\n<\/div>\n<div class=\"extra-wrap block_3\">\n<section class=\"lazy-load-box trigger effect-fade \" data-delay=\"500\" data-speed=\"1200\" style=\"-webkit-transition: all 1200ms ease; -moz-transition: all 1200ms ease; -ms-transition: all 1200ms ease; -o-transition: all 1200ms ease; transition: all 1200ms ease;\">\n<h2>Obres realitzades<\/h2>\n<\/section>\n<\/div>\n<div class=\"content_box  \"><div class=\"clear\"><\/div><\/div><!-- .content_box (end) -->\n<a href=\"http:\/\/qrjlkwq.cluster030.hosting.ovh.net\/ca\/galeria\/retablos\/\"><img fetchpriority=\"high\" decoding=\"async\" class=\"alignleft wp-image-5611 size-medium\" title=\"Retaules\" src=\"http:\/\/qrjlkwq.cluster030.hosting.ovh.net\/wp-content\/uploads\/2016\/11\/gal-Retaules_cat-258x300.jpg\" width=\"258\" height=\"300\" srcset=\"https:\/\/webtest.dancas2479.com\/wp-content\/uploads\/2016\/11\/gal-Retaules_cat-258x300.jpg 258w, https:\/\/webtest.dancas2479.com\/wp-content\/uploads\/2016\/11\/gal-Retaules_cat.jpg 301w\" sizes=\"(max-width: 258px) 100vw, 258px\" \/><\/a><a href=\"http:\/\/qrjlkwq.cluster030.hosting.ovh.net\/ca\/galeria\/muebles\/\"><img decoding=\"async\" class=\"alignleft wp-image-5599 size-medium\" src=\"http:\/\/qrjlkwq.cluster030.hosting.ovh.net\/wp-content\/uploads\/2016\/11\/gal-Mobles_cat-258x300.jpg\" width=\"258\" height=\"300\" srcset=\"https:\/\/webtest.dancas2479.com\/wp-content\/uploads\/2016\/11\/gal-Mobles_cat-258x300.jpg 258w, https:\/\/webtest.dancas2479.com\/wp-content\/uploads\/2016\/11\/gal-Mobles_cat.jpg 301w\" sizes=\"(max-width: 258px) 100vw, 258px\" \/><\/a><a href=\"http:\/\/qrjlkwq.cluster030.hosting.ovh.net\/ca\/galeria\/esculturas-tallas\/\"><br \/>\n<\/a><a href=\"http:\/\/qrjlkwq.cluster030.hosting.ovh.net\/ca\/galeria\/esculturas-tallas\/\"><img decoding=\"async\" class=\"alignleft wp-image-5583 size-medium\" title=\"Escultures\/talles\" src=\"http:\/\/qrjlkwq.cluster030.hosting.ovh.net\/wp-content\/uploads\/2016\/11\/gal-Escultures_cat-258x300.jpg\" width=\"258\" height=\"300\" srcset=\"https:\/\/webtest.dancas2479.com\/wp-content\/uploads\/2016\/11\/gal-Escultures_cat-258x300.jpg 258w, https:\/\/webtest.dancas2479.com\/wp-content\/uploads\/2016\/11\/gal-Escultures_cat.jpg 301w\" sizes=\"(max-width: 258px) 100vw, 258px\" \/><\/a><a href=\"http:\/\/qrjlkwq.cluster030.hosting.ovh.net\/ca\/galeria\/puertas\/\"><img loading=\"lazy\" decoding=\"async\" class=\"alignleft wp-image-5603 size-medium\" title=\"Portes\" src=\"http:\/\/qrjlkwq.cluster030.hosting.ovh.net\/wp-content\/uploads\/2016\/11\/gal-Portes_cat-258x300.jpg\" width=\"258\" height=\"300\" srcset=\"https:\/\/webtest.dancas2479.com\/wp-content\/uploads\/2016\/11\/gal-Portes_cat-258x300.jpg 258w, https:\/\/webtest.dancas2479.com\/wp-content\/uploads\/2016\/11\/gal-Portes_cat.jpg 301w\" sizes=\"(max-width: 258px) 100vw, 258px\" \/><\/a><a href=\"http:\/\/qrjlkwq.cluster030.hosting.ovh.net\/ca\/galeria\/marmolinas\/\"><img loading=\"lazy\" decoding=\"async\" class=\"wp-image-5591 size-medium alignleft\" title=\"Marmolines\" src=\"http:\/\/qrjlkwq.cluster030.hosting.ovh.net\/wp-content\/uploads\/2016\/11\/gal-Marmolines_cat-258x300.jpg\" width=\"258\" height=\"300\" srcset=\"https:\/\/webtest.dancas2479.com\/wp-content\/uploads\/2016\/11\/gal-Marmolines_cat-258x300.jpg 258w, https:\/\/webtest.dancas2479.com\/wp-content\/uploads\/2016\/11\/gal-Marmolines_cat.jpg 301w\" sizes=\"(max-width: 258px) 100vw, 258px\" \/><\/a><a href=\"http:\/\/qrjlkwq.cluster030.hosting.ovh.net\/ca\/galeria\/espejos\/\"><br \/>\n<img loading=\"lazy\" decoding=\"async\" class=\"wp-image-5595 size-medium alignleft\" title=\"Miralls\" src=\"http:\/\/qrjlkwq.cluster030.hosting.ovh.net\/wp-content\/uploads\/2016\/11\/gal-Miralls_cat-258x300.jpg\" width=\"258\" height=\"300\" srcset=\"https:\/\/webtest.dancas2479.com\/wp-content\/uploads\/2016\/11\/gal-Miralls_cat-258x300.jpg 258w, https:\/\/webtest.dancas2479.com\/wp-content\/uploads\/2016\/11\/gal-Miralls_cat.jpg 301w\" sizes=\"(max-width: 258px) 100vw, 258px\" \/><\/a><a href=\"http:\/\/qrjlkwq.cluster030.hosting.ovh.net\/ca\/galeria\/trabajos-excepcionales\/\"><img loading=\"lazy\" decoding=\"async\" class=\"wp-image-5585 size-medium alignleft\" title=\"Treballs excepcionals\" src=\"http:\/\/qrjlkwq.cluster030.hosting.ovh.net\/wp-content\/uploads\/2016\/11\/gal-excepcional_cat-258x300.jpg\" width=\"258\" height=\"300\" srcset=\"https:\/\/webtest.dancas2479.com\/wp-content\/uploads\/2016\/11\/gal-excepcional_cat-258x300.jpg 258w, https:\/\/webtest.dancas2479.com\/wp-content\/uploads\/2016\/11\/gal-excepcional_cat.jpg 301w\" sizes=\"(max-width: 258px) 100vw, 258px\" \/><br \/>\n<\/a><a href=\"http:\/\/qrjlkwq.cluster030.hosting.ovh.net\/ca\/galeria\/graffiti\/\"><img loading=\"lazy\" decoding=\"async\" class=\"wp-image-5588 size-medium alignleft\" src=\"http:\/\/qrjlkwq.cluster030.hosting.ovh.net\/wp-content\/uploads\/2016\/11\/gal-Grafitti-258x300.jpg\" width=\"258\" height=\"300\" srcset=\"https:\/\/webtest.dancas2479.com\/wp-content\/uploads\/2016\/11\/gal-Grafitti-258x300.jpg 258w, https:\/\/webtest.dancas2479.com\/wp-content\/uploads\/2016\/11\/gal-Grafitti.jpg 301w\" sizes=\"(max-width: 258px) 100vw, 258px\" \/><\/a><br \/>\n<div class=\"clear\"><\/div><\/div><!-- .content_box (end) -->\n","protected":false},"excerpt":{"rendered":"Sant Jordi \u00e9s el Patr\u00f3 de Catalunya. Per\u00f2 tamb\u00e9 ho \u00e9s d\u2019Arag\u00f3, d\u2019Anglaterra, de Gr\u00e8cia i de Portugal, entre altres terres. Cavaller noble i valent ens el pinta la llegenda: m\u00e0rtir important dels primers segles del cristianisme, diu la tradici\u00f3. Res no sabem, hist\u00f2ricament, del cavaller Jordi: els historiadors no n\u2019han pogut trobar altre que les contalles que sobre ell&nbsp;<a href=\"https:\/\/webtest.dancas2479.com\/ca\/art-antic-ca\/san-jorge-realidad-y-simbolo\/\" class=\"read-more\">Continue Reading<\/a>","protected":false},"author":2,"featured_media":0,"parent":0,"menu_order":0,"comment_status":"open","ping_status":"closed","template":"page-home.php","meta":{"footnotes":""},"class_list":["post-3447","page","type-page","status-publish","hentry","cat-163-id"],"_links":{"self":[{"href":"https:\/\/webtest.dancas2479.com\/ca\/wp-json\/wp\/v2\/pages\/3447"}],"collection":[{"href":"https:\/\/webtest.dancas2479.com\/ca\/wp-json\/wp\/v2\/pages"}],"about":[{"href":"https:\/\/webtest.dancas2479.com\/ca\/wp-json\/wp\/v2\/types\/page"}],"author":[{"embeddable":true,"href":"https:\/\/webtest.dancas2479.com\/ca\/wp-json\/wp\/v2\/users\/2"}],"replies":[{"embeddable":true,"href":"https:\/\/webtest.dancas2479.com\/ca\/wp-json\/wp\/v2\/comments?post=3447"}],"version-history":[{"count":17,"href":"https:\/\/webtest.dancas2479.com\/ca\/wp-json\/wp\/v2\/pages\/3447\/revisions"}],"predecessor-version":[{"id":5840,"href":"https:\/\/webtest.dancas2479.com\/ca\/wp-json\/wp\/v2\/pages\/3447\/revisions\/5840"}],"wp:attachment":[{"href":"https:\/\/webtest.dancas2479.com\/ca\/wp-json\/wp\/v2\/media?parent=3447"}],"curies":[{"name":"wp","href":"https:\/\/api.w.org\/{rel}","templated":true}]}}