{"id":3444,"date":"2016-04-10T16:07:40","date_gmt":"2016-04-10T16:07:40","guid":{"rendered":"http:\/\/qrjlkwq.cluster030.hosting.ovh.net\/ca\/embalajes\/"},"modified":"2016-11-16T18:59:23","modified_gmt":"2016-11-16T18:59:23","slug":"embalajes","status":"publish","type":"page","link":"https:\/\/webtest.dancas2479.com\/ca\/embalajes\/","title":{"rendered":"Embalatges"},"content":{"rendered":"<div class=\"row \">\n<div class=\"span12 \"><div class=\"extra-wrap block_4\">\n<h2><\/h2>\n<div class=\"extra-wrap-inner \">\n<p>&nbsp;<\/p>\n<p style=\"text-align: justify;\">Els nostres embalatges s\u00f3n molt professionals, ja que som els principals\u00a0interessats \u00a0que la pe\u00e7a arribi b\u00e9 al seu dest\u00ed.<\/p>\n<p style=\"text-align: justify;\">Els embalatges s\u00f3n sempre en fusta amb cargols. La part interior de la pe\u00e7a est\u00e0 folrada amb pl\u00e0stic de bombolla, i farcit de pl\u00e0stic d'escuma per les friccions, per a donar una bona garantia al transport.<\/p>\n<p style=\"text-align: justify;\">Enviem des de Barcelona fins a New York, Par\u00eds, Alemanya, Jap\u00f3, etc...<\/p>\n<p>&nbsp;<\/p>\n<\/div>\n<\/div><\/div>\n<\/div><!-- .row (end) -->\n<div class=\"row bottom_line_corr\">\n<div class=\"span12 \"><div class=\"extra-wrap bottom_line\">\n<\/div><\/div>\n<\/div><!-- .row (end) -->\n<script type=\"text\/javascript\">\r\n          jQuery(function() {\r\n              jQuery(\"#fixedparallax_69d3928b32b20\").cherryFixedParallax({\r\n                offset: true,\r\n                bgfixed: true,\r\n                invert: true\r\n              });\r\n          });\r\n    <\/script><section id=\"fixedparallax_69d3928b32b20\" class=\"fixed_parallax_section cherry_fixed_parallax2\" data-source-url=\"https:\/\/webtest.dancas2479.com\/wp-content\/uploads\/2016\/03\/bg_cont2.jpg\" data-source-width=\"1880\" data-source-height=\"775\"><div class=\"container parallax_content\">\n<div class=\"row \">\n<div class=\"span12 \"><div class=\"extra-wrap block_2 corr_1\">\n<h3 class=\"type_2\">Embalatge cartell<\/h3>\n<\/div>\n<section class=\"lazy-load-box trigger effect-zoomin \" data-delay=\"400\" data-speed=\"900\" style=\"-webkit-transition: all 900ms ease; -moz-transition: all 900ms ease; -ms-transition: all 900ms ease; -o-transition: all 900ms ease; transition: all 900ms ease;\">\n\n\t\t<style type=\"text\/css\">\n\t\t\t#gallery-1 {\n\t\t\t\tmargin: auto;\n\t\t\t}\n\t\t\t#gallery-1 .gallery-item {\n\t\t\t\tfloat: left;\n\t\t\t\tmargin-top: 10px;\n\t\t\t\ttext-align: center;\n\t\t\t\twidth: 33%;\n\t\t\t}\n\t\t\t#gallery-1 img {\n\t\t\t\tborder: 2px solid #cfcfcf;\n\t\t\t}\n\t\t\t#gallery-1 .gallery-caption {\n\t\t\t\tmargin-left: 0;\n\t\t\t}\n\t\t\t\/* see gallery_shortcode() in wp-includes\/media.php *\/\n\t\t<\/style>\n\t\t<div id='gallery-1' class='gallery galleryid-6354 gallery-columns-3 gallery-size-medium'><dl class='gallery-item'>\n\t\t\t<dt class='gallery-icon portrait'>\n\t\t\t\t<img fetchpriority=\"high\" decoding=\"async\" width=\"225\" height=\"300\" src=\"https:\/\/webtest.dancas2479.com\/wp-content\/uploads\/2016\/04\/letrero-1-225x300.jpg\" class=\"attachment-medium size-medium\" alt=\"\" srcset=\"https:\/\/webtest.dancas2479.com\/wp-content\/uploads\/2016\/04\/letrero-1-225x300.jpg 225w, https:\/\/webtest.dancas2479.com\/wp-content\/uploads\/2016\/04\/letrero-1.jpg 500w\" sizes=\"(max-width: 225px) 100vw, 225px\" \/>\n\t\t\t<\/dt><\/dl><dl class='gallery-item'>\n\t\t\t<dt class='gallery-icon portrait'>\n\t\t\t\t<img decoding=\"async\" width=\"225\" height=\"300\" src=\"https:\/\/webtest.dancas2479.com\/wp-content\/uploads\/2016\/04\/letrero-2-225x300.jpg\" class=\"attachment-medium size-medium\" alt=\"\" srcset=\"https:\/\/webtest.dancas2479.com\/wp-content\/uploads\/2016\/04\/letrero-2-225x300.jpg 225w, https:\/\/webtest.dancas2479.com\/wp-content\/uploads\/2016\/04\/letrero-2.jpg 500w\" sizes=\"(max-width: 225px) 100vw, 225px\" \/>\n\t\t\t<\/dt><\/dl><dl class='gallery-item'>\n\t\t\t<dt class='gallery-icon landscape'>\n\t\t\t\t<img decoding=\"async\" width=\"300\" height=\"225\" src=\"https:\/\/webtest.dancas2479.com\/wp-content\/uploads\/2016\/04\/letrero-3-300x225.jpg\" class=\"attachment-medium size-medium\" alt=\"\" srcset=\"https:\/\/webtest.dancas2479.com\/wp-content\/uploads\/2016\/04\/letrero-3-300x225.jpg 300w, https:\/\/webtest.dancas2479.com\/wp-content\/uploads\/2016\/04\/letrero-3-200x150.jpg 200w, https:\/\/webtest.dancas2479.com\/wp-content\/uploads\/2016\/04\/letrero-3.jpg 500w\" sizes=\"(max-width: 300px) 100vw, 300px\" \/>\n\t\t\t<\/dt><\/dl><br style=\"clear: both\" \/>\n\t\t<\/div>\n\n<\/section><\/div>\n<\/div><!-- .row (end) -->\n<\/div><\/section>\n<div class=\"row \">\n<div class=\"span12 \"><\/div>\n<div class=\"extra-wrap top_line\">\n<\/div>\n<div class=\"extra-wrap block_5\">\n<h3><span style=\"color: #333333;\">Embalatge \u00e0ngels<\/span><\/h3>\n<\/div>\n<div class=\"row \"><\/div><!-- .row (end) -->\n\n\t\t<style type=\"text\/css\">\n\t\t\t#gallery-2 {\n\t\t\t\tmargin: auto;\n\t\t\t}\n\t\t\t#gallery-2 .gallery-item {\n\t\t\t\tfloat: left;\n\t\t\t\tmargin-top: 10px;\n\t\t\t\ttext-align: center;\n\t\t\t\twidth: 33%;\n\t\t\t}\n\t\t\t#gallery-2 img {\n\t\t\t\tborder: 2px solid #cfcfcf;\n\t\t\t}\n\t\t\t#gallery-2 .gallery-caption {\n\t\t\t\tmargin-left: 0;\n\t\t\t}\n\t\t\t\/* see gallery_shortcode() in wp-includes\/media.php *\/\n\t\t<\/style>\n\t\t<div id='gallery-2' class='gallery galleryid-6354 gallery-columns-3 gallery-size-medium'><dl class='gallery-item'>\n\t\t\t<dt class='gallery-icon landscape'>\n\t\t\t\t<img loading=\"lazy\" decoding=\"async\" width=\"300\" height=\"225\" src=\"https:\/\/webtest.dancas2479.com\/wp-content\/uploads\/2016\/04\/angelitos-1-300x225.jpg\" class=\"attachment-medium size-medium\" alt=\"\" srcset=\"https:\/\/webtest.dancas2479.com\/wp-content\/uploads\/2016\/04\/angelitos-1-300x225.jpg 300w, https:\/\/webtest.dancas2479.com\/wp-content\/uploads\/2016\/04\/angelitos-1-200x150.jpg 200w, https:\/\/webtest.dancas2479.com\/wp-content\/uploads\/2016\/04\/angelitos-1.jpg 500w\" sizes=\"(max-width: 300px) 100vw, 300px\" \/>\n\t\t\t<\/dt><\/dl><dl class='gallery-item'>\n\t\t\t<dt class='gallery-icon landscape'>\n\t\t\t\t<img loading=\"lazy\" decoding=\"async\" width=\"300\" height=\"225\" src=\"https:\/\/webtest.dancas2479.com\/wp-content\/uploads\/2016\/04\/angelitos-2-300x225.jpg\" class=\"attachment-medium size-medium\" alt=\"\" srcset=\"https:\/\/webtest.dancas2479.com\/wp-content\/uploads\/2016\/04\/angelitos-2-300x225.jpg 300w, https:\/\/webtest.dancas2479.com\/wp-content\/uploads\/2016\/04\/angelitos-2-200x150.jpg 200w, https:\/\/webtest.dancas2479.com\/wp-content\/uploads\/2016\/04\/angelitos-2.jpg 500w\" sizes=\"(max-width: 300px) 100vw, 300px\" \/>\n\t\t\t<\/dt><\/dl><dl class='gallery-item'>\n\t\t\t<dt class='gallery-icon landscape'>\n\t\t\t\t<img loading=\"lazy\" decoding=\"async\" width=\"300\" height=\"225\" src=\"https:\/\/webtest.dancas2479.com\/wp-content\/uploads\/2016\/04\/angelitos-3-300x225.jpg\" class=\"attachment-medium size-medium\" alt=\"\" srcset=\"https:\/\/webtest.dancas2479.com\/wp-content\/uploads\/2016\/04\/angelitos-3-300x225.jpg 300w, https:\/\/webtest.dancas2479.com\/wp-content\/uploads\/2016\/04\/angelitos-3-200x150.jpg 200w, https:\/\/webtest.dancas2479.com\/wp-content\/uploads\/2016\/04\/angelitos-3.jpg 500w\" sizes=\"(max-width: 300px) 100vw, 300px\" \/>\n\t\t\t<\/dt><\/dl><br style=\"clear: both\" \/><dl class='gallery-item'>\n\t\t\t<dt class='gallery-icon landscape'>\n\t\t\t\t<img loading=\"lazy\" decoding=\"async\" width=\"300\" height=\"225\" src=\"https:\/\/webtest.dancas2479.com\/wp-content\/uploads\/2016\/04\/angelitos-4-300x225.jpg\" class=\"attachment-medium size-medium\" alt=\"\" srcset=\"https:\/\/webtest.dancas2479.com\/wp-content\/uploads\/2016\/04\/angelitos-4-300x225.jpg 300w, https:\/\/webtest.dancas2479.com\/wp-content\/uploads\/2016\/04\/angelitos-4-200x150.jpg 200w, https:\/\/webtest.dancas2479.com\/wp-content\/uploads\/2016\/04\/angelitos-4.jpg 500w\" sizes=\"(max-width: 300px) 100vw, 300px\" \/>\n\t\t\t<\/dt><\/dl><dl class='gallery-item'>\n\t\t\t<dt class='gallery-icon landscape'>\n\t\t\t\t<img loading=\"lazy\" decoding=\"async\" width=\"300\" height=\"225\" src=\"https:\/\/webtest.dancas2479.com\/wp-content\/uploads\/2016\/04\/angelitos-5-300x225.jpg\" class=\"attachment-medium size-medium\" alt=\"\" srcset=\"https:\/\/webtest.dancas2479.com\/wp-content\/uploads\/2016\/04\/angelitos-5-300x225.jpg 300w, https:\/\/webtest.dancas2479.com\/wp-content\/uploads\/2016\/04\/angelitos-5-200x150.jpg 200w, https:\/\/webtest.dancas2479.com\/wp-content\/uploads\/2016\/04\/angelitos-5.jpg 500w\" sizes=\"(max-width: 300px) 100vw, 300px\" \/>\n\t\t\t<\/dt><\/dl><dl class='gallery-item'>\n\t\t\t<dt class='gallery-icon portrait'>\n\t\t\t\t<img loading=\"lazy\" decoding=\"async\" width=\"225\" height=\"300\" src=\"https:\/\/webtest.dancas2479.com\/wp-content\/uploads\/2016\/04\/angelitos-6-225x300.jpg\" class=\"attachment-medium size-medium\" alt=\"\" srcset=\"https:\/\/webtest.dancas2479.com\/wp-content\/uploads\/2016\/04\/angelitos-6-225x300.jpg 225w, https:\/\/webtest.dancas2479.com\/wp-content\/uploads\/2016\/04\/angelitos-6.jpg 500w\" sizes=\"(max-width: 225px) 100vw, 225px\" \/>\n\t\t\t<\/dt><\/dl><br style=\"clear: both\" \/>\n\t\t<\/div>\n\n<p>&nbsp;<\/p>\n<p>&nbsp;<\/p>\n<p>&nbsp;<\/p>\n<\/div><!-- .row (end) -->\n<p>&nbsp;<\/p>\n","protected":false},"excerpt":{"rendered":"&nbsp;","protected":false},"author":2,"featured_media":0,"parent":0,"menu_order":0,"comment_status":"closed","ping_status":"closed","template":"page-fullwidth.php","meta":{"footnotes":""},"class_list":["post-3444","page","type-page","status-publish","hentry"],"_links":{"self":[{"href":"https:\/\/webtest.dancas2479.com\/ca\/wp-json\/wp\/v2\/pages\/3444"}],"collection":[{"href":"https:\/\/webtest.dancas2479.com\/ca\/wp-json\/wp\/v2\/pages"}],"about":[{"href":"https:\/\/webtest.dancas2479.com\/ca\/wp-json\/wp\/v2\/types\/page"}],"author":[{"embeddable":true,"href":"https:\/\/webtest.dancas2479.com\/ca\/wp-json\/wp\/v2\/users\/2"}],"replies":[{"embeddable":true,"href":"https:\/\/webtest.dancas2479.com\/ca\/wp-json\/wp\/v2\/comments?post=3444"}],"version-history":[{"count":8,"href":"https:\/\/webtest.dancas2479.com\/ca\/wp-json\/wp\/v2\/pages\/3444\/revisions"}],"predecessor-version":[{"id":5252,"href":"https:\/\/webtest.dancas2479.com\/ca\/wp-json\/wp\/v2\/pages\/3444\/revisions\/5252"}],"wp:attachment":[{"href":"https:\/\/webtest.dancas2479.com\/ca\/wp-json\/wp\/v2\/media?parent=3444"}],"curies":[{"name":"wp","href":"https:\/\/api.w.org\/{rel}","templated":true}]}}